{"id":9,"date":"2013-08-07T15:29:25","date_gmt":"2013-08-07T19:29:25","guid":{"rendered":"https:\/\/ruraldentistry.ca\/?page_id=9"},"modified":"2014-09-08T22:58:44","modified_gmt":"2014-09-09T02:58:44","slug":"situation","status":"publish","type":"page","link":"https:\/\/ruraldentistry.ca\/fr\/situation\/","title":{"rendered":"Situation"},"content":{"rendered":"<h2>Les communaut\u00e9s rurales et la sant\u00e9 buccodentaire<\/h2>\n<div class=\"box\"><i>Les r\u00e9sidents ruraux ont tendance \u00e0 avoir des taux plus \u00e9lev\u00e9s de caries et de pertes de dents alors qu\u2019ils utilisent moins les services dentaires d&rsquo;urgence par rapport \u00e0 leurs homologues urbains.<\/i><\/div>\n<p>Malgr\u00e9 l\u2019importance de ce sujet, peu de donn\u00e9es sont pr\u00e9sentes en mati\u00e8re de sant\u00e9 buccodentaire et d&rsquo;acc\u00e8s aux services dentaires des communaut\u00e9s rurales. La documentation disponible \u00e0 partir du Canada et d&rsquo;autres pays d\u00e9velopp\u00e9s comparant les services de sant\u00e9 entre les zones rurales et urbaines sugg\u00e8re d&rsquo;importantes disparit\u00e9s en mati\u00e8re de sant\u00e9 buccodentaire\u00a0 (<span class=\"label\"><a class=\"reference\" title=\"References list\" href=\"https:\/\/ruraldentistry.ca\/fr\/outils\/liste-references\/#health-canada-2000\">Health Canada, 2000<\/a><\/span><span class=\"label\">;\u00a0<a class=\"reference\" title=\"References list\" href=\"https:\/\/ruraldentistry.ca\/fr\/outils\/liste-references\/#sekiguchi-e-et-al-2005\"><span class=\"label\">Sekiguchi E et al., 2005<\/span><\/a><\/span>).<\/p>\n<p>En comparaison avec les populations urbaines, les taux d&rsquo;\u00e9dentation compl\u00e8te chez les adultes, et de caries dentaires non trait\u00e9es chez les enfants sont plus \u00e9lev\u00e9s chez les groupes provenant de communaut\u00e9s rurales. Les mauvaises habitudes alimentaires, les difficult\u00e9s d&rsquo;acc\u00e8s et d&rsquo;utilisation des services de soins dentaires, la couverture d&rsquo;assurance insuffisante et l&rsquo;isolement peuvent tous \u00eatre identifi\u00e9s comme des raisons de mauvais \u00e9tat de sant\u00e9 buccodentaire chez les populations rurales\u00a0(<span class=\"label\"><a class=\"reference\" title=\"References list\" href=\"https:\/\/ruraldentistry.ca\/fr\/outils\/liste-references\/#walter-mh-et-al-2007\">Walter MH et al., 2007<\/a>;<\/span>\u00a0<a class=\"reference\" title=\"References list\" href=\"https:\/\/ruraldentistry.ca\/fr\/outils\/liste-references\/#vargas-cm-et-al-2003-134\">Vargas C.M et al., 2003;134<\/a>;<a class=\"reference\" title=\"References list\" href=\"https:\/\/ruraldentistry.ca\/fr\/outils\/liste-references\/#vargas-cm-et-al-2003-19\">Vargas C.M et al., 2003;19<\/a>).<\/p>\n<div class=\"box-with-title\">\n<h2>Le d\u00e9fi d\u2019acc\u00e8s aux services de sant\u00e9 buccodentaire chez\u00a0les populations rurales et \u00e9loign\u00e9es<\/h2>\n<ul>\n<li><i>Disponibilit\u00e9 limit\u00e9e de la main-d\u2019\u0153uvre dentaire;<\/i><\/li>\n<li><i>Longs voyages et transport public limit\u00e9<\/i><\/li>\n<li><i>Co\u00fbt d\u2019acc\u00e8s aux services de sant\u00e9 urbains\u00a0<em>\u00e9lev\u00e9<\/em><\/i><\/li>\n<li><em>Moyens de communication et technologie limit\u00e9e pour les services de sant\u00e9<\/em><\/li>\n<\/ul>\n<\/div>\n","protected":false},"excerpt":{"rendered":"<p>Les communaut\u00e9s rurales et la sant\u00e9 buccodentaire Les r\u00e9sidents ruraux ont tendance \u00e0 avoir des taux plus \u00e9lev\u00e9s de caries et de pertes de dents alors qu\u2019ils utilisent moins les services dentaires d&rsquo;urgence par rapport \u00e0 leurs homologues urbains. Malgr\u00e9 l\u2019importance de ce sujet, peu de donn\u00e9es sont pr\u00e9sentes en mati\u00e8re de sant\u00e9 buccodentaire et [&hellip;]<\/p>\n","protected":false},"author":1,"featured_media":0,"parent":0,"menu_order":0,"comment_status":"closed","ping_status":"closed","template":"","meta":{"ngg_post_thumbnail":0,"footnotes":""},"yoast_head":"<!-- This site is optimized with the Yoast SEO plugin v20.8 - https:\/\/yoast.com\/wordpress\/plugins\/seo\/ -->\n<title>Situation - Dentisterie en milieu rural<\/title>\n<meta name=\"robots\" content=\"index, follow, max-snippet:-1, max-image-preview:large, max-video-preview:-1\" \/>\n<link rel=\"canonical\" href=\"https:\/\/ruraldentistry.ca\/fr\/situation\/\" \/>\n<meta property=\"og:locale\" content=\"fr_FR\" \/>\n<meta property=\"og:type\" content=\"article\" \/>\n<meta property=\"og:title\" content=\"Situation - Dentisterie en milieu rural\" \/>\n<meta property=\"og:description\" content=\"Les communaut\u00e9s rurales et la sant\u00e9 buccodentaire Les r\u00e9sidents ruraux ont tendance \u00e0 avoir des taux plus \u00e9lev\u00e9s de caries et de pertes de dents alors qu\u2019ils utilisent moins les services dentaires d&rsquo;urgence par rapport \u00e0 leurs homologues urbains. Malgr\u00e9 l\u2019importance de ce sujet, peu de donn\u00e9es sont pr\u00e9sentes en mati\u00e8re de sant\u00e9 buccodentaire et [&hellip;]\" \/>\n<meta property=\"og:url\" content=\"https:\/\/ruraldentistry.ca\/fr\/situation\/\" \/>\n<meta property=\"og:site_name\" content=\"Dentisterie en milieu rural\" \/>\n<meta property=\"article:modified_time\" content=\"2014-09-09T02:58:44+00:00\" \/>\n<meta name=\"twitter:label1\" content=\"Est. reading time\" \/>\n\t<meta name=\"twitter:data1\" content=\"1 minute\" \/>\n<script type=\"application\/ld+json\" class=\"yoast-schema-graph\">{\"@context\":\"https:\/\/schema.org\",\"@graph\":[{\"@type\":\"WebPage\",\"@id\":\"https:\/\/ruraldentistry.ca\/fr\/situation\/\",\"url\":\"https:\/\/ruraldentistry.ca\/fr\/situation\/\",\"name\":\"Situation - Dentisterie en milieu rural\",\"isPartOf\":{\"@id\":\"https:\/\/ruraldentistry.ca\/#website\"},\"datePublished\":\"2013-08-07T19:29:25+00:00\",\"dateModified\":\"2014-09-09T02:58:44+00:00\",\"breadcrumb\":{\"@id\":\"https:\/\/ruraldentistry.ca\/fr\/situation\/#breadcrumb\"},\"inLanguage\":\"fr-FR\",\"potentialAction\":[{\"@type\":\"ReadAction\",\"target\":[\"https:\/\/ruraldentistry.ca\/fr\/situation\/\"]}]},{\"@type\":\"BreadcrumbList\",\"@id\":\"https:\/\/ruraldentistry.ca\/fr\/situation\/#breadcrumb\",\"itemListElement\":[{\"@type\":\"ListItem\",\"position\":1,\"name\":\"Accueil\",\"item\":\"https:\/\/ruraldentistry.ca\/fr\/\"},{\"@type\":\"ListItem\",\"position\":2,\"name\":\"Situation\"}]},{\"@type\":\"WebSite\",\"@id\":\"https:\/\/ruraldentistry.ca\/#website\",\"url\":\"https:\/\/ruraldentistry.ca\/\",\"name\":\"Dentisterie en milieu rural\",\"description\":\"Dentisterie en millieu rural et \u00e9loign\u00e9\",\"potentialAction\":[{\"@type\":\"SearchAction\",\"target\":{\"@type\":\"EntryPoint\",\"urlTemplate\":\"https:\/\/ruraldentistry.ca\/?s={search_term_string}\"},\"query-input\":\"required name=search_term_string\"}],\"inLanguage\":\"fr-FR\"}]}<\/script>\n<!-- \/ Yoast SEO plugin. -->","yoast_head_json":{"title":"Situation - Dentisterie en milieu rural","robots":{"index":"index","follow":"follow","max-snippet":"max-snippet:-1","max-image-preview":"max-image-preview:large","max-video-preview":"max-video-preview:-1"},"canonical":"https:\/\/ruraldentistry.ca\/fr\/situation\/","og_locale":"fr_FR","og_type":"article","og_title":"Situation - Dentisterie en milieu rural","og_description":"Les communaut\u00e9s rurales et la sant\u00e9 buccodentaire Les r\u00e9sidents ruraux ont tendance \u00e0 avoir des taux plus \u00e9lev\u00e9s de caries et de pertes de dents alors qu\u2019ils utilisent moins les services dentaires d&rsquo;urgence par rapport \u00e0 leurs homologues urbains. Malgr\u00e9 l\u2019importance de ce sujet, peu de donn\u00e9es sont pr\u00e9sentes en mati\u00e8re de sant\u00e9 buccodentaire et [&hellip;]","og_url":"https:\/\/ruraldentistry.ca\/fr\/situation\/","og_site_name":"Dentisterie en milieu rural","article_modified_time":"2014-09-09T02:58:44+00:00","twitter_misc":{"Est. reading time":"1 minute"},"schema":{"@context":"https:\/\/schema.org","@graph":[{"@type":"WebPage","@id":"https:\/\/ruraldentistry.ca\/fr\/situation\/","url":"https:\/\/ruraldentistry.ca\/fr\/situation\/","name":"Situation - Dentisterie en milieu rural","isPartOf":{"@id":"https:\/\/ruraldentistry.ca\/#website"},"datePublished":"2013-08-07T19:29:25+00:00","dateModified":"2014-09-09T02:58:44+00:00","breadcrumb":{"@id":"https:\/\/ruraldentistry.ca\/fr\/situation\/#breadcrumb"},"inLanguage":"fr-FR","potentialAction":[{"@type":"ReadAction","target":["https:\/\/ruraldentistry.ca\/fr\/situation\/"]}]},{"@type":"BreadcrumbList","@id":"https:\/\/ruraldentistry.ca\/fr\/situation\/#breadcrumb","itemListElement":[{"@type":"ListItem","position":1,"name":"Accueil","item":"https:\/\/ruraldentistry.ca\/fr\/"},{"@type":"ListItem","position":2,"name":"Situation"}]},{"@type":"WebSite","@id":"https:\/\/ruraldentistry.ca\/#website","url":"https:\/\/ruraldentistry.ca\/","name":"Dentisterie en milieu rural","description":"Dentisterie en millieu rural et \u00e9loign\u00e9","potentialAction":[{"@type":"SearchAction","target":{"@type":"EntryPoint","urlTemplate":"https:\/\/ruraldentistry.ca\/?s={search_term_string}"},"query-input":"required name=search_term_string"}],"inLanguage":"fr-FR"}]}},"_links":{"self":[{"href":"https:\/\/ruraldentistry.ca\/fr\/wp-json\/wp\/v2\/pages\/9"}],"collection":[{"href":"https:\/\/ruraldentistry.ca\/fr\/wp-json\/wp\/v2\/pages"}],"about":[{"href":"https:\/\/ruraldentistry.ca\/fr\/wp-json\/wp\/v2\/types\/page"}],"author":[{"embeddable":true,"href":"https:\/\/ruraldentistry.ca\/fr\/wp-json\/wp\/v2\/users\/1"}],"replies":[{"embeddable":true,"href":"https:\/\/ruraldentistry.ca\/fr\/wp-json\/wp\/v2\/comments?post=9"}],"version-history":[{"count":45,"href":"https:\/\/ruraldentistry.ca\/fr\/wp-json\/wp\/v2\/pages\/9\/revisions"}],"predecessor-version":[{"id":2235,"href":"https:\/\/ruraldentistry.ca\/fr\/wp-json\/wp\/v2\/pages\/9\/revisions\/2235"}],"wp:attachment":[{"href":"https:\/\/ruraldentistry.ca\/fr\/wp-json\/wp\/v2\/media?parent=9"}],"curies":[{"name":"wp","href":"https:\/\/api.w.org\/{rel}","templated":true}]}}