{"id":805,"date":"2013-12-06T13:41:44","date_gmt":"2013-12-06T18:41:44","guid":{"rendered":"https:\/\/ruraldentistry.ca\/?page_id=805"},"modified":"2021-09-13T13:51:48","modified_gmt":"2021-09-13T17:51:48","slug":"presentation","status":"publish","type":"page","link":"https:\/\/ruraldentistry.ca\/fr\/presentation\/","title":{"rendered":"Pr\u00e9sentation"},"content":{"rendered":"<h1>Qu\u2019est-ce qu\u2019une communaut\u00e9 rurale ou \u00e9loign\u00e9e?<\/h1>\n<p>Les termes \u00abrural et \u00e9loign\u00e9\u00bb sont souvent utilis\u00e9s pour d\u00e9crire les communaut\u00e9s rurales, \u00e9loign\u00e9es ou autochtones non urbaines du nord. Une communaut\u00e9 peut \u00eatre qualifi\u00e9e de \u00abr\u00e9gion rurale ou \u00e9loign\u00e9e\u00bb en se basant sur plusieurs crit\u00e8res. La taille de la r\u00e9gion, la densit\u00e9 de la population et la distance entre les zones urbaines sont quelques-uns des facteurs qui sont consid\u00e9r\u00e9s lors de la d\u00e9finition des populations rurales et \u00e9loign\u00e9es. (<a class=\"reference\" title=\"References\" href=\"https:\/\/ruraldentistry.ca\/fr\/outils\/liste-references\/#du-plessis-et-al-2002\">DU Plessis et al, 2002<\/a>).<\/p>\n<p>La d\u00e9finition de la ruralit\u00e9 et de l&rsquo;\u00e9loignement peut varier, puisque le terme ruralit\u00e9 peut \u00eatre un concept g\u00e9ographique ou un concept socioculturel. Par cons\u00e9quent, il n&rsquo;existe aucun consensus sur la d\u00e9finition de ce qui constitue une zone rurale (<a class=\"reference\" title=\"References list\" href=\"https:\/\/ruraldentistry.ca\/fr\/outils\/liste-references\/#dandy-bollman-2008\">Dandy &amp; Bollman, 2008<\/a>).<\/p>\n<p>Selon les donn\u00e9es de 2011 de Statistique Canada, les communaut\u00e9s qui comptent moins de 10 000 habitants ou les territoires qui se trouvent \u00e0 l&rsquo;ext\u00e9rieur des centres de population de plus de 1000 habitants, ou 400 personnes par kilom\u00e8tre carr\u00e9, sont recens\u00e9es comme des zones rurales. (<a class=\"reference\" title=\"References\" href=\"https:\/\/ruraldentistry.ca\/fr\/outils\/liste-references\/#du-plessis-et-al-2002\">DU Plessis et al, 2002<\/a>;&nbsp;<a class=\"reference\" title=\"References list\" href=\"https:\/\/ruraldentistry.ca\/fr\/outils\/liste-references\/#dandy-bollman-2008\">Dandy &amp; Bollman, 2008<\/a>).<\/p>\n<h1>Le Canada rural<\/h1>\n<p>Pr\u00e8s du quart de la population canadienne vit dans les r\u00e9gions rurales et \u00e9loign\u00e9es, qui constitent 95% de la superficie du Canada (<a class=\"reference\" title=\"References list\" href=\"https:\/\/ruraldentistry.ca\/fr\/outils\/liste-references\/#gov-du-quebec-2001\">Government du Quebec, 2001<\/a>). Les r\u00e9gions du nord du Canada occupent la moiti\u00e9 du territoire canadien. Parmi les provinces canadiennes, le Qu\u00e9bec est celle qui poss\u00e8de la plus grande population rurale, constituant pr\u00e8s de 21% de la population. (<a class=\"reference\" title=\"References list\" href=\"https:\/\/ruraldentistry.ca\/fr\/outils\/liste-references\/#gov-du-quebec-2001\">Government du Quebec, 2001<\/a>).<\/p>\n<p>Un peu plus de la moiti\u00e9 des 1,4 million d\u2019Autochtones du Canada vivent dans des collectivit\u00e9s rurales et \u00e9loign\u00e9es, constituant jusqu&rsquo;\u00e0 30% de la population du nord. Les collectivit\u00e9s rurales et \u00e9loign\u00e9es ont diff\u00e9rentes caract\u00e9ristiques g\u00e9ographiques, culturelles et socio\u00e9conomiques. L\u2019\u00e9conomie de la plupart de ces communaut\u00e9s repose sur diverses industries telles que&nbsp;(<a class=\"reference\" title=\"References list\" href=\"https:\/\/ruraldentistry.ca\/fr\/outils\/liste-references\/#health-canada-2002\"><span class=\"label\">Health Canada, 2002<\/span><\/a>):<\/p>\n<ul>\n<li>Le tourisme<\/li>\n<li>L\u2019agriculture<\/li>\n<li>La for\u00eat<\/li>\n<li>La p\u00eache et la chasse<\/li>\n<li>Le p\u00e9trole et le gaz<\/li>\n<\/ul>\n<h2>Les communaut\u00e9s rurales et le d\u00e9fi de la sant\u00e9<\/h2>\n<div class=\"box\">Les r\u00e9sidents ruraux ont tendance \u00e0 avoir des taux de mortalit\u00e9 plus \u00e9lev\u00e9s, une pr\u00e9valence plus \u00e9lev\u00e9e du tabagisme, de l&rsquo;ob\u00e9sit\u00e9 et des handicaps par rapport \u00e0 leurs homologues urbains.<\/div>\n<p>Lorsque compar\u00e9es sur le plan de la sant\u00e9, les communaut\u00e9s rurales sont tr\u00e8s d\u00e9savantag\u00e9es par rapport aux communaut\u00e9s qui habitent dans des centres urbains.<\/p>\n<p>Alors que les communaut\u00e9s rurales qui sont situ\u00e9es \u00e0 proximit\u00e9 des zones urbaines ont une meilleure sant\u00e9, les communaut\u00e9s les plus recul\u00e9es pr\u00e9sentent des disparit\u00e9s sanitaires, des taux de mortalit\u00e9 plus \u00e9lev\u00e9s, une plus grande pr\u00e9valence du tabagisme, de l&rsquo;ob\u00e9sit\u00e9 et des handicaps et ils sont moins sujets \u00e0 faire de l&rsquo;activit\u00e9 physique et d\u2019adopter de saines habitudes alimentaires. Cette situation est due \u00e0 des facteurs socio\u00e9conomiques et environnementaux tels que le revenu, l&#8217;emploi, l&rsquo;\u00e9ducation et l&rsquo;environnement (<a class=\"reference\" title=\"References list\" href=\"https:\/\/ruraldentistry.ca\/fr\/outils\/liste-references\/#desmeules-m-2006\"><span class=\"label\">DesMeules M, 2006<\/span><\/a>). Par ailleurs, les r\u00e9sidents des collectivit\u00e9s rurales sont moins susceptibles d&rsquo;adh\u00e9rer aux initiatives de promotion de la sant\u00e9 et de pr\u00e9vention de la maladie et, en raison du manque de ressources, souffrent de lacunes en mati\u00e8re de soins et de conseils de sant\u00e9. Ces disparit\u00e9s entre les populations rurales et urbaines sont largement associ\u00e9es \u00e0 un acc\u00e8s insuffisant aux services de soins de la sant\u00e9 et \u00e0 la diminution de la main d\u2019\u0153uvre.&nbsp;(<a class=\"reference\" title=\"References list\" href=\"https:\/\/ruraldentistry.ca\/fr\/outils\/liste-references\/#goodridge-d-et-al-2010\"><span class=\"label\">Goodridge D et al., 2010<\/span><\/a>).<\/p>\n<div class=\"box\">Il y a un d\u00e9calage entre les besoins en mati\u00e8re de soins de sant\u00e9 de la population rurale et la disponibilit\u00e9 des prestataires de soins et des services de sant\u00e9.<\/div>\n","protected":false},"excerpt":{"rendered":"<p>Qu\u2019est-ce qu\u2019une communaut\u00e9 rurale ou \u00e9loign\u00e9e? Les termes \u00abrural et \u00e9loign\u00e9\u00bb sont souvent utilis\u00e9s pour d\u00e9crire les communaut\u00e9s rurales, \u00e9loign\u00e9es ou autochtones non urbaines du nord. Une communaut\u00e9 peut \u00eatre qualifi\u00e9e de \u00abr\u00e9gion rurale ou \u00e9loign\u00e9e\u00bb en se basant sur plusieurs crit\u00e8res. La taille de la r\u00e9gion, la densit\u00e9 de la population et la distance [&hellip;]<\/p>\n","protected":false},"author":1,"featured_media":0,"parent":0,"menu_order":0,"comment_status":"closed","ping_status":"closed","template":"","meta":{"ngg_post_thumbnail":0,"footnotes":""},"yoast_head":"<!-- This site is optimized with the Yoast SEO plugin v20.8 - https:\/\/yoast.com\/wordpress\/plugins\/seo\/ -->\n<title>Pr\u00e9sentation - Dentisterie en milieu rural<\/title>\n<meta name=\"robots\" content=\"index, follow, max-snippet:-1, max-image-preview:large, max-video-preview:-1\" \/>\n<link rel=\"canonical\" href=\"https:\/\/ruraldentistry.ca\/fr\/presentation\/\" \/>\n<meta property=\"og:locale\" content=\"fr_FR\" \/>\n<meta property=\"og:type\" content=\"article\" \/>\n<meta property=\"og:title\" content=\"Pr\u00e9sentation - Dentisterie en milieu rural\" \/>\n<meta property=\"og:description\" content=\"Qu\u2019est-ce qu\u2019une communaut\u00e9 rurale ou \u00e9loign\u00e9e? Les termes \u00abrural et \u00e9loign\u00e9\u00bb sont souvent utilis\u00e9s pour d\u00e9crire les communaut\u00e9s rurales, \u00e9loign\u00e9es ou autochtones non urbaines du nord. Une communaut\u00e9 peut \u00eatre qualifi\u00e9e de \u00abr\u00e9gion rurale ou \u00e9loign\u00e9e\u00bb en se basant sur plusieurs crit\u00e8res. La taille de la r\u00e9gion, la densit\u00e9 de la population et la distance [&hellip;]\" \/>\n<meta property=\"og:url\" content=\"https:\/\/ruraldentistry.ca\/fr\/presentation\/\" \/>\n<meta property=\"og:site_name\" content=\"Dentisterie en milieu rural\" \/>\n<meta property=\"article:modified_time\" content=\"2021-09-13T17:51:48+00:00\" \/>\n<meta name=\"twitter:label1\" content=\"Est. reading time\" \/>\n\t<meta name=\"twitter:data1\" content=\"3 minutes\" \/>\n<script type=\"application\/ld+json\" class=\"yoast-schema-graph\">{\"@context\":\"https:\/\/schema.org\",\"@graph\":[{\"@type\":\"WebPage\",\"@id\":\"https:\/\/ruraldentistry.ca\/fr\/presentation\/\",\"url\":\"https:\/\/ruraldentistry.ca\/fr\/presentation\/\",\"name\":\"Pr\u00e9sentation - Dentisterie en milieu rural\",\"isPartOf\":{\"@id\":\"https:\/\/ruraldentistry.ca\/#website\"},\"datePublished\":\"2013-12-06T18:41:44+00:00\",\"dateModified\":\"2021-09-13T17:51:48+00:00\",\"breadcrumb\":{\"@id\":\"https:\/\/ruraldentistry.ca\/fr\/presentation\/#breadcrumb\"},\"inLanguage\":\"fr-FR\",\"potentialAction\":[{\"@type\":\"ReadAction\",\"target\":[\"https:\/\/ruraldentistry.ca\/fr\/presentation\/\"]}]},{\"@type\":\"BreadcrumbList\",\"@id\":\"https:\/\/ruraldentistry.ca\/fr\/presentation\/#breadcrumb\",\"itemListElement\":[{\"@type\":\"ListItem\",\"position\":1,\"name\":\"Accueil\",\"item\":\"https:\/\/ruraldentistry.ca\/fr\/\"},{\"@type\":\"ListItem\",\"position\":2,\"name\":\"Pr\u00e9sentation\"}]},{\"@type\":\"WebSite\",\"@id\":\"https:\/\/ruraldentistry.ca\/#website\",\"url\":\"https:\/\/ruraldentistry.ca\/\",\"name\":\"Dentisterie en milieu rural\",\"description\":\"Dentisterie en millieu rural et \u00e9loign\u00e9\",\"potentialAction\":[{\"@type\":\"SearchAction\",\"target\":{\"@type\":\"EntryPoint\",\"urlTemplate\":\"https:\/\/ruraldentistry.ca\/?s={search_term_string}\"},\"query-input\":\"required name=search_term_string\"}],\"inLanguage\":\"fr-FR\"}]}<\/script>\n<!-- \/ Yoast SEO plugin. -->","yoast_head_json":{"title":"Pr\u00e9sentation - Dentisterie en milieu rural","robots":{"index":"index","follow":"follow","max-snippet":"max-snippet:-1","max-image-preview":"max-image-preview:large","max-video-preview":"max-video-preview:-1"},"canonical":"https:\/\/ruraldentistry.ca\/fr\/presentation\/","og_locale":"fr_FR","og_type":"article","og_title":"Pr\u00e9sentation - Dentisterie en milieu rural","og_description":"Qu\u2019est-ce qu\u2019une communaut\u00e9 rurale ou \u00e9loign\u00e9e? Les termes \u00abrural et \u00e9loign\u00e9\u00bb sont souvent utilis\u00e9s pour d\u00e9crire les communaut\u00e9s rurales, \u00e9loign\u00e9es ou autochtones non urbaines du nord. Une communaut\u00e9 peut \u00eatre qualifi\u00e9e de \u00abr\u00e9gion rurale ou \u00e9loign\u00e9e\u00bb en se basant sur plusieurs crit\u00e8res. La taille de la r\u00e9gion, la densit\u00e9 de la population et la distance [&hellip;]","og_url":"https:\/\/ruraldentistry.ca\/fr\/presentation\/","og_site_name":"Dentisterie en milieu rural","article_modified_time":"2021-09-13T17:51:48+00:00","twitter_misc":{"Est. reading time":"3 minutes"},"schema":{"@context":"https:\/\/schema.org","@graph":[{"@type":"WebPage","@id":"https:\/\/ruraldentistry.ca\/fr\/presentation\/","url":"https:\/\/ruraldentistry.ca\/fr\/presentation\/","name":"Pr\u00e9sentation - Dentisterie en milieu rural","isPartOf":{"@id":"https:\/\/ruraldentistry.ca\/#website"},"datePublished":"2013-12-06T18:41:44+00:00","dateModified":"2021-09-13T17:51:48+00:00","breadcrumb":{"@id":"https:\/\/ruraldentistry.ca\/fr\/presentation\/#breadcrumb"},"inLanguage":"fr-FR","potentialAction":[{"@type":"ReadAction","target":["https:\/\/ruraldentistry.ca\/fr\/presentation\/"]}]},{"@type":"BreadcrumbList","@id":"https:\/\/ruraldentistry.ca\/fr\/presentation\/#breadcrumb","itemListElement":[{"@type":"ListItem","position":1,"name":"Accueil","item":"https:\/\/ruraldentistry.ca\/fr\/"},{"@type":"ListItem","position":2,"name":"Pr\u00e9sentation"}]},{"@type":"WebSite","@id":"https:\/\/ruraldentistry.ca\/#website","url":"https:\/\/ruraldentistry.ca\/","name":"Dentisterie en milieu rural","description":"Dentisterie en millieu rural et \u00e9loign\u00e9","potentialAction":[{"@type":"SearchAction","target":{"@type":"EntryPoint","urlTemplate":"https:\/\/ruraldentistry.ca\/?s={search_term_string}"},"query-input":"required name=search_term_string"}],"inLanguage":"fr-FR"}]}},"_links":{"self":[{"href":"https:\/\/ruraldentistry.ca\/fr\/wp-json\/wp\/v2\/pages\/805"}],"collection":[{"href":"https:\/\/ruraldentistry.ca\/fr\/wp-json\/wp\/v2\/pages"}],"about":[{"href":"https:\/\/ruraldentistry.ca\/fr\/wp-json\/wp\/v2\/types\/page"}],"author":[{"embeddable":true,"href":"https:\/\/ruraldentistry.ca\/fr\/wp-json\/wp\/v2\/users\/1"}],"replies":[{"embeddable":true,"href":"https:\/\/ruraldentistry.ca\/fr\/wp-json\/wp\/v2\/comments?post=805"}],"version-history":[{"count":33,"href":"https:\/\/ruraldentistry.ca\/fr\/wp-json\/wp\/v2\/pages\/805\/revisions"}],"predecessor-version":[{"id":2545,"href":"https:\/\/ruraldentistry.ca\/fr\/wp-json\/wp\/v2\/pages\/805\/revisions\/2545"}],"wp:attachment":[{"href":"https:\/\/ruraldentistry.ca\/fr\/wp-json\/wp\/v2\/media?parent=805"}],"curies":[{"name":"wp","href":"https:\/\/api.w.org\/{rel}","templated":true}]}}