{"id":80,"date":"2013-08-07T16:25:39","date_gmt":"2013-08-07T20:25:39","guid":{"rendered":"https:\/\/ruraldentistry.ca\/?page_id=80"},"modified":"2014-04-09T13:55:38","modified_gmt":"2014-04-09T17:55:38","slug":"qui-sommes-nous","status":"publish","type":"page","link":"https:\/\/ruraldentistry.ca\/fr\/qui-sommes-nous\/","title":{"rendered":"Qui sommes-nous ?"},"content":{"rendered":"<p>Ce site Web a \u00e9t\u00e9 \u00e9labor\u00e9 dans le cadre d&rsquo;un projet de recherche sur les soins buccodentaires en milieu rural et \u00e9loign\u00e9 du Qu\u00e9bec. Ce projet est subventionn\u00e9 par le R\u00e9seau de recherche en sant\u00e9 buccodentaire et osseuse (RSBO) en collaboration avec l&rsquo;Universit\u00e9 de Montr\u00e9al, sous la direction de Dre Elham Emami ainsi qu\u2019une \u00e9quipe de recherche incluant Dr Paul Allison, Dr Gilles Lavigne, Dre Anne Charbonneau et Dr Christophe Bedos.<\/p>\n<p>Dre Emami est professeure agr\u00e9g\u00e9e au d\u00e9partement de dentisterie de restauration et elle est directrice du Laboratoire de recherche en sant\u00e9 orale et r\u00e9habilitation bucco-faciale de l&rsquo;Universit\u00e9 de Montr\u00e9al.<\/p>\n<p>Le contenu du site Web a \u00e9t\u00e9 d\u00e9velopp\u00e9 par plusieurs \u00e9tudiants du 1<sup>er<\/sup> et 2<sup>e<\/sup> cycle\u00a0:<\/p>\n<p>Ariane Beaudry<br \/>\nCharles Rivest<br \/>\nFaheem Khiyani<br \/>\nV\u00e9ronique Chass\u00e9<\/p>\n<p>Nous tenons \u00e0 remercier nos collaborateurs, nos partenaires ainsi que tous les cliniciens pour leur aide pr\u00e9cieuse.<\/p>\n<p>Dre Sylvie Gagnon<br \/>\nDre Sylvie Duranleau<br \/>\nDr Fran\u00e7ois Morache<br \/>\nDr Louis Besner<br \/>\nDr Andr\u00e9 Richer<br \/>\nDr F\u00e9lix Girard<br \/>\nDr Bernard Jolicoeur<br \/>\nDr Danny Robert<br \/>\nDre Julie Beaudoin<br \/>\nDre Sonia Dupuis<br \/>\nDre Cinthia Lavoie<br \/>\nDre Marie-Eve Caron<\/p>\n<p><a href=\"http:\/\/trouvezvotreespace.com\/\">Trouvez votre espace<\/a><\/p>\n<table style=\"width: 100%;\">\n<tbody>\n<tr>\n<td><img decoding=\"async\" loading=\"lazy\" class=\"  wp-image-1727 aligncenter\" alt=\"UdeM\" src=\"https:\/\/ruraldentistry.ca\/wp-content\/uploads\/2014\/04\/jpg\/UdeM-300x141.jpg\" width=\"183\" height=\"86\" srcset=\"https:\/\/ruraldentistry.ca\/wp-content\/uploads\/2014\/04\/jpg\/UdeM-300x141.jpg 300w, https:\/\/ruraldentistry.ca\/wp-content\/uploads\/2014\/04\/jpg\/UdeM-150x70.jpg 150w, https:\/\/ruraldentistry.ca\/wp-content\/uploads\/2014\/04\/jpg\/UdeM.jpg 327w\" sizes=\"(max-width: 183px) 100vw, 183px\" \/><\/td>\n<td><img decoding=\"async\" loading=\"lazy\" class=\"wp-image-1731 aligncenter\" alt=\"McGill\" src=\"https:\/\/ruraldentistry.ca\/wp-content\/uploads\/2014\/04\/png\/McGill-300x70.png\" width=\"176\" height=\"41\" srcset=\"https:\/\/ruraldentistry.ca\/wp-content\/uploads\/2014\/04\/png\/McGill-300x70.png 300w, https:\/\/ruraldentistry.ca\/wp-content\/uploads\/2014\/04\/png\/McGill-150x35.png 150w, https:\/\/ruraldentistry.ca\/wp-content\/uploads\/2014\/04\/png\/McGill.png 960w\" sizes=\"(max-width: 176px) 100vw, 176px\" \/><\/td>\n<\/tr>\n<tr>\n<td><img decoding=\"async\" loading=\"lazy\" class=\"wp-image-1729 aligncenter\" alt=\"R\u00e9seau de recherche en sant\u00e9 buccodentaire et osseuse\" src=\"https:\/\/ruraldentistry.ca\/wp-content\/uploads\/2014\/04\/png\/rrsbo-300x176.png\" width=\"145\" height=\"85\" srcset=\"https:\/\/ruraldentistry.ca\/wp-content\/uploads\/2014\/04\/png\/rrsbo-300x176.png 300w, https:\/\/ruraldentistry.ca\/wp-content\/uploads\/2014\/04\/png\/rrsbo-150x88.png 150w, https:\/\/ruraldentistry.ca\/wp-content\/uploads\/2014\/04\/png\/rrsbo.png 320w\" sizes=\"(max-width: 145px) 100vw, 145px\" \/><\/td>\n<td><img decoding=\"async\" loading=\"lazy\" class=\"wp-image-1818 aligncenter\" alt=\"CIHR\" src=\"https:\/\/ruraldentistry.ca\/wp-content\/uploads\/2014\/04\/jpg\/cihr-300x167.jpg\" width=\"212\" height=\"118\" srcset=\"https:\/\/ruraldentistry.ca\/wp-content\/uploads\/2014\/04\/jpg\/cihr-300x168.jpg 300w, https:\/\/ruraldentistry.ca\/wp-content\/uploads\/2014\/04\/jpg\/cihr-1024x572.jpg 1024w, https:\/\/ruraldentistry.ca\/wp-content\/uploads\/2014\/04\/jpg\/cihr-150x83.jpg 150w, https:\/\/ruraldentistry.ca\/wp-content\/uploads\/2014\/04\/jpg\/cihr-1000x559.jpg 1000w, https:\/\/ruraldentistry.ca\/wp-content\/uploads\/2014\/04\/jpg\/cihr.jpg 1395w\" sizes=\"(max-width: 212px) 100vw, 212px\" \/><\/td>\n<\/tr>\n<\/tbody>\n<\/table>\n","protected":false},"excerpt":{"rendered":"<p>Ce site Web a \u00e9t\u00e9 \u00e9labor\u00e9 dans le cadre d&rsquo;un projet de recherche sur les soins buccodentaires en milieu rural et \u00e9loign\u00e9 du Qu\u00e9bec. Ce projet est subventionn\u00e9 par le R\u00e9seau de recherche en sant\u00e9 buccodentaire et osseuse (RSBO) en collaboration avec l&rsquo;Universit\u00e9 de Montr\u00e9al, sous la direction de Dre Elham Emami ainsi qu\u2019une \u00e9quipe [&hellip;]<\/p>\n","protected":false},"author":1,"featured_media":0,"parent":0,"menu_order":0,"comment_status":"closed","ping_status":"closed","template":"","meta":{"ngg_post_thumbnail":0,"footnotes":""},"yoast_head":"<!-- This site is optimized with the Yoast SEO plugin v20.8 - https:\/\/yoast.com\/wordpress\/plugins\/seo\/ -->\n<title>Qui sommes-nous ? - Dentisterie en milieu rural<\/title>\n<meta name=\"robots\" content=\"index, follow, max-snippet:-1, max-image-preview:large, max-video-preview:-1\" \/>\n<link rel=\"canonical\" href=\"https:\/\/ruraldentistry.ca\/fr\/qui-sommes-nous\/\" \/>\n<meta property=\"og:locale\" content=\"fr_FR\" \/>\n<meta property=\"og:type\" content=\"article\" \/>\n<meta property=\"og:title\" content=\"Qui sommes-nous ? - Dentisterie en milieu rural\" \/>\n<meta property=\"og:description\" content=\"Ce site Web a \u00e9t\u00e9 \u00e9labor\u00e9 dans le cadre d&rsquo;un projet de recherche sur les soins buccodentaires en milieu rural et \u00e9loign\u00e9 du Qu\u00e9bec. Ce projet est subventionn\u00e9 par le R\u00e9seau de recherche en sant\u00e9 buccodentaire et osseuse (RSBO) en collaboration avec l&rsquo;Universit\u00e9 de Montr\u00e9al, sous la direction de Dre Elham Emami ainsi qu\u2019une \u00e9quipe [&hellip;]\" \/>\n<meta property=\"og:url\" content=\"https:\/\/ruraldentistry.ca\/fr\/qui-sommes-nous\/\" \/>\n<meta property=\"og:site_name\" content=\"Dentisterie en milieu rural\" \/>\n<meta property=\"article:modified_time\" content=\"2014-04-09T17:55:38+00:00\" \/>\n<meta property=\"og:image\" content=\"https:\/\/ruraldentistry.ca\/wp-content\/uploads\/2014\/04\/jpg\/UdeM-300x141.jpg\" \/>\n<meta name=\"twitter:label1\" content=\"Est. reading time\" \/>\n\t<meta name=\"twitter:data1\" content=\"1 minute\" \/>\n<script type=\"application\/ld+json\" class=\"yoast-schema-graph\">{\"@context\":\"https:\/\/schema.org\",\"@graph\":[{\"@type\":\"WebPage\",\"@id\":\"https:\/\/ruraldentistry.ca\/fr\/qui-sommes-nous\/\",\"url\":\"https:\/\/ruraldentistry.ca\/fr\/qui-sommes-nous\/\",\"name\":\"Qui sommes-nous ? - Dentisterie en milieu rural\",\"isPartOf\":{\"@id\":\"https:\/\/ruraldentistry.ca\/#website\"},\"datePublished\":\"2013-08-07T20:25:39+00:00\",\"dateModified\":\"2014-04-09T17:55:38+00:00\",\"breadcrumb\":{\"@id\":\"https:\/\/ruraldentistry.ca\/fr\/qui-sommes-nous\/#breadcrumb\"},\"inLanguage\":\"fr-FR\",\"potentialAction\":[{\"@type\":\"ReadAction\",\"target\":[\"https:\/\/ruraldentistry.ca\/fr\/qui-sommes-nous\/\"]}]},{\"@type\":\"BreadcrumbList\",\"@id\":\"https:\/\/ruraldentistry.ca\/fr\/qui-sommes-nous\/#breadcrumb\",\"itemListElement\":[{\"@type\":\"ListItem\",\"position\":1,\"name\":\"Accueil\",\"item\":\"https:\/\/ruraldentistry.ca\/fr\/\"},{\"@type\":\"ListItem\",\"position\":2,\"name\":\"Qui sommes-nous ?\"}]},{\"@type\":\"WebSite\",\"@id\":\"https:\/\/ruraldentistry.ca\/#website\",\"url\":\"https:\/\/ruraldentistry.ca\/\",\"name\":\"Dentisterie en milieu rural\",\"description\":\"Dentisterie en millieu rural et \u00e9loign\u00e9\",\"potentialAction\":[{\"@type\":\"SearchAction\",\"target\":{\"@type\":\"EntryPoint\",\"urlTemplate\":\"https:\/\/ruraldentistry.ca\/?s={search_term_string}\"},\"query-input\":\"required name=search_term_string\"}],\"inLanguage\":\"fr-FR\"}]}<\/script>\n<!-- \/ Yoast SEO plugin. -->","yoast_head_json":{"title":"Qui sommes-nous ? - Dentisterie en milieu rural","robots":{"index":"index","follow":"follow","max-snippet":"max-snippet:-1","max-image-preview":"max-image-preview:large","max-video-preview":"max-video-preview:-1"},"canonical":"https:\/\/ruraldentistry.ca\/fr\/qui-sommes-nous\/","og_locale":"fr_FR","og_type":"article","og_title":"Qui sommes-nous ? - Dentisterie en milieu rural","og_description":"Ce site Web a \u00e9t\u00e9 \u00e9labor\u00e9 dans le cadre d&rsquo;un projet de recherche sur les soins buccodentaires en milieu rural et \u00e9loign\u00e9 du Qu\u00e9bec. Ce projet est subventionn\u00e9 par le R\u00e9seau de recherche en sant\u00e9 buccodentaire et osseuse (RSBO) en collaboration avec l&rsquo;Universit\u00e9 de Montr\u00e9al, sous la direction de Dre Elham Emami ainsi qu\u2019une \u00e9quipe [&hellip;]","og_url":"https:\/\/ruraldentistry.ca\/fr\/qui-sommes-nous\/","og_site_name":"Dentisterie en milieu rural","article_modified_time":"2014-04-09T17:55:38+00:00","og_image":[{"url":"https:\/\/ruraldentistry.ca\/wp-content\/uploads\/2014\/04\/jpg\/UdeM-300x141.jpg"}],"twitter_misc":{"Est. reading time":"1 minute"},"schema":{"@context":"https:\/\/schema.org","@graph":[{"@type":"WebPage","@id":"https:\/\/ruraldentistry.ca\/fr\/qui-sommes-nous\/","url":"https:\/\/ruraldentistry.ca\/fr\/qui-sommes-nous\/","name":"Qui sommes-nous ? - Dentisterie en milieu rural","isPartOf":{"@id":"https:\/\/ruraldentistry.ca\/#website"},"datePublished":"2013-08-07T20:25:39+00:00","dateModified":"2014-04-09T17:55:38+00:00","breadcrumb":{"@id":"https:\/\/ruraldentistry.ca\/fr\/qui-sommes-nous\/#breadcrumb"},"inLanguage":"fr-FR","potentialAction":[{"@type":"ReadAction","target":["https:\/\/ruraldentistry.ca\/fr\/qui-sommes-nous\/"]}]},{"@type":"BreadcrumbList","@id":"https:\/\/ruraldentistry.ca\/fr\/qui-sommes-nous\/#breadcrumb","itemListElement":[{"@type":"ListItem","position":1,"name":"Accueil","item":"https:\/\/ruraldentistry.ca\/fr\/"},{"@type":"ListItem","position":2,"name":"Qui sommes-nous ?"}]},{"@type":"WebSite","@id":"https:\/\/ruraldentistry.ca\/#website","url":"https:\/\/ruraldentistry.ca\/","name":"Dentisterie en milieu rural","description":"Dentisterie en millieu rural et \u00e9loign\u00e9","potentialAction":[{"@type":"SearchAction","target":{"@type":"EntryPoint","urlTemplate":"https:\/\/ruraldentistry.ca\/?s={search_term_string}"},"query-input":"required name=search_term_string"}],"inLanguage":"fr-FR"}]}},"_links":{"self":[{"href":"https:\/\/ruraldentistry.ca\/fr\/wp-json\/wp\/v2\/pages\/80"}],"collection":[{"href":"https:\/\/ruraldentistry.ca\/fr\/wp-json\/wp\/v2\/pages"}],"about":[{"href":"https:\/\/ruraldentistry.ca\/fr\/wp-json\/wp\/v2\/types\/page"}],"author":[{"embeddable":true,"href":"https:\/\/ruraldentistry.ca\/fr\/wp-json\/wp\/v2\/users\/1"}],"replies":[{"embeddable":true,"href":"https:\/\/ruraldentistry.ca\/fr\/wp-json\/wp\/v2\/comments?post=80"}],"version-history":[{"count":15,"href":"https:\/\/ruraldentistry.ca\/fr\/wp-json\/wp\/v2\/pages\/80\/revisions"}],"predecessor-version":[{"id":1824,"href":"https:\/\/ruraldentistry.ca\/fr\/wp-json\/wp\/v2\/pages\/80\/revisions\/1824"}],"wp:attachment":[{"href":"https:\/\/ruraldentistry.ca\/fr\/wp-json\/wp\/v2\/media?parent=80"}],"curies":[{"name":"wp","href":"https:\/\/api.w.org\/{rel}","templated":true}]}}