{"id":70,"date":"2013-08-07T16:21:17","date_gmt":"2013-08-07T20:21:17","guid":{"rendered":"https:\/\/ruraldentistry.ca\/?page_id=70"},"modified":"2014-09-09T13:34:55","modified_gmt":"2014-09-09T17:34:55","slug":"nord-du-quebec","status":"publish","type":"page","link":"https:\/\/ruraldentistry.ca\/fr\/regions\/nord-du-quebec\/","title":{"rendered":"Nord-du-Qu\u00e9bec"},"content":{"rendered":"<p>Ce territoire regroupe les 9 communaut\u00e9s cries qui vivent au Qu\u00e9bec. Le Conseil Cri de la sant\u00e9 et des services sociaux de La Baie James (CCSSSBJ) offre des services de soins \u00e0 ces populations. Les communaut\u00e9s desservies sont Whapmagoostui, Chisasibi, Wemindji, Eastmain, Waskawanipi, Ouj\u00e9-Bougoumou et Mistissini. La population crie au sein de ces communaut\u00e9s est de pr\u00e8s de 15 000. Toutes les communaut\u00e9s sont accessibles en voiture et en avion \u00e0 l\u2019exception de Whapmagoostui qui est seulement accessible par avion.<\/p>\n<p>Le Conseil Cri recherche des professionnels de la sant\u00e9 pour travailler dans les cliniques dentaires de ses communaut\u00e9s. Il s\u2019agit d\u2019une opportunit\u00e9 de faire valoir votre sens de l\u2019autonomie et <span lang=\"FR\">votre\u00a0<\/span>cr\u00e9ativit\u00e9 (<a title=\"References list\" href=\"https:\/\/ruraldentistry.ca\/fr\/outils\/liste-references\/#conseil-cri-de-la-sant\u00e9-et-des-services-sociaux\"><span class=\"label\">Conseil Cri de la sant\u00e9 et des services sociaux<\/span><\/a>).<\/p>\n<h2><b>Distribution des professionnels en sant\u00e9 buccodentaire<br \/>\n<\/b><\/h2>\n<p>Les dentistes sur le territoire de la Baie-James se situent principalement dans les communaut\u00e9s Cris dont Wemindji, Mistissini, Eastmain, Chisasibi, Waswanipi et Ouj\u00e9-Bougoumou. D\u2019autres dentistes sont \u00e9tablis dans des villages nordiques tels Puvirnituq, Kuujjuaq, Kuujjuarapik et Fermont.<\/p>\n<p><span lang=\"FR\">Il y a de vastes territoires nordiques sans professionnels \u00a0dentaires<\/span>. Plusieurs petits villages nordiques ne comptent aucun professionnel, par exemple Umiujaq, Quaqtaq et Ivujivik. Toutefois, le Nord-du-Qu\u00e9bec poss\u00e8de un ratio d\u2019environ 2 \u00e0 4 dentistes pour environ 5000 habitants.<\/p>\n","protected":false},"excerpt":{"rendered":"<p>Ce territoire regroupe les 9 communaut\u00e9s cries qui vivent au Qu\u00e9bec. Le Conseil Cri de la sant\u00e9 et des services sociaux de La Baie James (CCSSSBJ) offre des services de soins \u00e0 ces populations. Les communaut\u00e9s desservies sont Whapmagoostui, Chisasibi, Wemindji, Eastmain, Waskawanipi, Ouj\u00e9-Bougoumou et Mistissini. La population crie au sein de ces communaut\u00e9s est [&hellip;]<\/p>\n","protected":false},"author":1,"featured_media":0,"parent":18,"menu_order":0,"comment_status":"closed","ping_status":"closed","template":"","meta":{"ngg_post_thumbnail":0,"footnotes":""},"yoast_head":"<!-- This site is optimized with the Yoast SEO plugin v20.8 - https:\/\/yoast.com\/wordpress\/plugins\/seo\/ -->\n<title>Nord-du-Qu\u00e9bec - Dentisterie en milieu rural<\/title>\n<meta name=\"robots\" content=\"index, follow, max-snippet:-1, max-image-preview:large, max-video-preview:-1\" \/>\n<link rel=\"canonical\" href=\"https:\/\/ruraldentistry.ca\/fr\/regions\/nord-du-quebec\/\" \/>\n<meta property=\"og:locale\" content=\"fr_FR\" \/>\n<meta property=\"og:type\" content=\"article\" \/>\n<meta property=\"og:title\" content=\"Nord-du-Qu\u00e9bec - Dentisterie en milieu rural\" \/>\n<meta property=\"og:description\" content=\"Ce territoire regroupe les 9 communaut\u00e9s cries qui vivent au Qu\u00e9bec. Le Conseil Cri de la sant\u00e9 et des services sociaux de La Baie James (CCSSSBJ) offre des services de soins \u00e0 ces populations. Les communaut\u00e9s desservies sont Whapmagoostui, Chisasibi, Wemindji, Eastmain, Waskawanipi, Ouj\u00e9-Bougoumou et Mistissini. La population crie au sein de ces communaut\u00e9s est [&hellip;]\" \/>\n<meta property=\"og:url\" content=\"https:\/\/ruraldentistry.ca\/fr\/regions\/nord-du-quebec\/\" \/>\n<meta property=\"og:site_name\" content=\"Dentisterie en milieu rural\" \/>\n<meta property=\"article:modified_time\" content=\"2014-09-09T17:34:55+00:00\" \/>\n<meta name=\"twitter:label1\" content=\"Est. reading time\" \/>\n\t<meta name=\"twitter:data1\" content=\"1 minute\" \/>\n<script type=\"application\/ld+json\" class=\"yoast-schema-graph\">{\"@context\":\"https:\/\/schema.org\",\"@graph\":[{\"@type\":\"WebPage\",\"@id\":\"https:\/\/ruraldentistry.ca\/fr\/regions\/nord-du-quebec\/\",\"url\":\"https:\/\/ruraldentistry.ca\/fr\/regions\/nord-du-quebec\/\",\"name\":\"Nord-du-Qu\u00e9bec - Dentisterie en milieu rural\",\"isPartOf\":{\"@id\":\"https:\/\/ruraldentistry.ca\/#website\"},\"datePublished\":\"2013-08-07T20:21:17+00:00\",\"dateModified\":\"2014-09-09T17:34:55+00:00\",\"breadcrumb\":{\"@id\":\"https:\/\/ruraldentistry.ca\/fr\/regions\/nord-du-quebec\/#breadcrumb\"},\"inLanguage\":\"fr-FR\",\"potentialAction\":[{\"@type\":\"ReadAction\",\"target\":[\"https:\/\/ruraldentistry.ca\/fr\/regions\/nord-du-quebec\/\"]}]},{\"@type\":\"BreadcrumbList\",\"@id\":\"https:\/\/ruraldentistry.ca\/fr\/regions\/nord-du-quebec\/#breadcrumb\",\"itemListElement\":[{\"@type\":\"ListItem\",\"position\":1,\"name\":\"Accueil\",\"item\":\"https:\/\/ruraldentistry.ca\/fr\/\"},{\"@type\":\"ListItem\",\"position\":2,\"name\":\"R\u00e9gions\",\"item\":\"https:\/\/ruraldentistry.ca\/fr\/regions\/\"},{\"@type\":\"ListItem\",\"position\":3,\"name\":\"Nord-du-Qu\u00e9bec\"}]},{\"@type\":\"WebSite\",\"@id\":\"https:\/\/ruraldentistry.ca\/#website\",\"url\":\"https:\/\/ruraldentistry.ca\/\",\"name\":\"Dentisterie en milieu rural\",\"description\":\"Dentisterie en millieu rural et \u00e9loign\u00e9\",\"potentialAction\":[{\"@type\":\"SearchAction\",\"target\":{\"@type\":\"EntryPoint\",\"urlTemplate\":\"https:\/\/ruraldentistry.ca\/?s={search_term_string}\"},\"query-input\":\"required name=search_term_string\"}],\"inLanguage\":\"fr-FR\"}]}<\/script>\n<!-- \/ Yoast SEO plugin. -->","yoast_head_json":{"title":"Nord-du-Qu\u00e9bec - Dentisterie en milieu rural","robots":{"index":"index","follow":"follow","max-snippet":"max-snippet:-1","max-image-preview":"max-image-preview:large","max-video-preview":"max-video-preview:-1"},"canonical":"https:\/\/ruraldentistry.ca\/fr\/regions\/nord-du-quebec\/","og_locale":"fr_FR","og_type":"article","og_title":"Nord-du-Qu\u00e9bec - Dentisterie en milieu rural","og_description":"Ce territoire regroupe les 9 communaut\u00e9s cries qui vivent au Qu\u00e9bec. Le Conseil Cri de la sant\u00e9 et des services sociaux de La Baie James (CCSSSBJ) offre des services de soins \u00e0 ces populations. Les communaut\u00e9s desservies sont Whapmagoostui, Chisasibi, Wemindji, Eastmain, Waskawanipi, Ouj\u00e9-Bougoumou et Mistissini. La population crie au sein de ces communaut\u00e9s est [&hellip;]","og_url":"https:\/\/ruraldentistry.ca\/fr\/regions\/nord-du-quebec\/","og_site_name":"Dentisterie en milieu rural","article_modified_time":"2014-09-09T17:34:55+00:00","twitter_misc":{"Est. reading time":"1 minute"},"schema":{"@context":"https:\/\/schema.org","@graph":[{"@type":"WebPage","@id":"https:\/\/ruraldentistry.ca\/fr\/regions\/nord-du-quebec\/","url":"https:\/\/ruraldentistry.ca\/fr\/regions\/nord-du-quebec\/","name":"Nord-du-Qu\u00e9bec - Dentisterie en milieu rural","isPartOf":{"@id":"https:\/\/ruraldentistry.ca\/#website"},"datePublished":"2013-08-07T20:21:17+00:00","dateModified":"2014-09-09T17:34:55+00:00","breadcrumb":{"@id":"https:\/\/ruraldentistry.ca\/fr\/regions\/nord-du-quebec\/#breadcrumb"},"inLanguage":"fr-FR","potentialAction":[{"@type":"ReadAction","target":["https:\/\/ruraldentistry.ca\/fr\/regions\/nord-du-quebec\/"]}]},{"@type":"BreadcrumbList","@id":"https:\/\/ruraldentistry.ca\/fr\/regions\/nord-du-quebec\/#breadcrumb","itemListElement":[{"@type":"ListItem","position":1,"name":"Accueil","item":"https:\/\/ruraldentistry.ca\/fr\/"},{"@type":"ListItem","position":2,"name":"R\u00e9gions","item":"https:\/\/ruraldentistry.ca\/fr\/regions\/"},{"@type":"ListItem","position":3,"name":"Nord-du-Qu\u00e9bec"}]},{"@type":"WebSite","@id":"https:\/\/ruraldentistry.ca\/#website","url":"https:\/\/ruraldentistry.ca\/","name":"Dentisterie en milieu rural","description":"Dentisterie en millieu rural et \u00e9loign\u00e9","potentialAction":[{"@type":"SearchAction","target":{"@type":"EntryPoint","urlTemplate":"https:\/\/ruraldentistry.ca\/?s={search_term_string}"},"query-input":"required name=search_term_string"}],"inLanguage":"fr-FR"}]}},"_links":{"self":[{"href":"https:\/\/ruraldentistry.ca\/fr\/wp-json\/wp\/v2\/pages\/70"}],"collection":[{"href":"https:\/\/ruraldentistry.ca\/fr\/wp-json\/wp\/v2\/pages"}],"about":[{"href":"https:\/\/ruraldentistry.ca\/fr\/wp-json\/wp\/v2\/types\/page"}],"author":[{"embeddable":true,"href":"https:\/\/ruraldentistry.ca\/fr\/wp-json\/wp\/v2\/users\/1"}],"replies":[{"embeddable":true,"href":"https:\/\/ruraldentistry.ca\/fr\/wp-json\/wp\/v2\/comments?post=70"}],"version-history":[{"count":12,"href":"https:\/\/ruraldentistry.ca\/fr\/wp-json\/wp\/v2\/pages\/70\/revisions"}],"predecessor-version":[{"id":2257,"href":"https:\/\/ruraldentistry.ca\/fr\/wp-json\/wp\/v2\/pages\/70\/revisions\/2257"}],"up":[{"embeddable":true,"href":"https:\/\/ruraldentistry.ca\/fr\/wp-json\/wp\/v2\/pages\/18"}],"wp:attachment":[{"href":"https:\/\/ruraldentistry.ca\/fr\/wp-json\/wp\/v2\/media?parent=70"}],"curies":[{"name":"wp","href":"https:\/\/api.w.org\/{rel}","templated":true}]}}