{"id":39,"date":"2013-08-07T16:09:04","date_gmt":"2013-08-07T20:09:04","guid":{"rendered":"https:\/\/ruraldentistry.ca\/?page_id=39"},"modified":"2014-08-29T00:02:49","modified_gmt":"2014-08-29T04:02:49","slug":"accueil","status":"publish","type":"page","link":"https:\/\/ruraldentistry.ca\/fr\/","title":{"rendered":"Bienvenue sur le site Dentisterie en milieu rural !"},"content":{"rendered":"<p><div class=\"content_block\" id=\"custom_post_widget-1038\"><p>Le site internet Dentisterie en milieu rural \u00a0a \u00e9t\u00e9 cr\u00e9\u00e9 pour servir d\u2019outil de transfert de connaissances, qui\u00a0offre de l&rsquo;information aux professionnels en sant\u00e9 buccodentaire, aux\u00a0\u00e9tudiants, aux\u00a0diff\u00e9rents acteurs ainsi qu\u2019\u00e0 la communaut\u00e9 en g\u00e9n\u00e9ral, sur les enjeux et les d\u00e9fis li\u00e9s \u00e0 la sant\u00e9 buccodentaire des collectivit\u00e9s rurales et \u00e9loign\u00e9es du Qu\u00e9bec.<\/p>\n<p>Notre objectif est de d\u00e9velopper des projets et des partenariats afin d\u2019atteindre le but de la D\u00e9claration du Mill\u00e9naire des Nations Unies:<\/p>\n<blockquote><p><strong>\u00abTous les individus, partout, doivent avoir acc\u00e8s \u00e0 un professionnel de la sant\u00e9 qualifi\u00e9, motiv\u00e9 dans un syst\u00e8me de sant\u00e9 solide.\u00bb<\/strong><\/p><\/blockquote>\n<\/div><div class=\"content_block\" id=\"custom_post_widget-1035\"><h1>Objectifs<\/h1>\n<p>Nos objectifs sp\u00e9cifiques sont les suivants\u00a0:<\/p>\n<ol class=\"liste-point-vert\">\n<li>Attirer l&rsquo;attention sur la situation actuelle de la sant\u00e9 buccodentaire et sur\u00a0l\u2019acc\u00e8s aux soins de sant\u00e9 buccodentaire dans les r\u00e9gions \u00e9loign\u00e9es du Qu\u00e9bec;<\/li>\n<li>Mettre en \u00e9vidence la demande croissante de main-d&rsquo;\u0153uvre dentaire dans ces r\u00e9gions;<\/li>\n<li>Encourager les professionnels en sant\u00e9 buccodentaire \u00e0 pratiquer dans les r\u00e9gions rurales et \u00e9loign\u00e9es du Qu\u00e9bec;<\/li>\n<li>Motiver les d\u00e9cideurs \u00e0 am\u00e9liorer les infrastructures sociales et renforcer le d\u00e9veloppement rural;<\/li>\n<li>Soutenir les collectivit\u00e9s rurales pour parvenir \u00e0 une meilleure sant\u00e9 buccodentaire et sant\u00e9 g\u00e9n\u00e9rale ainsi qu\u2019une meilleure qualit\u00e9 de vie.<\/li>\n<\/ol>\n<\/div><\/p>\n","protected":false},"excerpt":{"rendered":"","protected":false},"author":1,"featured_media":0,"parent":0,"menu_order":0,"comment_status":"closed","ping_status":"closed","template":"","meta":{"ngg_post_thumbnail":0,"footnotes":""},"yoast_head":"<!-- This site is optimized with the Yoast SEO plugin v20.8 - https:\/\/yoast.com\/wordpress\/plugins\/seo\/ -->\n<title>Bienvenue sur le site Dentisterie en milieu rural ! - Dentisterie en milieu rural<\/title>\n<meta name=\"robots\" content=\"index, follow, max-snippet:-1, max-image-preview:large, max-video-preview:-1\" \/>\n<link rel=\"canonical\" href=\"https:\/\/ruraldentistry.ca\/fr\/\" \/>\n<meta property=\"og:locale\" content=\"fr_FR\" \/>\n<meta property=\"og:type\" content=\"article\" \/>\n<meta property=\"og:title\" content=\"Bienvenue sur le site Dentisterie en milieu rural ! - Dentisterie en milieu rural\" \/>\n<meta property=\"og:url\" content=\"https:\/\/ruraldentistry.ca\/fr\/\" \/>\n<meta property=\"og:site_name\" content=\"Dentisterie en milieu rural\" \/>\n<meta property=\"article:modified_time\" content=\"2014-08-29T04:02:49+00:00\" \/>\n<script type=\"application\/ld+json\" class=\"yoast-schema-graph\">{\"@context\":\"https:\/\/schema.org\",\"@graph\":[{\"@type\":\"WebPage\",\"@id\":\"https:\/\/ruraldentistry.ca\/fr\/\",\"url\":\"https:\/\/ruraldentistry.ca\/fr\/\",\"name\":\"Bienvenue sur le site Dentisterie en milieu rural ! - Dentisterie en milieu rural\",\"isPartOf\":{\"@id\":\"https:\/\/ruraldentistry.ca\/#website\"},\"datePublished\":\"2013-08-07T20:09:04+00:00\",\"dateModified\":\"2014-08-29T04:02:49+00:00\",\"breadcrumb\":{\"@id\":\"https:\/\/ruraldentistry.ca\/fr\/#breadcrumb\"},\"inLanguage\":\"fr-FR\",\"potentialAction\":[{\"@type\":\"ReadAction\",\"target\":[\"https:\/\/ruraldentistry.ca\/fr\/\"]}]},{\"@type\":\"BreadcrumbList\",\"@id\":\"https:\/\/ruraldentistry.ca\/fr\/#breadcrumb\",\"itemListElement\":[{\"@type\":\"ListItem\",\"position\":1,\"name\":\"Accueil\",\"item\":\"https:\/\/ruraldentistry.ca\/fr\/\"},{\"@type\":\"ListItem\",\"position\":2,\"name\":\"Bienvenue sur le site Dentisterie en milieu rural !\"}]},{\"@type\":\"WebSite\",\"@id\":\"https:\/\/ruraldentistry.ca\/#website\",\"url\":\"https:\/\/ruraldentistry.ca\/\",\"name\":\"Dentisterie en milieu rural\",\"description\":\"Dentisterie en millieu rural et \u00e9loign\u00e9\",\"potentialAction\":[{\"@type\":\"SearchAction\",\"target\":{\"@type\":\"EntryPoint\",\"urlTemplate\":\"https:\/\/ruraldentistry.ca\/?s={search_term_string}\"},\"query-input\":\"required name=search_term_string\"}],\"inLanguage\":\"fr-FR\"}]}<\/script>\n<!-- \/ Yoast SEO plugin. -->","yoast_head_json":{"title":"Bienvenue sur le site Dentisterie en milieu rural ! - Dentisterie en milieu rural","robots":{"index":"index","follow":"follow","max-snippet":"max-snippet:-1","max-image-preview":"max-image-preview:large","max-video-preview":"max-video-preview:-1"},"canonical":"https:\/\/ruraldentistry.ca\/fr\/","og_locale":"fr_FR","og_type":"article","og_title":"Bienvenue sur le site Dentisterie en milieu rural ! - Dentisterie en milieu rural","og_url":"https:\/\/ruraldentistry.ca\/fr\/","og_site_name":"Dentisterie en milieu rural","article_modified_time":"2014-08-29T04:02:49+00:00","schema":{"@context":"https:\/\/schema.org","@graph":[{"@type":"WebPage","@id":"https:\/\/ruraldentistry.ca\/fr\/","url":"https:\/\/ruraldentistry.ca\/fr\/","name":"Bienvenue sur le site Dentisterie en milieu rural ! - Dentisterie en milieu rural","isPartOf":{"@id":"https:\/\/ruraldentistry.ca\/#website"},"datePublished":"2013-08-07T20:09:04+00:00","dateModified":"2014-08-29T04:02:49+00:00","breadcrumb":{"@id":"https:\/\/ruraldentistry.ca\/fr\/#breadcrumb"},"inLanguage":"fr-FR","potentialAction":[{"@type":"ReadAction","target":["https:\/\/ruraldentistry.ca\/fr\/"]}]},{"@type":"BreadcrumbList","@id":"https:\/\/ruraldentistry.ca\/fr\/#breadcrumb","itemListElement":[{"@type":"ListItem","position":1,"name":"Accueil","item":"https:\/\/ruraldentistry.ca\/fr\/"},{"@type":"ListItem","position":2,"name":"Bienvenue sur le site Dentisterie en milieu rural !"}]},{"@type":"WebSite","@id":"https:\/\/ruraldentistry.ca\/#website","url":"https:\/\/ruraldentistry.ca\/","name":"Dentisterie en milieu rural","description":"Dentisterie en millieu rural et \u00e9loign\u00e9","potentialAction":[{"@type":"SearchAction","target":{"@type":"EntryPoint","urlTemplate":"https:\/\/ruraldentistry.ca\/?s={search_term_string}"},"query-input":"required name=search_term_string"}],"inLanguage":"fr-FR"}]}},"_links":{"self":[{"href":"https:\/\/ruraldentistry.ca\/fr\/wp-json\/wp\/v2\/pages\/39"}],"collection":[{"href":"https:\/\/ruraldentistry.ca\/fr\/wp-json\/wp\/v2\/pages"}],"about":[{"href":"https:\/\/ruraldentistry.ca\/fr\/wp-json\/wp\/v2\/types\/page"}],"author":[{"embeddable":true,"href":"https:\/\/ruraldentistry.ca\/fr\/wp-json\/wp\/v2\/users\/1"}],"replies":[{"embeddable":true,"href":"https:\/\/ruraldentistry.ca\/fr\/wp-json\/wp\/v2\/comments?post=39"}],"version-history":[{"count":26,"href":"https:\/\/ruraldentistry.ca\/fr\/wp-json\/wp\/v2\/pages\/39\/revisions"}],"predecessor-version":[{"id":2102,"href":"https:\/\/ruraldentistry.ca\/fr\/wp-json\/wp\/v2\/pages\/39\/revisions\/2102"}],"wp:attachment":[{"href":"https:\/\/ruraldentistry.ca\/fr\/wp-json\/wp\/v2\/media?parent=39"}],"curies":[{"name":"wp","href":"https:\/\/api.w.org\/{rel}","templated":true}]}}