{"id":324,"date":"2013-08-15T13:27:34","date_gmt":"2013-08-15T17:27:34","guid":{"rendered":"https:\/\/ruraldentistry.ca\/?page_id=324"},"modified":"2014-01-31T11:16:23","modified_gmt":"2014-01-31T16:16:23","slug":"survol-de-la-situation","status":"publish","type":"page","link":"https:\/\/ruraldentistry.ca\/fr\/situation\/survol-de-la-situation\/","title":{"rendered":"Survol de la situation"},"content":{"rendered":"<ul>\n<li><a href=\"http:\/\/www.radio-canada.ca\/regions\/est-quebec\/2011\/03\/28\/003-dentiste-penurie-gaspesie.shtml\" target=\"_blank\">Importante p\u00e9nurie de dentistes en Gasp\u00e9sie<\/a><\/li>\n<li><a href=\"http:\/\/www.radio-canada.ca\/regions\/abitibi\/2010\/06\/10\/002-penurie_dentistes.shtml\" target=\"_blank\">Les dentistes se font rares<\/a><\/li>\n<li><a href=\" http:\/\/www.infodimanche.com\/actualites\/affaires-et-economie\/75487\/penurie-de-dentistes-en-vue\" target=\"_blank\">P\u00e9nurie de dentistes en vue<\/a><\/li>\n<li><a href=\"http:\/\/www.cda-adc.ca\/jcda\/vol-74\/issue-6\/515.html\" target=\"_blank\">Making the Case for Rural and Remote Dental Practices in Canada<\/a><\/li>\n<li><a href=\"http:\/\/jada.ada.org\/content\/133\/12\/1672.long\" target=\"_blank\">Oral health status of rural adults in the United States<\/a><\/li>\n<li><a href=\"http:\/\/depts.washington.edu\/uwrhrc\/uploads\/RuralCh4Comparisons.pdf\">Rural Demography and the Health Workforce: Interstate Comparisons<\/a><\/li>\n<\/ul>\n","protected":false},"excerpt":{"rendered":"<p>Importante p\u00e9nurie de dentistes en Gasp\u00e9sie Les dentistes se font rares P\u00e9nurie de dentistes en vue Making the Case for Rural and Remote Dental Practices in Canada Oral health status of rural adults in the United States Rural Demography and the Health Workforce: Interstate Comparisons<\/p>\n","protected":false},"author":1,"featured_media":0,"parent":9,"menu_order":0,"comment_status":"closed","ping_status":"closed","template":"","meta":{"ngg_post_thumbnail":0,"footnotes":""},"yoast_head":"<!-- This site is optimized with the Yoast SEO plugin v20.8 - https:\/\/yoast.com\/wordpress\/plugins\/seo\/ -->\n<title>Survol de la situation - Dentisterie en milieu rural<\/title>\n<meta name=\"robots\" content=\"index, follow, max-snippet:-1, max-image-preview:large, max-video-preview:-1\" \/>\n<link rel=\"canonical\" href=\"https:\/\/ruraldentistry.ca\/fr\/situation\/survol-de-la-situation\/\" \/>\n<meta property=\"og:locale\" content=\"fr_FR\" \/>\n<meta property=\"og:type\" content=\"article\" \/>\n<meta property=\"og:title\" content=\"Survol de la situation - Dentisterie en milieu rural\" \/>\n<meta property=\"og:description\" content=\"Importante p\u00e9nurie de dentistes en Gasp\u00e9sie Les dentistes se font rares P\u00e9nurie de dentistes en vue Making the Case for Rural and Remote Dental Practices in Canada Oral health status of rural adults in the United States Rural Demography and the Health Workforce: Interstate Comparisons\" \/>\n<meta property=\"og:url\" content=\"https:\/\/ruraldentistry.ca\/fr\/situation\/survol-de-la-situation\/\" \/>\n<meta property=\"og:site_name\" content=\"Dentisterie en milieu rural\" \/>\n<meta property=\"article:modified_time\" content=\"2014-01-31T16:16:23+00:00\" \/>\n<script type=\"application\/ld+json\" class=\"yoast-schema-graph\">{\"@context\":\"https:\/\/schema.org\",\"@graph\":[{\"@type\":\"WebPage\",\"@id\":\"https:\/\/ruraldentistry.ca\/fr\/situation\/survol-de-la-situation\/\",\"url\":\"https:\/\/ruraldentistry.ca\/fr\/situation\/survol-de-la-situation\/\",\"name\":\"Survol de la situation - Dentisterie en milieu rural\",\"isPartOf\":{\"@id\":\"https:\/\/ruraldentistry.ca\/#website\"},\"datePublished\":\"2013-08-15T17:27:34+00:00\",\"dateModified\":\"2014-01-31T16:16:23+00:00\",\"breadcrumb\":{\"@id\":\"https:\/\/ruraldentistry.ca\/fr\/situation\/survol-de-la-situation\/#breadcrumb\"},\"inLanguage\":\"fr-FR\",\"potentialAction\":[{\"@type\":\"ReadAction\",\"target\":[\"https:\/\/ruraldentistry.ca\/fr\/situation\/survol-de-la-situation\/\"]}]},{\"@type\":\"BreadcrumbList\",\"@id\":\"https:\/\/ruraldentistry.ca\/fr\/situation\/survol-de-la-situation\/#breadcrumb\",\"itemListElement\":[{\"@type\":\"ListItem\",\"position\":1,\"name\":\"Accueil\",\"item\":\"https:\/\/ruraldentistry.ca\/fr\/\"},{\"@type\":\"ListItem\",\"position\":2,\"name\":\"Situation\",\"item\":\"https:\/\/ruraldentistry.ca\/fr\/situation\/\"},{\"@type\":\"ListItem\",\"position\":3,\"name\":\"Survol de la situation\"}]},{\"@type\":\"WebSite\",\"@id\":\"https:\/\/ruraldentistry.ca\/#website\",\"url\":\"https:\/\/ruraldentistry.ca\/\",\"name\":\"Dentisterie en milieu rural\",\"description\":\"Dentisterie en millieu rural et \u00e9loign\u00e9\",\"potentialAction\":[{\"@type\":\"SearchAction\",\"target\":{\"@type\":\"EntryPoint\",\"urlTemplate\":\"https:\/\/ruraldentistry.ca\/?s={search_term_string}\"},\"query-input\":\"required name=search_term_string\"}],\"inLanguage\":\"fr-FR\"}]}<\/script>\n<!-- \/ Yoast SEO plugin. -->","yoast_head_json":{"title":"Survol de la situation - Dentisterie en milieu rural","robots":{"index":"index","follow":"follow","max-snippet":"max-snippet:-1","max-image-preview":"max-image-preview:large","max-video-preview":"max-video-preview:-1"},"canonical":"https:\/\/ruraldentistry.ca\/fr\/situation\/survol-de-la-situation\/","og_locale":"fr_FR","og_type":"article","og_title":"Survol de la situation - Dentisterie en milieu rural","og_description":"Importante p\u00e9nurie de dentistes en Gasp\u00e9sie Les dentistes se font rares P\u00e9nurie de dentistes en vue Making the Case for Rural and Remote Dental Practices in Canada Oral health status of rural adults in the United States Rural Demography and the Health Workforce: Interstate Comparisons","og_url":"https:\/\/ruraldentistry.ca\/fr\/situation\/survol-de-la-situation\/","og_site_name":"Dentisterie en milieu rural","article_modified_time":"2014-01-31T16:16:23+00:00","schema":{"@context":"https:\/\/schema.org","@graph":[{"@type":"WebPage","@id":"https:\/\/ruraldentistry.ca\/fr\/situation\/survol-de-la-situation\/","url":"https:\/\/ruraldentistry.ca\/fr\/situation\/survol-de-la-situation\/","name":"Survol de la situation - Dentisterie en milieu rural","isPartOf":{"@id":"https:\/\/ruraldentistry.ca\/#website"},"datePublished":"2013-08-15T17:27:34+00:00","dateModified":"2014-01-31T16:16:23+00:00","breadcrumb":{"@id":"https:\/\/ruraldentistry.ca\/fr\/situation\/survol-de-la-situation\/#breadcrumb"},"inLanguage":"fr-FR","potentialAction":[{"@type":"ReadAction","target":["https:\/\/ruraldentistry.ca\/fr\/situation\/survol-de-la-situation\/"]}]},{"@type":"BreadcrumbList","@id":"https:\/\/ruraldentistry.ca\/fr\/situation\/survol-de-la-situation\/#breadcrumb","itemListElement":[{"@type":"ListItem","position":1,"name":"Accueil","item":"https:\/\/ruraldentistry.ca\/fr\/"},{"@type":"ListItem","position":2,"name":"Situation","item":"https:\/\/ruraldentistry.ca\/fr\/situation\/"},{"@type":"ListItem","position":3,"name":"Survol de la situation"}]},{"@type":"WebSite","@id":"https:\/\/ruraldentistry.ca\/#website","url":"https:\/\/ruraldentistry.ca\/","name":"Dentisterie en milieu rural","description":"Dentisterie en millieu rural et \u00e9loign\u00e9","potentialAction":[{"@type":"SearchAction","target":{"@type":"EntryPoint","urlTemplate":"https:\/\/ruraldentistry.ca\/?s={search_term_string}"},"query-input":"required name=search_term_string"}],"inLanguage":"fr-FR"}]}},"_links":{"self":[{"href":"https:\/\/ruraldentistry.ca\/fr\/wp-json\/wp\/v2\/pages\/324"}],"collection":[{"href":"https:\/\/ruraldentistry.ca\/fr\/wp-json\/wp\/v2\/pages"}],"about":[{"href":"https:\/\/ruraldentistry.ca\/fr\/wp-json\/wp\/v2\/types\/page"}],"author":[{"embeddable":true,"href":"https:\/\/ruraldentistry.ca\/fr\/wp-json\/wp\/v2\/users\/1"}],"replies":[{"embeddable":true,"href":"https:\/\/ruraldentistry.ca\/fr\/wp-json\/wp\/v2\/comments?post=324"}],"version-history":[{"count":9,"href":"https:\/\/ruraldentistry.ca\/fr\/wp-json\/wp\/v2\/pages\/324\/revisions"}],"predecessor-version":[{"id":1259,"href":"https:\/\/ruraldentistry.ca\/fr\/wp-json\/wp\/v2\/pages\/324\/revisions\/1259"}],"up":[{"embeddable":true,"href":"https:\/\/ruraldentistry.ca\/fr\/wp-json\/wp\/v2\/pages\/9"}],"wp:attachment":[{"href":"https:\/\/ruraldentistry.ca\/fr\/wp-json\/wp\/v2\/media?parent=324"}],"curies":[{"name":"wp","href":"https:\/\/api.w.org\/{rel}","templated":true}]}}