{"id":321,"date":"2013-08-15T13:26:19","date_gmt":"2013-08-15T17:26:19","guid":{"rendered":"https:\/\/ruraldentistry.ca\/?page_id=321"},"modified":"2014-09-08T23:06:10","modified_gmt":"2014-09-09T03:06:10","slug":"defis-milieu-rural","status":"publish","type":"page","link":"https:\/\/ruraldentistry.ca\/fr\/situation\/defis-milieu-rural\/","title":{"rendered":"D\u00e9fis en milieu rural"},"content":{"rendered":"<h2>La crise en sant\u00e9 buccodentaire<\/h2>\n<p>La majorit\u00e9 des dentistes qui exercent dans les r\u00e9gions rurales et \u00e9loign\u00e9es deviennent \u00e2g\u00e9s et sont plus susceptibles de prendre leur retraite, ce qui peut compromettre la disponibilit\u00e9 des services dentaires\u00a0(<a class=\"reference\" title=\"References list\" href=\"https:\/\/ruraldentistry.ca\/fr\/outils\/liste-references\/#rac-2002\"><span class=\"label\">Rural assistance center, 2002<\/span><\/a>). Une telle p\u00e9nurie de main-d&rsquo;\u0153uvre dentaire peut s\u00e9rieusement entraver les efforts qui doivent \u00eatre faits pour am\u00e9liorer la sant\u00e9 buccodentaire de la communaut\u00e9.<\/p>\n<p>La forte pr\u00e9valence de la carie de la petite enfance chez les enfants autochtones du Canada exige des efforts importants pour la prestation de services afin de traiter ces l\u00e9sions, et, en m\u00eame temps, pour la mise en \u0153uvre de strat\u00e9gies de promotion de la sant\u00e9 bas\u00e9es sur la communaut\u00e9 et de pr\u00e9vention des maladies.<\/p>\n","protected":false},"excerpt":{"rendered":"<p>La crise en sant\u00e9 buccodentaire La majorit\u00e9 des dentistes qui exercent dans les r\u00e9gions rurales et \u00e9loign\u00e9es deviennent \u00e2g\u00e9s et sont plus susceptibles de prendre leur retraite, ce qui peut compromettre la disponibilit\u00e9 des services dentaires\u00a0(Rural assistance center, 2002). Une telle p\u00e9nurie de main-d&rsquo;\u0153uvre dentaire peut s\u00e9rieusement entraver les efforts qui doivent \u00eatre faits pour [&hellip;]<\/p>\n","protected":false},"author":1,"featured_media":0,"parent":9,"menu_order":0,"comment_status":"closed","ping_status":"closed","template":"","meta":{"ngg_post_thumbnail":0,"footnotes":""},"yoast_head":"<!-- This site is optimized with the Yoast SEO plugin v20.8 - https:\/\/yoast.com\/wordpress\/plugins\/seo\/ -->\n<title>D\u00e9fis en milieu rural - Dentisterie en milieu rural<\/title>\n<meta name=\"robots\" content=\"index, follow, max-snippet:-1, max-image-preview:large, max-video-preview:-1\" \/>\n<link rel=\"canonical\" href=\"https:\/\/ruraldentistry.ca\/fr\/situation\/defis-milieu-rural\/\" \/>\n<meta property=\"og:locale\" content=\"fr_FR\" \/>\n<meta property=\"og:type\" content=\"article\" \/>\n<meta property=\"og:title\" content=\"D\u00e9fis en milieu rural - Dentisterie en milieu rural\" \/>\n<meta property=\"og:description\" content=\"La crise en sant\u00e9 buccodentaire La majorit\u00e9 des dentistes qui exercent dans les r\u00e9gions rurales et \u00e9loign\u00e9es deviennent \u00e2g\u00e9s et sont plus susceptibles de prendre leur retraite, ce qui peut compromettre la disponibilit\u00e9 des services dentaires\u00a0(Rural assistance center, 2002). Une telle p\u00e9nurie de main-d&rsquo;\u0153uvre dentaire peut s\u00e9rieusement entraver les efforts qui doivent \u00eatre faits pour [&hellip;]\" \/>\n<meta property=\"og:url\" content=\"https:\/\/ruraldentistry.ca\/fr\/situation\/defis-milieu-rural\/\" \/>\n<meta property=\"og:site_name\" content=\"Dentisterie en milieu rural\" \/>\n<meta property=\"article:modified_time\" content=\"2014-09-09T03:06:10+00:00\" \/>\n<meta name=\"twitter:label1\" content=\"Est. reading time\" \/>\n\t<meta name=\"twitter:data1\" content=\"1 minute\" \/>\n<script type=\"application\/ld+json\" class=\"yoast-schema-graph\">{\"@context\":\"https:\/\/schema.org\",\"@graph\":[{\"@type\":\"WebPage\",\"@id\":\"https:\/\/ruraldentistry.ca\/fr\/situation\/defis-milieu-rural\/\",\"url\":\"https:\/\/ruraldentistry.ca\/fr\/situation\/defis-milieu-rural\/\",\"name\":\"D\u00e9fis en milieu rural - Dentisterie en milieu rural\",\"isPartOf\":{\"@id\":\"https:\/\/ruraldentistry.ca\/#website\"},\"datePublished\":\"2013-08-15T17:26:19+00:00\",\"dateModified\":\"2014-09-09T03:06:10+00:00\",\"breadcrumb\":{\"@id\":\"https:\/\/ruraldentistry.ca\/fr\/situation\/defis-milieu-rural\/#breadcrumb\"},\"inLanguage\":\"fr-FR\",\"potentialAction\":[{\"@type\":\"ReadAction\",\"target\":[\"https:\/\/ruraldentistry.ca\/fr\/situation\/defis-milieu-rural\/\"]}]},{\"@type\":\"BreadcrumbList\",\"@id\":\"https:\/\/ruraldentistry.ca\/fr\/situation\/defis-milieu-rural\/#breadcrumb\",\"itemListElement\":[{\"@type\":\"ListItem\",\"position\":1,\"name\":\"Accueil\",\"item\":\"https:\/\/ruraldentistry.ca\/fr\/\"},{\"@type\":\"ListItem\",\"position\":2,\"name\":\"Situation\",\"item\":\"https:\/\/ruraldentistry.ca\/fr\/situation\/\"},{\"@type\":\"ListItem\",\"position\":3,\"name\":\"D\u00e9fis en milieu rural\"}]},{\"@type\":\"WebSite\",\"@id\":\"https:\/\/ruraldentistry.ca\/#website\",\"url\":\"https:\/\/ruraldentistry.ca\/\",\"name\":\"Dentisterie en milieu rural\",\"description\":\"Dentisterie en millieu rural et \u00e9loign\u00e9\",\"potentialAction\":[{\"@type\":\"SearchAction\",\"target\":{\"@type\":\"EntryPoint\",\"urlTemplate\":\"https:\/\/ruraldentistry.ca\/?s={search_term_string}\"},\"query-input\":\"required name=search_term_string\"}],\"inLanguage\":\"fr-FR\"}]}<\/script>\n<!-- \/ Yoast SEO plugin. -->","yoast_head_json":{"title":"D\u00e9fis en milieu rural - Dentisterie en milieu rural","robots":{"index":"index","follow":"follow","max-snippet":"max-snippet:-1","max-image-preview":"max-image-preview:large","max-video-preview":"max-video-preview:-1"},"canonical":"https:\/\/ruraldentistry.ca\/fr\/situation\/defis-milieu-rural\/","og_locale":"fr_FR","og_type":"article","og_title":"D\u00e9fis en milieu rural - Dentisterie en milieu rural","og_description":"La crise en sant\u00e9 buccodentaire La majorit\u00e9 des dentistes qui exercent dans les r\u00e9gions rurales et \u00e9loign\u00e9es deviennent \u00e2g\u00e9s et sont plus susceptibles de prendre leur retraite, ce qui peut compromettre la disponibilit\u00e9 des services dentaires\u00a0(Rural assistance center, 2002). Une telle p\u00e9nurie de main-d&rsquo;\u0153uvre dentaire peut s\u00e9rieusement entraver les efforts qui doivent \u00eatre faits pour [&hellip;]","og_url":"https:\/\/ruraldentistry.ca\/fr\/situation\/defis-milieu-rural\/","og_site_name":"Dentisterie en milieu rural","article_modified_time":"2014-09-09T03:06:10+00:00","twitter_misc":{"Est. reading time":"1 minute"},"schema":{"@context":"https:\/\/schema.org","@graph":[{"@type":"WebPage","@id":"https:\/\/ruraldentistry.ca\/fr\/situation\/defis-milieu-rural\/","url":"https:\/\/ruraldentistry.ca\/fr\/situation\/defis-milieu-rural\/","name":"D\u00e9fis en milieu rural - Dentisterie en milieu rural","isPartOf":{"@id":"https:\/\/ruraldentistry.ca\/#website"},"datePublished":"2013-08-15T17:26:19+00:00","dateModified":"2014-09-09T03:06:10+00:00","breadcrumb":{"@id":"https:\/\/ruraldentistry.ca\/fr\/situation\/defis-milieu-rural\/#breadcrumb"},"inLanguage":"fr-FR","potentialAction":[{"@type":"ReadAction","target":["https:\/\/ruraldentistry.ca\/fr\/situation\/defis-milieu-rural\/"]}]},{"@type":"BreadcrumbList","@id":"https:\/\/ruraldentistry.ca\/fr\/situation\/defis-milieu-rural\/#breadcrumb","itemListElement":[{"@type":"ListItem","position":1,"name":"Accueil","item":"https:\/\/ruraldentistry.ca\/fr\/"},{"@type":"ListItem","position":2,"name":"Situation","item":"https:\/\/ruraldentistry.ca\/fr\/situation\/"},{"@type":"ListItem","position":3,"name":"D\u00e9fis en milieu rural"}]},{"@type":"WebSite","@id":"https:\/\/ruraldentistry.ca\/#website","url":"https:\/\/ruraldentistry.ca\/","name":"Dentisterie en milieu rural","description":"Dentisterie en millieu rural et \u00e9loign\u00e9","potentialAction":[{"@type":"SearchAction","target":{"@type":"EntryPoint","urlTemplate":"https:\/\/ruraldentistry.ca\/?s={search_term_string}"},"query-input":"required name=search_term_string"}],"inLanguage":"fr-FR"}]}},"_links":{"self":[{"href":"https:\/\/ruraldentistry.ca\/fr\/wp-json\/wp\/v2\/pages\/321"}],"collection":[{"href":"https:\/\/ruraldentistry.ca\/fr\/wp-json\/wp\/v2\/pages"}],"about":[{"href":"https:\/\/ruraldentistry.ca\/fr\/wp-json\/wp\/v2\/types\/page"}],"author":[{"embeddable":true,"href":"https:\/\/ruraldentistry.ca\/fr\/wp-json\/wp\/v2\/users\/1"}],"replies":[{"embeddable":true,"href":"https:\/\/ruraldentistry.ca\/fr\/wp-json\/wp\/v2\/comments?post=321"}],"version-history":[{"count":19,"href":"https:\/\/ruraldentistry.ca\/fr\/wp-json\/wp\/v2\/pages\/321\/revisions"}],"predecessor-version":[{"id":2238,"href":"https:\/\/ruraldentistry.ca\/fr\/wp-json\/wp\/v2\/pages\/321\/revisions\/2238"}],"up":[{"embeddable":true,"href":"https:\/\/ruraldentistry.ca\/fr\/wp-json\/wp\/v2\/pages\/9"}],"wp:attachment":[{"href":"https:\/\/ruraldentistry.ca\/fr\/wp-json\/wp\/v2\/media?parent=321"}],"curies":[{"name":"wp","href":"https:\/\/api.w.org\/{rel}","templated":true}]}}