{"id":318,"date":"2013-08-15T13:21:25","date_gmt":"2013-08-15T17:21:25","guid":{"rendered":"https:\/\/ruraldentistry.ca\/?page_id=318"},"modified":"2014-09-08T23:03:03","modified_gmt":"2014-09-09T03:03:03","slug":"distribution-professionnels-soins-dentaires","status":"publish","type":"page","link":"https:\/\/ruraldentistry.ca\/fr\/situation\/distribution-professionnels-soins-dentaires\/","title":{"rendered":"Distribution des professionnels en soins dentaires"},"content":{"rendered":"<h2>Les communaut\u00e9s rurales et la distribution des professionnels en sant\u00e9 dentaire<\/h2>\n<p>La r\u00e9partition des effectifs dentaires dans les milieux rural et urbain est tr\u00e8s asym\u00e9trique et donne lieu \u00e0 des disparit\u00e9s sociales et \u00e0 des obstacles quant \u00e0 l&rsquo;acc\u00e8s aux soins de sant\u00e9 buccodentaire. En 2009, le ratio dentistes \/ population au Canada \u00e9tait 57,6 dentistes pour 100 000 personnes, et dans la m\u00eame ann\u00e9e, le ratio dentistes \/ population dans les r\u00e9gions rurales \u00e9tait de 3,5 fois plus faible que dans les zones urbaines (<a class=\"reference\" title=\"References list\" href=\"https:\/\/ruraldentistry.ca\/fr\/outils\/liste-references\/#cda-2010\"><span class=\"label\"><span style=\"font-size: medium;\">CDA, 2010<\/span><\/span><\/a>).<\/p>\n<p><a href=\"https:\/\/ruraldentistry.ca\/wp-content\/uploads\/2013\/08\/jpg\/Distribution_gographique-2.jpg\"><img decoding=\"async\" loading=\"lazy\" class=\" alignleft\" src=\"https:\/\/ruraldentistry.ca\/wp-content\/uploads\/2013\/08\/jpg\/Distribution_gographique-2.jpg\" alt=\"Distribution_geographique \" width=\"203\" height=\"237\" \/><\/a><\/p>\n<p>Au Qu\u00e9bec, les dentistes dans les zones rurales et les petites villes sont dispers\u00e9s sur un vaste territoire:<\/p>\n<ul>\n<li>Environ 90,3% des professionnels de la sant\u00e9 buccodentaire pratiquent en milieu urbain\u00a0(<a class=\"reference\" title=\"References list\" href=\"https:\/\/ruraldentistry.ca\/fr\/outils\/liste-references\/#emami-elham-et-al-2010\"><span class=\"label\">Emami Elham et\u00a0al., 2010<\/span><\/a>).<\/li>\n<li>Les professionnels de la sant\u00e9 buccodentaire sont concentr\u00e9s dans les grands centres urbains comme Montr\u00e9al, Qu\u00e9bec et Sherbrooke (<a class=\"reference\" title=\"References list\" href=\"https:\/\/ruraldentistry.ca\/fr\/outils\/liste-references\/#emami-elham-et-al-2010\"><span class=\"label\">Emami Elham et\u00a0al., 2010<\/span><\/a>).<\/li>\n<li>Seulement 1% de tous les sp\u00e9cialistes au Qu\u00e9bec pratiquent dans une r\u00e9gion rurale (<a class=\"reference\" title=\"References list\" href=\"https:\/\/ruraldentistry.ca\/fr\/outils\/liste-references\/#emami-elham-et-al-2010\"><span class=\"label\">Emami Elham et\u00a0al., 2010<\/span><\/a>).<\/li>\n<li>Certains territoires comme la Basse-C\u00f4te-Nord, le nord qu\u00e9b\u00e9cois, le nord de Mont-Laurier et de Maniwaki et l\u2019est de T\u00e9miscamingue ne sont pas du tout desservis par des professionnels de la sant\u00e9 buccodentaire (<a class=\"reference\" title=\"References list\" href=\"https:\/\/ruraldentistry.ca\/fr\/outils\/liste-references\/#emami-elham-et-al-2010\"><span class=\"label\">Emami Elham et\u00a0al., 2010<\/span><\/a>).<\/li>\n<\/ul>\n<table border=\"0\" align=\"center\">\n<tbody>\n<tr>\n<td><a href=\"https:\/\/ruraldentistry.ca\/wp-content\/uploads\/2013\/08\/JPG\/distribution-of-dental-workforce-1.jpg\"><img decoding=\"async\" loading=\"lazy\" src=\"https:\/\/ruraldentistry.ca\/wp-content\/uploads\/2013\/08\/JPG\/distribution-of-dental-workforce-1.jpg\" alt=\"distribution of dental workforce \" width=\"305\" height=\"202\" \/><\/a><\/td>\n<td><a href=\"https:\/\/ruraldentistry.ca\/wp-content\/uploads\/2013\/08\/jpg\/Picture_ratio_dentiste.jpg\"><img decoding=\"async\" loading=\"lazy\" src=\"https:\/\/ruraldentistry.ca\/wp-content\/uploads\/2013\/08\/jpg\/Picture_ratio_dentiste.jpg\" alt=\"Picture_ratio_dentiste\" width=\"143\" height=\"197\" \/><\/a><\/td>\n<\/tr>\n<\/tbody>\n<\/table>\n","protected":false},"excerpt":{"rendered":"<p>Les communaut\u00e9s rurales et la distribution des professionnels en sant\u00e9 dentaire La r\u00e9partition des effectifs dentaires dans les milieux rural et urbain est tr\u00e8s asym\u00e9trique et donne lieu \u00e0 des disparit\u00e9s sociales et \u00e0 des obstacles quant \u00e0 l&rsquo;acc\u00e8s aux soins de sant\u00e9 buccodentaire. En 2009, le ratio dentistes \/ population au Canada \u00e9tait 57,6 [&hellip;]<\/p>\n","protected":false},"author":1,"featured_media":0,"parent":9,"menu_order":0,"comment_status":"closed","ping_status":"closed","template":"","meta":{"ngg_post_thumbnail":0,"footnotes":""},"yoast_head":"<!-- This site is optimized with the Yoast SEO plugin v20.8 - https:\/\/yoast.com\/wordpress\/plugins\/seo\/ -->\n<title>Distribution des professionnels en soins dentaires - Dentisterie en milieu rural<\/title>\n<meta name=\"robots\" content=\"index, follow, max-snippet:-1, max-image-preview:large, max-video-preview:-1\" \/>\n<link rel=\"canonical\" href=\"https:\/\/ruraldentistry.ca\/fr\/situation\/distribution-professionnels-soins-dentaires\/\" \/>\n<meta property=\"og:locale\" content=\"fr_FR\" \/>\n<meta property=\"og:type\" content=\"article\" \/>\n<meta property=\"og:title\" content=\"Distribution des professionnels en soins dentaires - Dentisterie en milieu rural\" \/>\n<meta property=\"og:description\" content=\"Les communaut\u00e9s rurales et la distribution des professionnels en sant\u00e9 dentaire La r\u00e9partition des effectifs dentaires dans les milieux rural et urbain est tr\u00e8s asym\u00e9trique et donne lieu \u00e0 des disparit\u00e9s sociales et \u00e0 des obstacles quant \u00e0 l&rsquo;acc\u00e8s aux soins de sant\u00e9 buccodentaire. En 2009, le ratio dentistes \/ population au Canada \u00e9tait 57,6 [&hellip;]\" \/>\n<meta property=\"og:url\" content=\"https:\/\/ruraldentistry.ca\/fr\/situation\/distribution-professionnels-soins-dentaires\/\" \/>\n<meta property=\"og:site_name\" content=\"Dentisterie en milieu rural\" \/>\n<meta property=\"article:modified_time\" content=\"2014-09-09T03:03:03+00:00\" \/>\n<meta property=\"og:image\" content=\"https:\/\/ruraldentistry.ca\/wp-content\/uploads\/2013\/08\/jpg\/Distribution_gographique-2.jpg\" \/>\n<meta name=\"twitter:label1\" content=\"Est. reading time\" \/>\n\t<meta name=\"twitter:data1\" content=\"1 minute\" \/>\n<script type=\"application\/ld+json\" class=\"yoast-schema-graph\">{\"@context\":\"https:\/\/schema.org\",\"@graph\":[{\"@type\":\"WebPage\",\"@id\":\"https:\/\/ruraldentistry.ca\/fr\/situation\/distribution-professionnels-soins-dentaires\/\",\"url\":\"https:\/\/ruraldentistry.ca\/fr\/situation\/distribution-professionnels-soins-dentaires\/\",\"name\":\"Distribution des professionnels en soins dentaires - Dentisterie en milieu rural\",\"isPartOf\":{\"@id\":\"https:\/\/ruraldentistry.ca\/#website\"},\"datePublished\":\"2013-08-15T17:21:25+00:00\",\"dateModified\":\"2014-09-09T03:03:03+00:00\",\"breadcrumb\":{\"@id\":\"https:\/\/ruraldentistry.ca\/fr\/situation\/distribution-professionnels-soins-dentaires\/#breadcrumb\"},\"inLanguage\":\"fr-FR\",\"potentialAction\":[{\"@type\":\"ReadAction\",\"target\":[\"https:\/\/ruraldentistry.ca\/fr\/situation\/distribution-professionnels-soins-dentaires\/\"]}]},{\"@type\":\"BreadcrumbList\",\"@id\":\"https:\/\/ruraldentistry.ca\/fr\/situation\/distribution-professionnels-soins-dentaires\/#breadcrumb\",\"itemListElement\":[{\"@type\":\"ListItem\",\"position\":1,\"name\":\"Accueil\",\"item\":\"https:\/\/ruraldentistry.ca\/fr\/\"},{\"@type\":\"ListItem\",\"position\":2,\"name\":\"Situation\",\"item\":\"https:\/\/ruraldentistry.ca\/fr\/situation\/\"},{\"@type\":\"ListItem\",\"position\":3,\"name\":\"Distribution des professionnels en soins dentaires\"}]},{\"@type\":\"WebSite\",\"@id\":\"https:\/\/ruraldentistry.ca\/#website\",\"url\":\"https:\/\/ruraldentistry.ca\/\",\"name\":\"Dentisterie en milieu rural\",\"description\":\"Dentisterie en millieu rural et \u00e9loign\u00e9\",\"potentialAction\":[{\"@type\":\"SearchAction\",\"target\":{\"@type\":\"EntryPoint\",\"urlTemplate\":\"https:\/\/ruraldentistry.ca\/?s={search_term_string}\"},\"query-input\":\"required name=search_term_string\"}],\"inLanguage\":\"fr-FR\"}]}<\/script>\n<!-- \/ Yoast SEO plugin. -->","yoast_head_json":{"title":"Distribution des professionnels en soins dentaires - Dentisterie en milieu rural","robots":{"index":"index","follow":"follow","max-snippet":"max-snippet:-1","max-image-preview":"max-image-preview:large","max-video-preview":"max-video-preview:-1"},"canonical":"https:\/\/ruraldentistry.ca\/fr\/situation\/distribution-professionnels-soins-dentaires\/","og_locale":"fr_FR","og_type":"article","og_title":"Distribution des professionnels en soins dentaires - Dentisterie en milieu rural","og_description":"Les communaut\u00e9s rurales et la distribution des professionnels en sant\u00e9 dentaire La r\u00e9partition des effectifs dentaires dans les milieux rural et urbain est tr\u00e8s asym\u00e9trique et donne lieu \u00e0 des disparit\u00e9s sociales et \u00e0 des obstacles quant \u00e0 l&rsquo;acc\u00e8s aux soins de sant\u00e9 buccodentaire. En 2009, le ratio dentistes \/ population au Canada \u00e9tait 57,6 [&hellip;]","og_url":"https:\/\/ruraldentistry.ca\/fr\/situation\/distribution-professionnels-soins-dentaires\/","og_site_name":"Dentisterie en milieu rural","article_modified_time":"2014-09-09T03:03:03+00:00","og_image":[{"url":"https:\/\/ruraldentistry.ca\/wp-content\/uploads\/2013\/08\/jpg\/Distribution_gographique-2.jpg"}],"twitter_misc":{"Est. reading time":"1 minute"},"schema":{"@context":"https:\/\/schema.org","@graph":[{"@type":"WebPage","@id":"https:\/\/ruraldentistry.ca\/fr\/situation\/distribution-professionnels-soins-dentaires\/","url":"https:\/\/ruraldentistry.ca\/fr\/situation\/distribution-professionnels-soins-dentaires\/","name":"Distribution des professionnels en soins dentaires - Dentisterie en milieu rural","isPartOf":{"@id":"https:\/\/ruraldentistry.ca\/#website"},"datePublished":"2013-08-15T17:21:25+00:00","dateModified":"2014-09-09T03:03:03+00:00","breadcrumb":{"@id":"https:\/\/ruraldentistry.ca\/fr\/situation\/distribution-professionnels-soins-dentaires\/#breadcrumb"},"inLanguage":"fr-FR","potentialAction":[{"@type":"ReadAction","target":["https:\/\/ruraldentistry.ca\/fr\/situation\/distribution-professionnels-soins-dentaires\/"]}]},{"@type":"BreadcrumbList","@id":"https:\/\/ruraldentistry.ca\/fr\/situation\/distribution-professionnels-soins-dentaires\/#breadcrumb","itemListElement":[{"@type":"ListItem","position":1,"name":"Accueil","item":"https:\/\/ruraldentistry.ca\/fr\/"},{"@type":"ListItem","position":2,"name":"Situation","item":"https:\/\/ruraldentistry.ca\/fr\/situation\/"},{"@type":"ListItem","position":3,"name":"Distribution des professionnels en soins dentaires"}]},{"@type":"WebSite","@id":"https:\/\/ruraldentistry.ca\/#website","url":"https:\/\/ruraldentistry.ca\/","name":"Dentisterie en milieu rural","description":"Dentisterie en millieu rural et \u00e9loign\u00e9","potentialAction":[{"@type":"SearchAction","target":{"@type":"EntryPoint","urlTemplate":"https:\/\/ruraldentistry.ca\/?s={search_term_string}"},"query-input":"required name=search_term_string"}],"inLanguage":"fr-FR"}]}},"_links":{"self":[{"href":"https:\/\/ruraldentistry.ca\/fr\/wp-json\/wp\/v2\/pages\/318"}],"collection":[{"href":"https:\/\/ruraldentistry.ca\/fr\/wp-json\/wp\/v2\/pages"}],"about":[{"href":"https:\/\/ruraldentistry.ca\/fr\/wp-json\/wp\/v2\/types\/page"}],"author":[{"embeddable":true,"href":"https:\/\/ruraldentistry.ca\/fr\/wp-json\/wp\/v2\/users\/1"}],"replies":[{"embeddable":true,"href":"https:\/\/ruraldentistry.ca\/fr\/wp-json\/wp\/v2\/comments?post=318"}],"version-history":[{"count":46,"href":"https:\/\/ruraldentistry.ca\/fr\/wp-json\/wp\/v2\/pages\/318\/revisions"}],"predecessor-version":[{"id":2236,"href":"https:\/\/ruraldentistry.ca\/fr\/wp-json\/wp\/v2\/pages\/318\/revisions\/2236"}],"up":[{"embeddable":true,"href":"https:\/\/ruraldentistry.ca\/fr\/wp-json\/wp\/v2\/pages\/9"}],"wp:attachment":[{"href":"https:\/\/ruraldentistry.ca\/fr\/wp-json\/wp\/v2\/media?parent=318"}],"curies":[{"name":"wp","href":"https:\/\/api.w.org\/{rel}","templated":true}]}}