{"id":31,"date":"2013-08-07T16:04:09","date_gmt":"2013-08-07T20:04:09","guid":{"rendered":"https:\/\/ruraldentistry.ca\/?page_id=31"},"modified":"2014-08-29T01:17:14","modified_gmt":"2014-08-29T05:17:14","slug":"contribuer","status":"publish","type":"page","link":"https:\/\/ruraldentistry.ca\/fr\/contribuer\/","title":{"rendered":"Contribuer"},"content":{"rendered":"<h2>Comment faire un don?<\/h2>\n<p><span lang=\"FR\">Vous avez le choix. Votre don, petit ou grand, fera une diff\u00e9rence pour la recherche, le d\u00e9veloppement et la promotion des soins buccodentaires dans les r\u00e9gions rurales et \u00e9loign\u00e9es au Qu\u00e9bec.<\/span><\/p>\n<p>De nombreuses options de contribution sont disponibles\u00a0:<\/p>\n<ul>\n<li>dons annuels<\/li>\n<li>dons planifi\u00e9s<\/li>\n<li>fonds personnalis\u00e9s capitalis\u00e9s ou mixtes<\/li>\n<li>bourses ou prix personnalis\u00e9s<\/li>\n<li>don In Memoriam<\/li>\n<\/ul>\n<p><strong>Marie-H\u00e9l\u00e8ne Paquette<\/strong>, conseill\u00e8re en d\u00e9veloppement<br \/>\nFacult\u00e9 de m\u00e9decine dentaire<br \/>\n514 343-6050<br \/>\nmarie-helene.paquette@umontreal.ca<\/p>\n","protected":false},"excerpt":{"rendered":"<p>Comment faire un don? Vous avez le choix. Votre don, petit ou grand, fera une diff\u00e9rence pour la recherche, le d\u00e9veloppement et la promotion des soins buccodentaires dans les r\u00e9gions rurales et \u00e9loign\u00e9es au Qu\u00e9bec. De nombreuses options de contribution sont disponibles\u00a0: dons annuels dons planifi\u00e9s fonds personnalis\u00e9s capitalis\u00e9s ou mixtes bourses ou prix personnalis\u00e9s [&hellip;]<\/p>\n","protected":false},"author":1,"featured_media":0,"parent":0,"menu_order":0,"comment_status":"closed","ping_status":"closed","template":"","meta":{"ngg_post_thumbnail":0,"footnotes":""},"yoast_head":"<!-- This site is optimized with the Yoast SEO plugin v20.8 - https:\/\/yoast.com\/wordpress\/plugins\/seo\/ -->\n<title>Contribuer - Dentisterie en milieu rural<\/title>\n<meta name=\"robots\" content=\"index, follow, max-snippet:-1, max-image-preview:large, max-video-preview:-1\" \/>\n<link rel=\"canonical\" href=\"https:\/\/ruraldentistry.ca\/fr\/contribuer\/\" \/>\n<meta property=\"og:locale\" content=\"fr_FR\" \/>\n<meta property=\"og:type\" content=\"article\" \/>\n<meta property=\"og:title\" content=\"Contribuer - Dentisterie en milieu rural\" \/>\n<meta property=\"og:description\" content=\"Comment faire un don? Vous avez le choix. Votre don, petit ou grand, fera une diff\u00e9rence pour la recherche, le d\u00e9veloppement et la promotion des soins buccodentaires dans les r\u00e9gions rurales et \u00e9loign\u00e9es au Qu\u00e9bec. De nombreuses options de contribution sont disponibles\u00a0: dons annuels dons planifi\u00e9s fonds personnalis\u00e9s capitalis\u00e9s ou mixtes bourses ou prix personnalis\u00e9s [&hellip;]\" \/>\n<meta property=\"og:url\" content=\"https:\/\/ruraldentistry.ca\/fr\/contribuer\/\" \/>\n<meta property=\"og:site_name\" content=\"Dentisterie en milieu rural\" \/>\n<meta property=\"article:modified_time\" content=\"2014-08-29T05:17:14+00:00\" \/>\n<script type=\"application\/ld+json\" class=\"yoast-schema-graph\">{\"@context\":\"https:\/\/schema.org\",\"@graph\":[{\"@type\":\"WebPage\",\"@id\":\"https:\/\/ruraldentistry.ca\/fr\/contribuer\/\",\"url\":\"https:\/\/ruraldentistry.ca\/fr\/contribuer\/\",\"name\":\"Contribuer - Dentisterie en milieu rural\",\"isPartOf\":{\"@id\":\"https:\/\/ruraldentistry.ca\/#website\"},\"datePublished\":\"2013-08-07T20:04:09+00:00\",\"dateModified\":\"2014-08-29T05:17:14+00:00\",\"breadcrumb\":{\"@id\":\"https:\/\/ruraldentistry.ca\/fr\/contribuer\/#breadcrumb\"},\"inLanguage\":\"fr-FR\",\"potentialAction\":[{\"@type\":\"ReadAction\",\"target\":[\"https:\/\/ruraldentistry.ca\/fr\/contribuer\/\"]}]},{\"@type\":\"BreadcrumbList\",\"@id\":\"https:\/\/ruraldentistry.ca\/fr\/contribuer\/#breadcrumb\",\"itemListElement\":[{\"@type\":\"ListItem\",\"position\":1,\"name\":\"Accueil\",\"item\":\"https:\/\/ruraldentistry.ca\/fr\/\"},{\"@type\":\"ListItem\",\"position\":2,\"name\":\"Contribuer\"}]},{\"@type\":\"WebSite\",\"@id\":\"https:\/\/ruraldentistry.ca\/#website\",\"url\":\"https:\/\/ruraldentistry.ca\/\",\"name\":\"Dentisterie en milieu rural\",\"description\":\"Dentisterie en millieu rural et \u00e9loign\u00e9\",\"potentialAction\":[{\"@type\":\"SearchAction\",\"target\":{\"@type\":\"EntryPoint\",\"urlTemplate\":\"https:\/\/ruraldentistry.ca\/?s={search_term_string}\"},\"query-input\":\"required name=search_term_string\"}],\"inLanguage\":\"fr-FR\"}]}<\/script>\n<!-- \/ Yoast SEO plugin. -->","yoast_head_json":{"title":"Contribuer - Dentisterie en milieu rural","robots":{"index":"index","follow":"follow","max-snippet":"max-snippet:-1","max-image-preview":"max-image-preview:large","max-video-preview":"max-video-preview:-1"},"canonical":"https:\/\/ruraldentistry.ca\/fr\/contribuer\/","og_locale":"fr_FR","og_type":"article","og_title":"Contribuer - Dentisterie en milieu rural","og_description":"Comment faire un don? Vous avez le choix. Votre don, petit ou grand, fera une diff\u00e9rence pour la recherche, le d\u00e9veloppement et la promotion des soins buccodentaires dans les r\u00e9gions rurales et \u00e9loign\u00e9es au Qu\u00e9bec. De nombreuses options de contribution sont disponibles\u00a0: dons annuels dons planifi\u00e9s fonds personnalis\u00e9s capitalis\u00e9s ou mixtes bourses ou prix personnalis\u00e9s [&hellip;]","og_url":"https:\/\/ruraldentistry.ca\/fr\/contribuer\/","og_site_name":"Dentisterie en milieu rural","article_modified_time":"2014-08-29T05:17:14+00:00","schema":{"@context":"https:\/\/schema.org","@graph":[{"@type":"WebPage","@id":"https:\/\/ruraldentistry.ca\/fr\/contribuer\/","url":"https:\/\/ruraldentistry.ca\/fr\/contribuer\/","name":"Contribuer - Dentisterie en milieu rural","isPartOf":{"@id":"https:\/\/ruraldentistry.ca\/#website"},"datePublished":"2013-08-07T20:04:09+00:00","dateModified":"2014-08-29T05:17:14+00:00","breadcrumb":{"@id":"https:\/\/ruraldentistry.ca\/fr\/contribuer\/#breadcrumb"},"inLanguage":"fr-FR","potentialAction":[{"@type":"ReadAction","target":["https:\/\/ruraldentistry.ca\/fr\/contribuer\/"]}]},{"@type":"BreadcrumbList","@id":"https:\/\/ruraldentistry.ca\/fr\/contribuer\/#breadcrumb","itemListElement":[{"@type":"ListItem","position":1,"name":"Accueil","item":"https:\/\/ruraldentistry.ca\/fr\/"},{"@type":"ListItem","position":2,"name":"Contribuer"}]},{"@type":"WebSite","@id":"https:\/\/ruraldentistry.ca\/#website","url":"https:\/\/ruraldentistry.ca\/","name":"Dentisterie en milieu rural","description":"Dentisterie en millieu rural et \u00e9loign\u00e9","potentialAction":[{"@type":"SearchAction","target":{"@type":"EntryPoint","urlTemplate":"https:\/\/ruraldentistry.ca\/?s={search_term_string}"},"query-input":"required name=search_term_string"}],"inLanguage":"fr-FR"}]}},"_links":{"self":[{"href":"https:\/\/ruraldentistry.ca\/fr\/wp-json\/wp\/v2\/pages\/31"}],"collection":[{"href":"https:\/\/ruraldentistry.ca\/fr\/wp-json\/wp\/v2\/pages"}],"about":[{"href":"https:\/\/ruraldentistry.ca\/fr\/wp-json\/wp\/v2\/types\/page"}],"author":[{"embeddable":true,"href":"https:\/\/ruraldentistry.ca\/fr\/wp-json\/wp\/v2\/users\/1"}],"replies":[{"embeddable":true,"href":"https:\/\/ruraldentistry.ca\/fr\/wp-json\/wp\/v2\/comments?post=31"}],"version-history":[{"count":15,"href":"https:\/\/ruraldentistry.ca\/fr\/wp-json\/wp\/v2\/pages\/31\/revisions"}],"predecessor-version":[{"id":2125,"href":"https:\/\/ruraldentistry.ca\/fr\/wp-json\/wp\/v2\/pages\/31\/revisions\/2125"}],"wp:attachment":[{"href":"https:\/\/ruraldentistry.ca\/fr\/wp-json\/wp\/v2\/media?parent=31"}],"curies":[{"name":"wp","href":"https:\/\/api.w.org\/{rel}","templated":true}]}}