{"id":26,"date":"2013-08-07T16:01:38","date_gmt":"2013-08-07T20:01:38","guid":{"rendered":"https:\/\/ruraldentistry.ca\/?page_id=26"},"modified":"2014-09-09T13:18:53","modified_gmt":"2014-09-09T17:18:53","slug":"gaspesie","status":"publish","type":"page","link":"https:\/\/ruraldentistry.ca\/fr\/regions\/gaspesie\/","title":{"rendered":"Gasp\u00e9sie-\u00celes-de-la-Madeleine"},"content":{"rendered":"<p>Selon le magazine National Geographic, la Gasp\u00e9sie se classe parmi le top 20 des meilleures destinations mondiales en 2011, la seule au Canada! Il s\u2019agit d\u2019une r\u00e9gion reconnue pour ses plages, ses innombrables activit\u00e9s de plein air et son fameux Rocher Perc\u00e9. Par ailleurs, en plus de vous offrir des paysages spectaculaires quotidiennement, la Gasp\u00e9sie vous tend la main avec une qualit\u00e9 de vie sans pareil et une pratique de la dentisterie valorisante.<\/p>\n<p>La Gasp\u00e9sie poss\u00e8de un des plus faibles ratios de dentiste\/population de toute la province de Qu\u00e9bec (<a class=\"reference\" title=\"References list\" href=\"https:\/\/ruraldentistry.ca\/fr\/outils\/liste-references\/#odq-2010\"><span class=\"label\">ODQ, 2010<\/span><\/a>). \u00c0 ce jour, il n\u2019y a toujours pas de sp\u00e9cialiste \u00e9tabli dans la r\u00e9gion, ce qui contribue \u00e0 limiter l\u2019acc\u00e8s aux soins.<\/p>\n<h2><b>Distribution des professionnels en sant\u00e9 buccodentaire<br \/>\n<\/b><\/h2>\n<p>Les dentistes sont concentr\u00e9s dans les villes de Perc\u00e9, Gasp\u00e9, Sainte-Anne-des-Monts et New Richmond. Les peu nombreux dentistes qui sont \u00e9tablis \u00e0 l\u2019ext\u00e9rieur de ces centres sont toutefois situ\u00e9s relativement proches de ces villes. Au niveau des \u00celes-de-la-Madeleine, il semblerait que la r\u00e9partition des dentistes soit suffisante en raison de la faible superficie du territoire.<\/p>\n<p>En 2011, la r\u00e9alit\u00e9 est telle que les habitants \u00abdoivent attendre en moyenne pr\u00e8s de six mois pour obtenir un rendez-vous ou doivent parcourir une centaine de kilom\u00e8tres (<a class=\"reference\" title=\"References list\" href=\"https:\/\/ruraldentistry.ca\/fr\/outils\/liste-references\/#radio-canada-2011\"><span class=\"label\">Radio Canada, 2011<\/span><\/a>). La situation ne s\u2019am\u00e9liore que tr\u00e8s lentement. Les villes qui en souffrent le plus sont Gasp\u00e9, Sainte-Anne-des-Monts et New Richmond, o\u00f9 les cliniques d\u00e9bordent.<\/p>\n","protected":false},"excerpt":{"rendered":"<p>Selon le magazine National Geographic, la Gasp\u00e9sie se classe parmi le top 20 des meilleures destinations mondiales en 2011, la seule au Canada! Il s\u2019agit d\u2019une r\u00e9gion reconnue pour ses plages, ses innombrables activit\u00e9s de plein air et son fameux Rocher Perc\u00e9. Par ailleurs, en plus de vous offrir des paysages spectaculaires quotidiennement, la Gasp\u00e9sie [&hellip;]<\/p>\n","protected":false},"author":1,"featured_media":0,"parent":18,"menu_order":0,"comment_status":"closed","ping_status":"closed","template":"","meta":{"ngg_post_thumbnail":0,"footnotes":""},"yoast_head":"<!-- This site is optimized with the Yoast SEO plugin v20.8 - https:\/\/yoast.com\/wordpress\/plugins\/seo\/ -->\n<title>Gasp\u00e9sie-\u00celes-de-la-Madeleine - Dentisterie en milieu rural<\/title>\n<meta name=\"robots\" content=\"index, follow, max-snippet:-1, max-image-preview:large, max-video-preview:-1\" \/>\n<link rel=\"canonical\" href=\"https:\/\/ruraldentistry.ca\/fr\/regions\/gaspesie\/\" \/>\n<meta property=\"og:locale\" content=\"fr_FR\" \/>\n<meta property=\"og:type\" content=\"article\" \/>\n<meta property=\"og:title\" content=\"Gasp\u00e9sie-\u00celes-de-la-Madeleine - Dentisterie en milieu rural\" \/>\n<meta property=\"og:description\" content=\"Selon le magazine National Geographic, la Gasp\u00e9sie se classe parmi le top 20 des meilleures destinations mondiales en 2011, la seule au Canada! Il s\u2019agit d\u2019une r\u00e9gion reconnue pour ses plages, ses innombrables activit\u00e9s de plein air et son fameux Rocher Perc\u00e9. Par ailleurs, en plus de vous offrir des paysages spectaculaires quotidiennement, la Gasp\u00e9sie [&hellip;]\" \/>\n<meta property=\"og:url\" content=\"https:\/\/ruraldentistry.ca\/fr\/regions\/gaspesie\/\" \/>\n<meta property=\"og:site_name\" content=\"Dentisterie en milieu rural\" \/>\n<meta property=\"article:modified_time\" content=\"2014-09-09T17:18:53+00:00\" \/>\n<meta name=\"twitter:label1\" content=\"Est. reading time\" \/>\n\t<meta name=\"twitter:data1\" content=\"1 minute\" \/>\n<script type=\"application\/ld+json\" class=\"yoast-schema-graph\">{\"@context\":\"https:\/\/schema.org\",\"@graph\":[{\"@type\":\"WebPage\",\"@id\":\"https:\/\/ruraldentistry.ca\/fr\/regions\/gaspesie\/\",\"url\":\"https:\/\/ruraldentistry.ca\/fr\/regions\/gaspesie\/\",\"name\":\"Gasp\u00e9sie-\u00celes-de-la-Madeleine - Dentisterie en milieu rural\",\"isPartOf\":{\"@id\":\"https:\/\/ruraldentistry.ca\/#website\"},\"datePublished\":\"2013-08-07T20:01:38+00:00\",\"dateModified\":\"2014-09-09T17:18:53+00:00\",\"breadcrumb\":{\"@id\":\"https:\/\/ruraldentistry.ca\/fr\/regions\/gaspesie\/#breadcrumb\"},\"inLanguage\":\"fr-FR\",\"potentialAction\":[{\"@type\":\"ReadAction\",\"target\":[\"https:\/\/ruraldentistry.ca\/fr\/regions\/gaspesie\/\"]}]},{\"@type\":\"BreadcrumbList\",\"@id\":\"https:\/\/ruraldentistry.ca\/fr\/regions\/gaspesie\/#breadcrumb\",\"itemListElement\":[{\"@type\":\"ListItem\",\"position\":1,\"name\":\"Accueil\",\"item\":\"https:\/\/ruraldentistry.ca\/fr\/\"},{\"@type\":\"ListItem\",\"position\":2,\"name\":\"R\u00e9gions\",\"item\":\"https:\/\/ruraldentistry.ca\/fr\/regions\/\"},{\"@type\":\"ListItem\",\"position\":3,\"name\":\"Gasp\u00e9sie-\u00celes-de-la-Madeleine\"}]},{\"@type\":\"WebSite\",\"@id\":\"https:\/\/ruraldentistry.ca\/#website\",\"url\":\"https:\/\/ruraldentistry.ca\/\",\"name\":\"Dentisterie en milieu rural\",\"description\":\"Dentisterie en millieu rural et \u00e9loign\u00e9\",\"potentialAction\":[{\"@type\":\"SearchAction\",\"target\":{\"@type\":\"EntryPoint\",\"urlTemplate\":\"https:\/\/ruraldentistry.ca\/?s={search_term_string}\"},\"query-input\":\"required name=search_term_string\"}],\"inLanguage\":\"fr-FR\"}]}<\/script>\n<!-- \/ Yoast SEO plugin. -->","yoast_head_json":{"title":"Gasp\u00e9sie-\u00celes-de-la-Madeleine - Dentisterie en milieu rural","robots":{"index":"index","follow":"follow","max-snippet":"max-snippet:-1","max-image-preview":"max-image-preview:large","max-video-preview":"max-video-preview:-1"},"canonical":"https:\/\/ruraldentistry.ca\/fr\/regions\/gaspesie\/","og_locale":"fr_FR","og_type":"article","og_title":"Gasp\u00e9sie-\u00celes-de-la-Madeleine - Dentisterie en milieu rural","og_description":"Selon le magazine National Geographic, la Gasp\u00e9sie se classe parmi le top 20 des meilleures destinations mondiales en 2011, la seule au Canada! Il s\u2019agit d\u2019une r\u00e9gion reconnue pour ses plages, ses innombrables activit\u00e9s de plein air et son fameux Rocher Perc\u00e9. Par ailleurs, en plus de vous offrir des paysages spectaculaires quotidiennement, la Gasp\u00e9sie [&hellip;]","og_url":"https:\/\/ruraldentistry.ca\/fr\/regions\/gaspesie\/","og_site_name":"Dentisterie en milieu rural","article_modified_time":"2014-09-09T17:18:53+00:00","twitter_misc":{"Est. reading time":"1 minute"},"schema":{"@context":"https:\/\/schema.org","@graph":[{"@type":"WebPage","@id":"https:\/\/ruraldentistry.ca\/fr\/regions\/gaspesie\/","url":"https:\/\/ruraldentistry.ca\/fr\/regions\/gaspesie\/","name":"Gasp\u00e9sie-\u00celes-de-la-Madeleine - Dentisterie en milieu rural","isPartOf":{"@id":"https:\/\/ruraldentistry.ca\/#website"},"datePublished":"2013-08-07T20:01:38+00:00","dateModified":"2014-09-09T17:18:53+00:00","breadcrumb":{"@id":"https:\/\/ruraldentistry.ca\/fr\/regions\/gaspesie\/#breadcrumb"},"inLanguage":"fr-FR","potentialAction":[{"@type":"ReadAction","target":["https:\/\/ruraldentistry.ca\/fr\/regions\/gaspesie\/"]}]},{"@type":"BreadcrumbList","@id":"https:\/\/ruraldentistry.ca\/fr\/regions\/gaspesie\/#breadcrumb","itemListElement":[{"@type":"ListItem","position":1,"name":"Accueil","item":"https:\/\/ruraldentistry.ca\/fr\/"},{"@type":"ListItem","position":2,"name":"R\u00e9gions","item":"https:\/\/ruraldentistry.ca\/fr\/regions\/"},{"@type":"ListItem","position":3,"name":"Gasp\u00e9sie-\u00celes-de-la-Madeleine"}]},{"@type":"WebSite","@id":"https:\/\/ruraldentistry.ca\/#website","url":"https:\/\/ruraldentistry.ca\/","name":"Dentisterie en milieu rural","description":"Dentisterie en millieu rural et \u00e9loign\u00e9","potentialAction":[{"@type":"SearchAction","target":{"@type":"EntryPoint","urlTemplate":"https:\/\/ruraldentistry.ca\/?s={search_term_string}"},"query-input":"required name=search_term_string"}],"inLanguage":"fr-FR"}]}},"_links":{"self":[{"href":"https:\/\/ruraldentistry.ca\/fr\/wp-json\/wp\/v2\/pages\/26"}],"collection":[{"href":"https:\/\/ruraldentistry.ca\/fr\/wp-json\/wp\/v2\/pages"}],"about":[{"href":"https:\/\/ruraldentistry.ca\/fr\/wp-json\/wp\/v2\/types\/page"}],"author":[{"embeddable":true,"href":"https:\/\/ruraldentistry.ca\/fr\/wp-json\/wp\/v2\/users\/1"}],"replies":[{"embeddable":true,"href":"https:\/\/ruraldentistry.ca\/fr\/wp-json\/wp\/v2\/comments?post=26"}],"version-history":[{"count":13,"href":"https:\/\/ruraldentistry.ca\/fr\/wp-json\/wp\/v2\/pages\/26\/revisions"}],"predecessor-version":[{"id":2254,"href":"https:\/\/ruraldentistry.ca\/fr\/wp-json\/wp\/v2\/pages\/26\/revisions\/2254"}],"up":[{"embeddable":true,"href":"https:\/\/ruraldentistry.ca\/fr\/wp-json\/wp\/v2\/pages\/18"}],"wp:attachment":[{"href":"https:\/\/ruraldentistry.ca\/fr\/wp-json\/wp\/v2\/media?parent=26"}],"curies":[{"name":"wp","href":"https:\/\/api.w.org\/{rel}","templated":true}]}}