{"id":253,"date":"2013-08-13T23:26:25","date_gmt":"2013-08-14T03:26:25","guid":{"rendered":"https:\/\/ruraldentistry.ca\/?page_id=253"},"modified":"2014-03-17T10:17:54","modified_gmt":"2014-03-17T14:17:54","slug":"temoignages","status":"publish","type":"page","link":"https:\/\/ruraldentistry.ca\/fr\/regions\/nord-du-quebec\/temoignages\/","title":{"rendered":"T\u00e9moignages"},"content":{"rendered":"<div class=\"temoignage\">\n<h2>Dr F\u00e9lix Girard, DMD <i>Dentiste-conseil en sant\u00e9 publique<\/i> <i>Communaut\u00e9s Cris de la Baie-James<\/i><\/h2>\n<p class=\"citation\">\u00abJ&rsquo;ai travaill\u00e9 pendant quelques ann\u00e9es comme dentiste g\u00e9n\u00e9raliste dans des communaut\u00e9s autochtones du nord du Qu\u00e9bec, et j&rsquo;ai ador\u00e9 l&rsquo;exp\u00e9rience, tant au niveau professionnel que culturel. M\u00eame si les attentes des gens se situent souvent au niveau de besoins sp\u00e9cifiques (souvent en urgence), les services offerts dans les villages autochtones sont vari\u00e9s. On peut offrir des traitements sans vraiment avoir \u00e0 se soucier de la capacit\u00e9 de payer des clients. Les services offerts incluent des traitements d&rsquo;orthodontie, d&rsquo;endodontie et de chirurgie buccale (visite de sp\u00e9cialistes dentaires dans certaines communaut\u00e9s). Je r\u00e9dige actuellement un m\u00e9moire de ma\u00eetrise qui porte sur les attentes des gens vis-\u00e0-vis les services dentaires, dans des communaut\u00e9s autochtones. Je suis inscrit \u00e0 la ma\u00eetrise en sant\u00e9 communautaire, Facult\u00e9 de m\u00e9decine, Universit\u00e9 de Montr\u00e9al.\u00bb<\/p>\n<h2>Dr Bernard Jolicoeur, DMD <i>Chef du d\u00e9partement dentaire <\/i><i>Centre de sant\u00e9 et services sociaux de l&rsquo;H\u00e9matite (ex. CLSC de Fermont), Fermont<\/i><\/h2>\n<p class=\"citation\">\u00abAvant d&rsquo;\u00eatre dentiste, j&rsquo;\u00e9tais biologiste. Je r\u00eavais de d\u00e9couvrir le nord du Qu\u00e9bec. C&rsquo;est la dentisterie qui m&rsquo;a permis de le faire. Deux ann\u00e9es de pratique dans la baie d&rsquo;Ungava et une autre dans la baie d&rsquo;Hudson de 1985 \u00e0 1988 m&rsquo;ont permis de visiter tous les villages Inuit du Nord qu\u00e9b\u00e9cois. Toutefois \u00e0 l&rsquo;\u00e9poque, la pratique s&rsquo;y limitait essentiellement \u00e0 la chirurgie et \u00e0 la dentisterie op\u00e9ratoire: le risque de devenir un \u00ab\u00a0dinosaure dentaire\u00a0\u00bb me pr\u00e9occupait beaucoup. Aussi l&rsquo;offre du CLSC de Fermont en 1989 tombait \u00e0 point nomm\u00e9. J&rsquo;y pratique toutes les disciplines de la m\u00e9decine dentaire et notre clinique est \u00e0 la fine pointe de la technologie. Les postes en \u00e9tablissement hospitalier nordique repr\u00e9sentent une excellente solution pour celle ou celui qui veut se concentrer sur sa pratique dentaire sans faire trop d&rsquo;administration et cela nous aura permis une conciliation id\u00e9ale travail\/famille avec un niveau minimal de stress. Vivre en r\u00e9gion \u00e9loign\u00e9e ce n&rsquo;est pas pour tout le monde, mais pour nous, cela aura \u00e9t\u00e9 fantastique, aucun regret apr\u00e8s 25 ans!!!\u00bb<\/p>\n<h2>Dr Andr\u00e9 Richer, DMD <i>Centre de sant\u00e9 Tulattavik de l\u2019Ungava <\/i><i>Kuujjuaq<\/i><\/h2>\n<p class=\"citation\">\u00abDans ces r\u00e9gions, pour satisfaire aux exigences de la Convention de la baie James et du Nord qu\u00e9b\u00e9cois, la profession dentaire (et m\u00e9dicale) s&rsquo;exerce sous le r\u00e9gime du salariat. C&rsquo;est la formule qui convient \u00e0 un dentiste que les tracas financiers rendaient malheureux en pratique priv\u00e9e. Ces conditions de travail permettent d&rsquo;appr\u00e9cier notre tr\u00e8s belle profession pour ce qu&rsquo;elle doit \u00eatre vraiment et avant tout: rendre service, mettre ses connaissances et ses habilit\u00e9s au service du plus grand nombre.\u00bb<\/p>\n<\/div>\n","protected":false},"excerpt":{"rendered":"<p>Dr F\u00e9lix Girard, DMD Dentiste-conseil en sant\u00e9 publique Communaut\u00e9s Cris de la Baie-James \u00abJ&rsquo;ai travaill\u00e9 pendant quelques ann\u00e9es comme dentiste g\u00e9n\u00e9raliste dans des communaut\u00e9s autochtones du nord du Qu\u00e9bec, et j&rsquo;ai ador\u00e9 l&rsquo;exp\u00e9rience, tant au niveau professionnel que culturel. M\u00eame si les attentes des gens se situent souvent au niveau de besoins sp\u00e9cifiques (souvent en [&hellip;]<\/p>\n","protected":false},"author":1,"featured_media":0,"parent":70,"menu_order":0,"comment_status":"closed","ping_status":"closed","template":"","meta":{"ngg_post_thumbnail":0,"footnotes":""},"yoast_head":"<!-- This site is optimized with the Yoast SEO plugin v20.8 - https:\/\/yoast.com\/wordpress\/plugins\/seo\/ -->\n<title>T\u00e9moignages - Dentisterie en milieu rural<\/title>\n<meta name=\"robots\" content=\"index, follow, max-snippet:-1, max-image-preview:large, max-video-preview:-1\" \/>\n<link rel=\"canonical\" href=\"https:\/\/ruraldentistry.ca\/fr\/regions\/nord-du-quebec\/temoignages\/\" \/>\n<meta property=\"og:locale\" content=\"fr_FR\" \/>\n<meta property=\"og:type\" content=\"article\" \/>\n<meta property=\"og:title\" content=\"T\u00e9moignages - Dentisterie en milieu rural\" \/>\n<meta property=\"og:description\" content=\"Dr F\u00e9lix Girard, DMD Dentiste-conseil en sant\u00e9 publique Communaut\u00e9s Cris de la Baie-James \u00abJ&rsquo;ai travaill\u00e9 pendant quelques ann\u00e9es comme dentiste g\u00e9n\u00e9raliste dans des communaut\u00e9s autochtones du nord du Qu\u00e9bec, et j&rsquo;ai ador\u00e9 l&rsquo;exp\u00e9rience, tant au niveau professionnel que culturel. M\u00eame si les attentes des gens se situent souvent au niveau de besoins sp\u00e9cifiques (souvent en [&hellip;]\" \/>\n<meta property=\"og:url\" content=\"https:\/\/ruraldentistry.ca\/fr\/regions\/nord-du-quebec\/temoignages\/\" \/>\n<meta property=\"og:site_name\" content=\"Dentisterie en milieu rural\" \/>\n<meta property=\"article:modified_time\" content=\"2014-03-17T14:17:54+00:00\" \/>\n<meta name=\"twitter:label1\" content=\"Est. reading time\" \/>\n\t<meta name=\"twitter:data1\" content=\"2 minutes\" \/>\n<script type=\"application\/ld+json\" class=\"yoast-schema-graph\">{\"@context\":\"https:\/\/schema.org\",\"@graph\":[{\"@type\":\"WebPage\",\"@id\":\"https:\/\/ruraldentistry.ca\/fr\/regions\/nord-du-quebec\/temoignages\/\",\"url\":\"https:\/\/ruraldentistry.ca\/fr\/regions\/nord-du-quebec\/temoignages\/\",\"name\":\"T\u00e9moignages - Dentisterie en milieu rural\",\"isPartOf\":{\"@id\":\"https:\/\/ruraldentistry.ca\/#website\"},\"datePublished\":\"2013-08-14T03:26:25+00:00\",\"dateModified\":\"2014-03-17T14:17:54+00:00\",\"breadcrumb\":{\"@id\":\"https:\/\/ruraldentistry.ca\/fr\/regions\/nord-du-quebec\/temoignages\/#breadcrumb\"},\"inLanguage\":\"fr-FR\",\"potentialAction\":[{\"@type\":\"ReadAction\",\"target\":[\"https:\/\/ruraldentistry.ca\/fr\/regions\/nord-du-quebec\/temoignages\/\"]}]},{\"@type\":\"BreadcrumbList\",\"@id\":\"https:\/\/ruraldentistry.ca\/fr\/regions\/nord-du-quebec\/temoignages\/#breadcrumb\",\"itemListElement\":[{\"@type\":\"ListItem\",\"position\":1,\"name\":\"Accueil\",\"item\":\"https:\/\/ruraldentistry.ca\/fr\/\"},{\"@type\":\"ListItem\",\"position\":2,\"name\":\"R\u00e9gions\",\"item\":\"https:\/\/ruraldentistry.ca\/fr\/regions\/\"},{\"@type\":\"ListItem\",\"position\":3,\"name\":\"Nord-du-Qu\u00e9bec\",\"item\":\"https:\/\/ruraldentistry.ca\/fr\/regions\/nord-du-quebec\/\"},{\"@type\":\"ListItem\",\"position\":4,\"name\":\"T\u00e9moignages\"}]},{\"@type\":\"WebSite\",\"@id\":\"https:\/\/ruraldentistry.ca\/#website\",\"url\":\"https:\/\/ruraldentistry.ca\/\",\"name\":\"Dentisterie en milieu rural\",\"description\":\"Dentisterie en millieu rural et \u00e9loign\u00e9\",\"potentialAction\":[{\"@type\":\"SearchAction\",\"target\":{\"@type\":\"EntryPoint\",\"urlTemplate\":\"https:\/\/ruraldentistry.ca\/?s={search_term_string}\"},\"query-input\":\"required name=search_term_string\"}],\"inLanguage\":\"fr-FR\"}]}<\/script>\n<!-- \/ Yoast SEO plugin. -->","yoast_head_json":{"title":"T\u00e9moignages - Dentisterie en milieu rural","robots":{"index":"index","follow":"follow","max-snippet":"max-snippet:-1","max-image-preview":"max-image-preview:large","max-video-preview":"max-video-preview:-1"},"canonical":"https:\/\/ruraldentistry.ca\/fr\/regions\/nord-du-quebec\/temoignages\/","og_locale":"fr_FR","og_type":"article","og_title":"T\u00e9moignages - Dentisterie en milieu rural","og_description":"Dr F\u00e9lix Girard, DMD Dentiste-conseil en sant\u00e9 publique Communaut\u00e9s Cris de la Baie-James \u00abJ&rsquo;ai travaill\u00e9 pendant quelques ann\u00e9es comme dentiste g\u00e9n\u00e9raliste dans des communaut\u00e9s autochtones du nord du Qu\u00e9bec, et j&rsquo;ai ador\u00e9 l&rsquo;exp\u00e9rience, tant au niveau professionnel que culturel. M\u00eame si les attentes des gens se situent souvent au niveau de besoins sp\u00e9cifiques (souvent en [&hellip;]","og_url":"https:\/\/ruraldentistry.ca\/fr\/regions\/nord-du-quebec\/temoignages\/","og_site_name":"Dentisterie en milieu rural","article_modified_time":"2014-03-17T14:17:54+00:00","twitter_misc":{"Est. reading time":"2 minutes"},"schema":{"@context":"https:\/\/schema.org","@graph":[{"@type":"WebPage","@id":"https:\/\/ruraldentistry.ca\/fr\/regions\/nord-du-quebec\/temoignages\/","url":"https:\/\/ruraldentistry.ca\/fr\/regions\/nord-du-quebec\/temoignages\/","name":"T\u00e9moignages - Dentisterie en milieu rural","isPartOf":{"@id":"https:\/\/ruraldentistry.ca\/#website"},"datePublished":"2013-08-14T03:26:25+00:00","dateModified":"2014-03-17T14:17:54+00:00","breadcrumb":{"@id":"https:\/\/ruraldentistry.ca\/fr\/regions\/nord-du-quebec\/temoignages\/#breadcrumb"},"inLanguage":"fr-FR","potentialAction":[{"@type":"ReadAction","target":["https:\/\/ruraldentistry.ca\/fr\/regions\/nord-du-quebec\/temoignages\/"]}]},{"@type":"BreadcrumbList","@id":"https:\/\/ruraldentistry.ca\/fr\/regions\/nord-du-quebec\/temoignages\/#breadcrumb","itemListElement":[{"@type":"ListItem","position":1,"name":"Accueil","item":"https:\/\/ruraldentistry.ca\/fr\/"},{"@type":"ListItem","position":2,"name":"R\u00e9gions","item":"https:\/\/ruraldentistry.ca\/fr\/regions\/"},{"@type":"ListItem","position":3,"name":"Nord-du-Qu\u00e9bec","item":"https:\/\/ruraldentistry.ca\/fr\/regions\/nord-du-quebec\/"},{"@type":"ListItem","position":4,"name":"T\u00e9moignages"}]},{"@type":"WebSite","@id":"https:\/\/ruraldentistry.ca\/#website","url":"https:\/\/ruraldentistry.ca\/","name":"Dentisterie en milieu rural","description":"Dentisterie en millieu rural et \u00e9loign\u00e9","potentialAction":[{"@type":"SearchAction","target":{"@type":"EntryPoint","urlTemplate":"https:\/\/ruraldentistry.ca\/?s={search_term_string}"},"query-input":"required name=search_term_string"}],"inLanguage":"fr-FR"}]}},"_links":{"self":[{"href":"https:\/\/ruraldentistry.ca\/fr\/wp-json\/wp\/v2\/pages\/253"}],"collection":[{"href":"https:\/\/ruraldentistry.ca\/fr\/wp-json\/wp\/v2\/pages"}],"about":[{"href":"https:\/\/ruraldentistry.ca\/fr\/wp-json\/wp\/v2\/types\/page"}],"author":[{"embeddable":true,"href":"https:\/\/ruraldentistry.ca\/fr\/wp-json\/wp\/v2\/users\/1"}],"replies":[{"embeddable":true,"href":"https:\/\/ruraldentistry.ca\/fr\/wp-json\/wp\/v2\/comments?post=253"}],"version-history":[{"count":11,"href":"https:\/\/ruraldentistry.ca\/fr\/wp-json\/wp\/v2\/pages\/253\/revisions"}],"predecessor-version":[{"id":1518,"href":"https:\/\/ruraldentistry.ca\/fr\/wp-json\/wp\/v2\/pages\/253\/revisions\/1518"}],"up":[{"embeddable":true,"href":"https:\/\/ruraldentistry.ca\/fr\/wp-json\/wp\/v2\/pages\/70"}],"wp:attachment":[{"href":"https:\/\/ruraldentistry.ca\/fr\/wp-json\/wp\/v2\/media?parent=253"}],"curies":[{"name":"wp","href":"https:\/\/api.w.org\/{rel}","templated":true}]}}