{"id":251,"date":"2013-08-13T23:25:28","date_gmt":"2013-08-14T03:25:28","guid":{"rendered":"https:\/\/ruraldentistry.ca\/?page_id=251"},"modified":"2014-08-29T01:15:55","modified_gmt":"2014-08-29T05:15:55","slug":"nunavik","status":"publish","type":"page","link":"https:\/\/ruraldentistry.ca\/fr\/regions\/nord-du-quebec\/nunavik\/","title":{"rendered":"Nunavik"},"content":{"rendered":"<p>Le Nunavik est une communaut\u00e9 de 12 000 habitants dans la r\u00e9gion arctique du Qu\u00e9bec, accessible seulement par avion durant toute l\u2019ann\u00e9e. Les services sociaux et de sant\u00e9 sont assur\u00e9s par deux centres de sant\u00e9, qui font partie du r\u00e9seau des services sociaux et de sant\u00e9 au Qu\u00e9bec et qui sont partenaires avec la R\u00e9gie r\u00e9gionale de la sant\u00e9 et des services sociaux du Nunavik. Il y a une forte demande pour les dentistes puisqu\u2019un tiers de la population est \u00e2g\u00e9e de moins de 15 ans.<\/p>\n<p><span lang=\"FR\">Actuellement, seule une poign\u00e9e de dentistes, d\u2019hygi\u00e9nistes et de denturologistes travaillent dans cette r\u00e9gion et effectuent des rotations dans les villages ruraux. \u00c9tant donn\u00e9 que les communaut\u00e9s ne sont pas reli\u00e9es par des r\u00e9seaux routiers, ils doivent se rendre dans les communaut\u00e9s par avion. Le co\u00fbt de la vie et le transport sont assur\u00e9s par le centre de sant\u00e9.<\/span><\/p>\n<h2>Les besoins dentaires au Nunavik<\/h2>\n<p><span lang=\"FR\">La population du Nunavik est tr\u00e8s jeune et confront\u00e9e \u00e0 de graves probl\u00e8mes socio-\u00e9conomiques. De plus, la pr\u00e9sence de dentistes dans chaque communaut\u00e9 est sporadique et al\u00e9atoire, ce qui ne favorise pas la continuit\u00e9 et le suivi des soins dentaires. La pr\u00e9valence de la carie de la petite enfance touche gravement les enfants \u00e2g\u00e9s de 1 \u00e0 6 ans, et elle devrait \u00eatre trait\u00e9e sous anesth\u00e9sie g\u00e9n\u00e9rale. Les deux centres de sant\u00e9 de Kuujjuaq et de Puvirnituq sont \u00e9quip\u00e9s d&rsquo;une salle d&rsquo;op\u00e9ration permettant aux dentistes de faire ces traitements en fonction de la disponibilit\u00e9 de certains anesth\u00e9sistes qui sont pr\u00eats \u00e0 se rendre au nord pour quelques semaines par an.<\/span><\/p>\n<h2>Comment offrir vos services au Nunavik<\/h2>\n<p>Pour offrir vos services au Nunavik, contactez le centre de sant\u00e9 o\u00f9 vous souhaitez travailler avec une lettre d&rsquo;intention, votre curriculum vitae (CV), ainsi qu\u2019une preuve d&rsquo;assurance responsabilit\u00e9 professionnelle de l\u2019ODQ (Ordre des dentistes du Qu\u00e9bec). L\u2019ensemble doit \u00eatre adress\u00e9 tout d&rsquo;abord \u00e0 l&rsquo;attention du D\u00e9partement des affaires professionnelles et d&rsquo;autres services \u00e0 l&rsquo;attention de la clinique dentaire.<\/p>\n","protected":false},"excerpt":{"rendered":"<p>Le Nunavik est une communaut\u00e9 de 12 000 habitants dans la r\u00e9gion arctique du Qu\u00e9bec, accessible seulement par avion durant toute l\u2019ann\u00e9e. Les services sociaux et de sant\u00e9 sont assur\u00e9s par deux centres de sant\u00e9, qui font partie du r\u00e9seau des services sociaux et de sant\u00e9 au Qu\u00e9bec et qui sont partenaires avec la R\u00e9gie [&hellip;]<\/p>\n","protected":false},"author":1,"featured_media":0,"parent":70,"menu_order":0,"comment_status":"closed","ping_status":"closed","template":"","meta":{"ngg_post_thumbnail":0,"footnotes":""},"yoast_head":"<!-- This site is optimized with the Yoast SEO plugin v20.8 - https:\/\/yoast.com\/wordpress\/plugins\/seo\/ -->\n<title>Nunavik - Dentisterie en milieu rural<\/title>\n<meta name=\"robots\" content=\"index, follow, max-snippet:-1, max-image-preview:large, max-video-preview:-1\" \/>\n<link rel=\"canonical\" href=\"https:\/\/ruraldentistry.ca\/fr\/regions\/nord-du-quebec\/nunavik\/\" \/>\n<meta property=\"og:locale\" content=\"fr_FR\" \/>\n<meta property=\"og:type\" content=\"article\" \/>\n<meta property=\"og:title\" content=\"Nunavik - Dentisterie en milieu rural\" \/>\n<meta property=\"og:description\" content=\"Le Nunavik est une communaut\u00e9 de 12 000 habitants dans la r\u00e9gion arctique du Qu\u00e9bec, accessible seulement par avion durant toute l\u2019ann\u00e9e. Les services sociaux et de sant\u00e9 sont assur\u00e9s par deux centres de sant\u00e9, qui font partie du r\u00e9seau des services sociaux et de sant\u00e9 au Qu\u00e9bec et qui sont partenaires avec la R\u00e9gie [&hellip;]\" \/>\n<meta property=\"og:url\" content=\"https:\/\/ruraldentistry.ca\/fr\/regions\/nord-du-quebec\/nunavik\/\" \/>\n<meta property=\"og:site_name\" content=\"Dentisterie en milieu rural\" \/>\n<meta property=\"article:modified_time\" content=\"2014-08-29T05:15:55+00:00\" \/>\n<meta name=\"twitter:label1\" content=\"Est. reading time\" \/>\n\t<meta name=\"twitter:data1\" content=\"2 minutes\" \/>\n<script type=\"application\/ld+json\" class=\"yoast-schema-graph\">{\"@context\":\"https:\/\/schema.org\",\"@graph\":[{\"@type\":\"WebPage\",\"@id\":\"https:\/\/ruraldentistry.ca\/fr\/regions\/nord-du-quebec\/nunavik\/\",\"url\":\"https:\/\/ruraldentistry.ca\/fr\/regions\/nord-du-quebec\/nunavik\/\",\"name\":\"Nunavik - Dentisterie en milieu rural\",\"isPartOf\":{\"@id\":\"https:\/\/ruraldentistry.ca\/#website\"},\"datePublished\":\"2013-08-14T03:25:28+00:00\",\"dateModified\":\"2014-08-29T05:15:55+00:00\",\"breadcrumb\":{\"@id\":\"https:\/\/ruraldentistry.ca\/fr\/regions\/nord-du-quebec\/nunavik\/#breadcrumb\"},\"inLanguage\":\"fr-FR\",\"potentialAction\":[{\"@type\":\"ReadAction\",\"target\":[\"https:\/\/ruraldentistry.ca\/fr\/regions\/nord-du-quebec\/nunavik\/\"]}]},{\"@type\":\"BreadcrumbList\",\"@id\":\"https:\/\/ruraldentistry.ca\/fr\/regions\/nord-du-quebec\/nunavik\/#breadcrumb\",\"itemListElement\":[{\"@type\":\"ListItem\",\"position\":1,\"name\":\"Accueil\",\"item\":\"https:\/\/ruraldentistry.ca\/fr\/\"},{\"@type\":\"ListItem\",\"position\":2,\"name\":\"R\u00e9gions\",\"item\":\"https:\/\/ruraldentistry.ca\/fr\/regions\/\"},{\"@type\":\"ListItem\",\"position\":3,\"name\":\"Nord-du-Qu\u00e9bec\",\"item\":\"https:\/\/ruraldentistry.ca\/fr\/regions\/nord-du-quebec\/\"},{\"@type\":\"ListItem\",\"position\":4,\"name\":\"Nunavik\"}]},{\"@type\":\"WebSite\",\"@id\":\"https:\/\/ruraldentistry.ca\/#website\",\"url\":\"https:\/\/ruraldentistry.ca\/\",\"name\":\"Dentisterie en milieu rural\",\"description\":\"Dentisterie en millieu rural et \u00e9loign\u00e9\",\"potentialAction\":[{\"@type\":\"SearchAction\",\"target\":{\"@type\":\"EntryPoint\",\"urlTemplate\":\"https:\/\/ruraldentistry.ca\/?s={search_term_string}\"},\"query-input\":\"required name=search_term_string\"}],\"inLanguage\":\"fr-FR\"}]}<\/script>\n<!-- \/ Yoast SEO plugin. -->","yoast_head_json":{"title":"Nunavik - Dentisterie en milieu rural","robots":{"index":"index","follow":"follow","max-snippet":"max-snippet:-1","max-image-preview":"max-image-preview:large","max-video-preview":"max-video-preview:-1"},"canonical":"https:\/\/ruraldentistry.ca\/fr\/regions\/nord-du-quebec\/nunavik\/","og_locale":"fr_FR","og_type":"article","og_title":"Nunavik - Dentisterie en milieu rural","og_description":"Le Nunavik est une communaut\u00e9 de 12 000 habitants dans la r\u00e9gion arctique du Qu\u00e9bec, accessible seulement par avion durant toute l\u2019ann\u00e9e. Les services sociaux et de sant\u00e9 sont assur\u00e9s par deux centres de sant\u00e9, qui font partie du r\u00e9seau des services sociaux et de sant\u00e9 au Qu\u00e9bec et qui sont partenaires avec la R\u00e9gie [&hellip;]","og_url":"https:\/\/ruraldentistry.ca\/fr\/regions\/nord-du-quebec\/nunavik\/","og_site_name":"Dentisterie en milieu rural","article_modified_time":"2014-08-29T05:15:55+00:00","twitter_misc":{"Est. reading time":"2 minutes"},"schema":{"@context":"https:\/\/schema.org","@graph":[{"@type":"WebPage","@id":"https:\/\/ruraldentistry.ca\/fr\/regions\/nord-du-quebec\/nunavik\/","url":"https:\/\/ruraldentistry.ca\/fr\/regions\/nord-du-quebec\/nunavik\/","name":"Nunavik - Dentisterie en milieu rural","isPartOf":{"@id":"https:\/\/ruraldentistry.ca\/#website"},"datePublished":"2013-08-14T03:25:28+00:00","dateModified":"2014-08-29T05:15:55+00:00","breadcrumb":{"@id":"https:\/\/ruraldentistry.ca\/fr\/regions\/nord-du-quebec\/nunavik\/#breadcrumb"},"inLanguage":"fr-FR","potentialAction":[{"@type":"ReadAction","target":["https:\/\/ruraldentistry.ca\/fr\/regions\/nord-du-quebec\/nunavik\/"]}]},{"@type":"BreadcrumbList","@id":"https:\/\/ruraldentistry.ca\/fr\/regions\/nord-du-quebec\/nunavik\/#breadcrumb","itemListElement":[{"@type":"ListItem","position":1,"name":"Accueil","item":"https:\/\/ruraldentistry.ca\/fr\/"},{"@type":"ListItem","position":2,"name":"R\u00e9gions","item":"https:\/\/ruraldentistry.ca\/fr\/regions\/"},{"@type":"ListItem","position":3,"name":"Nord-du-Qu\u00e9bec","item":"https:\/\/ruraldentistry.ca\/fr\/regions\/nord-du-quebec\/"},{"@type":"ListItem","position":4,"name":"Nunavik"}]},{"@type":"WebSite","@id":"https:\/\/ruraldentistry.ca\/#website","url":"https:\/\/ruraldentistry.ca\/","name":"Dentisterie en milieu rural","description":"Dentisterie en millieu rural et \u00e9loign\u00e9","potentialAction":[{"@type":"SearchAction","target":{"@type":"EntryPoint","urlTemplate":"https:\/\/ruraldentistry.ca\/?s={search_term_string}"},"query-input":"required name=search_term_string"}],"inLanguage":"fr-FR"}]}},"_links":{"self":[{"href":"https:\/\/ruraldentistry.ca\/fr\/wp-json\/wp\/v2\/pages\/251"}],"collection":[{"href":"https:\/\/ruraldentistry.ca\/fr\/wp-json\/wp\/v2\/pages"}],"about":[{"href":"https:\/\/ruraldentistry.ca\/fr\/wp-json\/wp\/v2\/types\/page"}],"author":[{"embeddable":true,"href":"https:\/\/ruraldentistry.ca\/fr\/wp-json\/wp\/v2\/users\/1"}],"replies":[{"embeddable":true,"href":"https:\/\/ruraldentistry.ca\/fr\/wp-json\/wp\/v2\/comments?post=251"}],"version-history":[{"count":11,"href":"https:\/\/ruraldentistry.ca\/fr\/wp-json\/wp\/v2\/pages\/251\/revisions"}],"predecessor-version":[{"id":2124,"href":"https:\/\/ruraldentistry.ca\/fr\/wp-json\/wp\/v2\/pages\/251\/revisions\/2124"}],"up":[{"embeddable":true,"href":"https:\/\/ruraldentistry.ca\/fr\/wp-json\/wp\/v2\/pages\/70"}],"wp:attachment":[{"href":"https:\/\/ruraldentistry.ca\/fr\/wp-json\/wp\/v2\/media?parent=251"}],"curies":[{"name":"wp","href":"https:\/\/api.w.org\/{rel}","templated":true}]}}