{"id":249,"date":"2013-08-13T23:24:46","date_gmt":"2013-08-14T03:24:46","guid":{"rendered":"https:\/\/ruraldentistry.ca\/?page_id=249"},"modified":"2014-09-09T13:36:53","modified_gmt":"2014-09-09T17:36:53","slug":"villages-nordiques","status":"publish","type":"page","link":"https:\/\/ruraldentistry.ca\/fr\/regions\/nord-du-quebec\/villages-nordiques\/","title":{"rendered":"Kativik"},"content":{"rendered":"<p>Les soins buccodentaires sont r\u00e9gis par la R\u00e9gie r\u00e9gionale de la sant\u00e9 et des services sociaux Nunavik qui offre des services aux communaut\u00e9s autochtones. Le Centre de sant\u00e9 Inuulitsivik prend en charge les habitants de 7 communaut\u00e9s inuites. Cependant, les professionnels de la sant\u00e9 buccodentaire se d\u00e9placent dans d\u2019autres petites communaut\u00e9s pour subvenir aux besoins de ses populations. L\u2019\u00e9quipe est compos\u00e9e de dentistes, d\u2019hygi\u00e9nistes dentaires et d\u2019assistantes dentaires (<a class=\"reference\" title=\"References list\" href=\"https:\/\/ruraldentistry.ca\/fr\/outils\/liste-references\/#centre-sant\u00e9-inuulitsivik\"><span class=\"label\">Centre de sant\u00e9 Inuulitsivik<\/span><\/a>).<\/p>\n<p>Le Centre de sant\u00e9 Tulattavik de l&rsquo;Ungava dessert la population de Kujjuaq et de la baie d\u2019Ungava. La plupart des services sont gratuits donc la r\u00e9mun\u00e9ration des professionnels est r\u00e9gie par le gouvernement. Il est possible de faire des stages en m\u00e9decine dentaire dans ces deux \u00e9tablissements (<a class=\"reference\" title=\"References list\" href=\"https:\/\/ruraldentistry.ca\/fr\/outils\/liste-references\/#rrsss-nunavik-2011\"><span class=\"label\">RRSSS Nunavik, 2011<\/span><\/a>).<\/p>\n","protected":false},"excerpt":{"rendered":"<p>Les soins buccodentaires sont r\u00e9gis par la R\u00e9gie r\u00e9gionale de la sant\u00e9 et des services sociaux Nunavik qui offre des services aux communaut\u00e9s autochtones. Le Centre de sant\u00e9 Inuulitsivik prend en charge les habitants de 7 communaut\u00e9s inuites. Cependant, les professionnels de la sant\u00e9 buccodentaire se d\u00e9placent dans d\u2019autres petites communaut\u00e9s pour subvenir aux besoins [&hellip;]<\/p>\n","protected":false},"author":1,"featured_media":0,"parent":70,"menu_order":0,"comment_status":"closed","ping_status":"closed","template":"","meta":{"ngg_post_thumbnail":0,"footnotes":""},"yoast_head":"<!-- This site is optimized with the Yoast SEO plugin v20.8 - https:\/\/yoast.com\/wordpress\/plugins\/seo\/ -->\n<title>Kativik - Dentisterie en milieu rural<\/title>\n<meta name=\"robots\" content=\"index, follow, max-snippet:-1, max-image-preview:large, max-video-preview:-1\" \/>\n<link rel=\"canonical\" href=\"https:\/\/ruraldentistry.ca\/fr\/regions\/nord-du-quebec\/villages-nordiques\/\" \/>\n<meta property=\"og:locale\" content=\"fr_FR\" \/>\n<meta property=\"og:type\" content=\"article\" \/>\n<meta property=\"og:title\" content=\"Kativik - Dentisterie en milieu rural\" \/>\n<meta property=\"og:description\" content=\"Les soins buccodentaires sont r\u00e9gis par la R\u00e9gie r\u00e9gionale de la sant\u00e9 et des services sociaux Nunavik qui offre des services aux communaut\u00e9s autochtones. Le Centre de sant\u00e9 Inuulitsivik prend en charge les habitants de 7 communaut\u00e9s inuites. Cependant, les professionnels de la sant\u00e9 buccodentaire se d\u00e9placent dans d\u2019autres petites communaut\u00e9s pour subvenir aux besoins [&hellip;]\" \/>\n<meta property=\"og:url\" content=\"https:\/\/ruraldentistry.ca\/fr\/regions\/nord-du-quebec\/villages-nordiques\/\" \/>\n<meta property=\"og:site_name\" content=\"Dentisterie en milieu rural\" \/>\n<meta property=\"article:modified_time\" content=\"2014-09-09T17:36:53+00:00\" \/>\n<meta name=\"twitter:label1\" content=\"Est. reading time\" \/>\n\t<meta name=\"twitter:data1\" content=\"1 minute\" \/>\n<script type=\"application\/ld+json\" class=\"yoast-schema-graph\">{\"@context\":\"https:\/\/schema.org\",\"@graph\":[{\"@type\":\"WebPage\",\"@id\":\"https:\/\/ruraldentistry.ca\/fr\/regions\/nord-du-quebec\/villages-nordiques\/\",\"url\":\"https:\/\/ruraldentistry.ca\/fr\/regions\/nord-du-quebec\/villages-nordiques\/\",\"name\":\"Kativik - Dentisterie en milieu rural\",\"isPartOf\":{\"@id\":\"https:\/\/ruraldentistry.ca\/#website\"},\"datePublished\":\"2013-08-14T03:24:46+00:00\",\"dateModified\":\"2014-09-09T17:36:53+00:00\",\"breadcrumb\":{\"@id\":\"https:\/\/ruraldentistry.ca\/fr\/regions\/nord-du-quebec\/villages-nordiques\/#breadcrumb\"},\"inLanguage\":\"fr-FR\",\"potentialAction\":[{\"@type\":\"ReadAction\",\"target\":[\"https:\/\/ruraldentistry.ca\/fr\/regions\/nord-du-quebec\/villages-nordiques\/\"]}]},{\"@type\":\"BreadcrumbList\",\"@id\":\"https:\/\/ruraldentistry.ca\/fr\/regions\/nord-du-quebec\/villages-nordiques\/#breadcrumb\",\"itemListElement\":[{\"@type\":\"ListItem\",\"position\":1,\"name\":\"Accueil\",\"item\":\"https:\/\/ruraldentistry.ca\/fr\/\"},{\"@type\":\"ListItem\",\"position\":2,\"name\":\"R\u00e9gions\",\"item\":\"https:\/\/ruraldentistry.ca\/fr\/regions\/\"},{\"@type\":\"ListItem\",\"position\":3,\"name\":\"Nord-du-Qu\u00e9bec\",\"item\":\"https:\/\/ruraldentistry.ca\/fr\/regions\/nord-du-quebec\/\"},{\"@type\":\"ListItem\",\"position\":4,\"name\":\"Kativik\"}]},{\"@type\":\"WebSite\",\"@id\":\"https:\/\/ruraldentistry.ca\/#website\",\"url\":\"https:\/\/ruraldentistry.ca\/\",\"name\":\"Dentisterie en milieu rural\",\"description\":\"Dentisterie en millieu rural et \u00e9loign\u00e9\",\"potentialAction\":[{\"@type\":\"SearchAction\",\"target\":{\"@type\":\"EntryPoint\",\"urlTemplate\":\"https:\/\/ruraldentistry.ca\/?s={search_term_string}\"},\"query-input\":\"required name=search_term_string\"}],\"inLanguage\":\"fr-FR\"}]}<\/script>\n<!-- \/ Yoast SEO plugin. -->","yoast_head_json":{"title":"Kativik - Dentisterie en milieu rural","robots":{"index":"index","follow":"follow","max-snippet":"max-snippet:-1","max-image-preview":"max-image-preview:large","max-video-preview":"max-video-preview:-1"},"canonical":"https:\/\/ruraldentistry.ca\/fr\/regions\/nord-du-quebec\/villages-nordiques\/","og_locale":"fr_FR","og_type":"article","og_title":"Kativik - Dentisterie en milieu rural","og_description":"Les soins buccodentaires sont r\u00e9gis par la R\u00e9gie r\u00e9gionale de la sant\u00e9 et des services sociaux Nunavik qui offre des services aux communaut\u00e9s autochtones. Le Centre de sant\u00e9 Inuulitsivik prend en charge les habitants de 7 communaut\u00e9s inuites. Cependant, les professionnels de la sant\u00e9 buccodentaire se d\u00e9placent dans d\u2019autres petites communaut\u00e9s pour subvenir aux besoins [&hellip;]","og_url":"https:\/\/ruraldentistry.ca\/fr\/regions\/nord-du-quebec\/villages-nordiques\/","og_site_name":"Dentisterie en milieu rural","article_modified_time":"2014-09-09T17:36:53+00:00","twitter_misc":{"Est. reading time":"1 minute"},"schema":{"@context":"https:\/\/schema.org","@graph":[{"@type":"WebPage","@id":"https:\/\/ruraldentistry.ca\/fr\/regions\/nord-du-quebec\/villages-nordiques\/","url":"https:\/\/ruraldentistry.ca\/fr\/regions\/nord-du-quebec\/villages-nordiques\/","name":"Kativik - Dentisterie en milieu rural","isPartOf":{"@id":"https:\/\/ruraldentistry.ca\/#website"},"datePublished":"2013-08-14T03:24:46+00:00","dateModified":"2014-09-09T17:36:53+00:00","breadcrumb":{"@id":"https:\/\/ruraldentistry.ca\/fr\/regions\/nord-du-quebec\/villages-nordiques\/#breadcrumb"},"inLanguage":"fr-FR","potentialAction":[{"@type":"ReadAction","target":["https:\/\/ruraldentistry.ca\/fr\/regions\/nord-du-quebec\/villages-nordiques\/"]}]},{"@type":"BreadcrumbList","@id":"https:\/\/ruraldentistry.ca\/fr\/regions\/nord-du-quebec\/villages-nordiques\/#breadcrumb","itemListElement":[{"@type":"ListItem","position":1,"name":"Accueil","item":"https:\/\/ruraldentistry.ca\/fr\/"},{"@type":"ListItem","position":2,"name":"R\u00e9gions","item":"https:\/\/ruraldentistry.ca\/fr\/regions\/"},{"@type":"ListItem","position":3,"name":"Nord-du-Qu\u00e9bec","item":"https:\/\/ruraldentistry.ca\/fr\/regions\/nord-du-quebec\/"},{"@type":"ListItem","position":4,"name":"Kativik"}]},{"@type":"WebSite","@id":"https:\/\/ruraldentistry.ca\/#website","url":"https:\/\/ruraldentistry.ca\/","name":"Dentisterie en milieu rural","description":"Dentisterie en millieu rural et \u00e9loign\u00e9","potentialAction":[{"@type":"SearchAction","target":{"@type":"EntryPoint","urlTemplate":"https:\/\/ruraldentistry.ca\/?s={search_term_string}"},"query-input":"required name=search_term_string"}],"inLanguage":"fr-FR"}]}},"_links":{"self":[{"href":"https:\/\/ruraldentistry.ca\/fr\/wp-json\/wp\/v2\/pages\/249"}],"collection":[{"href":"https:\/\/ruraldentistry.ca\/fr\/wp-json\/wp\/v2\/pages"}],"about":[{"href":"https:\/\/ruraldentistry.ca\/fr\/wp-json\/wp\/v2\/types\/page"}],"author":[{"embeddable":true,"href":"https:\/\/ruraldentistry.ca\/fr\/wp-json\/wp\/v2\/users\/1"}],"replies":[{"embeddable":true,"href":"https:\/\/ruraldentistry.ca\/fr\/wp-json\/wp\/v2\/comments?post=249"}],"version-history":[{"count":16,"href":"https:\/\/ruraldentistry.ca\/fr\/wp-json\/wp\/v2\/pages\/249\/revisions"}],"predecessor-version":[{"id":2258,"href":"https:\/\/ruraldentistry.ca\/fr\/wp-json\/wp\/v2\/pages\/249\/revisions\/2258"}],"up":[{"embeddable":true,"href":"https:\/\/ruraldentistry.ca\/fr\/wp-json\/wp\/v2\/pages\/70"}],"wp:attachment":[{"href":"https:\/\/ruraldentistry.ca\/fr\/wp-json\/wp\/v2\/media?parent=249"}],"curies":[{"name":"wp","href":"https:\/\/api.w.org\/{rel}","templated":true}]}}