{"id":242,"date":"2013-08-13T23:18:30","date_gmt":"2013-08-14T03:18:30","guid":{"rendered":"https:\/\/ruraldentistry.ca\/?page_id=242"},"modified":"2014-03-17T10:27:15","modified_gmt":"2014-03-17T14:27:15","slug":"temoignages","status":"publish","type":"page","link":"https:\/\/ruraldentistry.ca\/fr\/regions\/gaspesie\/temoignages\/","title":{"rendered":"T\u00e9moignages"},"content":{"rendered":"<div class=\"temoignage\">\n<h2>Dre Sylvie Gagnon, D.M.D, M.Sc. <i>Gasp\u00e9sie<\/i><\/h2>\n<p>\u00abBonjour, mon nom est Sylvie Gagnon et je suis dentiste-conseil pour la Direction de sant\u00e9 publique de la Gasp\u00e9sie-\u00celes-de-la-Madeleine. Je pratique dans la belle r\u00e9gion de la Gasp\u00e9sie depuis 24 ans. Bien que je sois native de la ville de Qu\u00e9bec, j\u2019ai \u00e9t\u00e9 litt\u00e9ralement s\u00e9duite par la beaut\u00e9 de ce vaste territoire o\u00f9 mer et montagnes dessinent merveilleusement bien le paysage.<\/p>\n<p>Fra\u00eechement gradu\u00e9e de l\u2019Universit\u00e9 de Montr\u00e9al, j\u2019\u00e9tais loin de me douter que je passerais une grande partie de mon existence dans cette belle r\u00e9gion. De fait, c\u2019est la g\u00e9n\u00e9rosit\u00e9, la spontan\u00e9it\u00e9 et l\u2019accueil des Gasp\u00e9siens et Gasp\u00e9siennes qui m\u2019ont s\u00e9duite. Il faut dire que pratiquer en r\u00e9gion offre plusieurs avantages. La pratique y est tr\u00e8s diversifi\u00e9e, mais surtout tr\u00e8s gratifiante, car les Gasp\u00e9siens sont des gens tr\u00e8s reconnaissants.<\/p>\n<p>Au cours des ann\u00e9es o\u00f9 j\u2019ai pratiqu\u00e9, je peux vous assurer pour l\u2019avoir v\u00e9cu, qu\u2019il n\u2019y a pas de comp\u00e9tition entre coll\u00e8gues, il n\u2019y a que de l\u2019entraide. Je crois que c\u2019est un atout important qui m\u00e9rite d\u2019\u00eatre soulign\u00e9 surtout si vous d\u00e9sirez venir pratiquer dans notre r\u00e9gion.<\/p>\n<p>En terminant, je ne saurais passer sous silence la qualit\u00e9 de vie qui vous attend si vous avez le go\u00fbt de venir travailler en Gasp\u00e9sie. C\u2019est un bel endroit pour y fonder une famille. L\u2019air y est pur et les terrains de jeux sont tr\u00e8s vastes\u2026<\/p>\n<p>Je vous invite \u00e0 venir nous voir \u2026 Je suis convaincue que vous tomberez sous le charme de la Gasp\u00e9sie. Je vous y attends. \u00bb\n<\/p><\/div>\n<div class=\"box-with-title\">\n<h2>Soci\u00e9t\u00e9 dentaire nord-sud<\/h2>\n<p>Cette soci\u00e9t\u00e9 dentaire regroupe les dentistes du Bas-Saint-Laurent, de la C\u00f4te-Nord, de la Gasp\u00e9sie et des \u00celes-de-la-Madeleine. Consultez la <a href=\"http:\/\/www.societedentairenordsud.com\/index.html\">Soci\u00e9t\u00e9 dentaire Nord-Sud<\/a> pour plus de renseignements sur les formations disponibles et les \u00e9v\u00e9nements \u00e0 venir.<\/div>\n","protected":false},"excerpt":{"rendered":"<p>Dre Sylvie Gagnon, D.M.D, M.Sc. Gasp\u00e9sie \u00abBonjour, mon nom est Sylvie Gagnon et je suis dentiste-conseil pour la Direction de sant\u00e9 publique de la Gasp\u00e9sie-\u00celes-de-la-Madeleine. Je pratique dans la belle r\u00e9gion de la Gasp\u00e9sie depuis 24 ans. Bien que je sois native de la ville de Qu\u00e9bec, j\u2019ai \u00e9t\u00e9 litt\u00e9ralement s\u00e9duite par la beaut\u00e9 de [&hellip;]<\/p>\n","protected":false},"author":1,"featured_media":0,"parent":26,"menu_order":0,"comment_status":"closed","ping_status":"closed","template":"","meta":{"ngg_post_thumbnail":0,"footnotes":""},"yoast_head":"<!-- This site is optimized with the Yoast SEO plugin v20.8 - https:\/\/yoast.com\/wordpress\/plugins\/seo\/ -->\n<title>T\u00e9moignages - Dentisterie en milieu rural<\/title>\n<meta name=\"robots\" content=\"index, follow, max-snippet:-1, max-image-preview:large, max-video-preview:-1\" \/>\n<link rel=\"canonical\" href=\"https:\/\/ruraldentistry.ca\/fr\/regions\/gaspesie\/temoignages\/\" \/>\n<meta property=\"og:locale\" content=\"fr_FR\" \/>\n<meta property=\"og:type\" content=\"article\" \/>\n<meta property=\"og:title\" content=\"T\u00e9moignages - Dentisterie en milieu rural\" \/>\n<meta property=\"og:description\" content=\"Dre Sylvie Gagnon, D.M.D, M.Sc. Gasp\u00e9sie \u00abBonjour, mon nom est Sylvie Gagnon et je suis dentiste-conseil pour la Direction de sant\u00e9 publique de la Gasp\u00e9sie-\u00celes-de-la-Madeleine. Je pratique dans la belle r\u00e9gion de la Gasp\u00e9sie depuis 24 ans. Bien que je sois native de la ville de Qu\u00e9bec, j\u2019ai \u00e9t\u00e9 litt\u00e9ralement s\u00e9duite par la beaut\u00e9 de [&hellip;]\" \/>\n<meta property=\"og:url\" content=\"https:\/\/ruraldentistry.ca\/fr\/regions\/gaspesie\/temoignages\/\" \/>\n<meta property=\"og:site_name\" content=\"Dentisterie en milieu rural\" \/>\n<meta property=\"article:modified_time\" content=\"2014-03-17T14:27:15+00:00\" \/>\n<meta name=\"twitter:label1\" content=\"Est. reading time\" \/>\n\t<meta name=\"twitter:data1\" content=\"2 minutes\" \/>\n<script type=\"application\/ld+json\" class=\"yoast-schema-graph\">{\"@context\":\"https:\/\/schema.org\",\"@graph\":[{\"@type\":\"WebPage\",\"@id\":\"https:\/\/ruraldentistry.ca\/fr\/regions\/gaspesie\/temoignages\/\",\"url\":\"https:\/\/ruraldentistry.ca\/fr\/regions\/gaspesie\/temoignages\/\",\"name\":\"T\u00e9moignages - Dentisterie en milieu rural\",\"isPartOf\":{\"@id\":\"https:\/\/ruraldentistry.ca\/#website\"},\"datePublished\":\"2013-08-14T03:18:30+00:00\",\"dateModified\":\"2014-03-17T14:27:15+00:00\",\"breadcrumb\":{\"@id\":\"https:\/\/ruraldentistry.ca\/fr\/regions\/gaspesie\/temoignages\/#breadcrumb\"},\"inLanguage\":\"fr-FR\",\"potentialAction\":[{\"@type\":\"ReadAction\",\"target\":[\"https:\/\/ruraldentistry.ca\/fr\/regions\/gaspesie\/temoignages\/\"]}]},{\"@type\":\"BreadcrumbList\",\"@id\":\"https:\/\/ruraldentistry.ca\/fr\/regions\/gaspesie\/temoignages\/#breadcrumb\",\"itemListElement\":[{\"@type\":\"ListItem\",\"position\":1,\"name\":\"Accueil\",\"item\":\"https:\/\/ruraldentistry.ca\/fr\/\"},{\"@type\":\"ListItem\",\"position\":2,\"name\":\"R\u00e9gions\",\"item\":\"https:\/\/ruraldentistry.ca\/fr\/regions\/\"},{\"@type\":\"ListItem\",\"position\":3,\"name\":\"Gasp\u00e9sie-\u00celes-de-la-Madeleine\",\"item\":\"https:\/\/ruraldentistry.ca\/fr\/regions\/gaspesie\/\"},{\"@type\":\"ListItem\",\"position\":4,\"name\":\"T\u00e9moignages\"}]},{\"@type\":\"WebSite\",\"@id\":\"https:\/\/ruraldentistry.ca\/#website\",\"url\":\"https:\/\/ruraldentistry.ca\/\",\"name\":\"Dentisterie en milieu rural\",\"description\":\"Dentisterie en millieu rural et \u00e9loign\u00e9\",\"potentialAction\":[{\"@type\":\"SearchAction\",\"target\":{\"@type\":\"EntryPoint\",\"urlTemplate\":\"https:\/\/ruraldentistry.ca\/?s={search_term_string}\"},\"query-input\":\"required name=search_term_string\"}],\"inLanguage\":\"fr-FR\"}]}<\/script>\n<!-- \/ Yoast SEO plugin. -->","yoast_head_json":{"title":"T\u00e9moignages - Dentisterie en milieu rural","robots":{"index":"index","follow":"follow","max-snippet":"max-snippet:-1","max-image-preview":"max-image-preview:large","max-video-preview":"max-video-preview:-1"},"canonical":"https:\/\/ruraldentistry.ca\/fr\/regions\/gaspesie\/temoignages\/","og_locale":"fr_FR","og_type":"article","og_title":"T\u00e9moignages - Dentisterie en milieu rural","og_description":"Dre Sylvie Gagnon, D.M.D, M.Sc. Gasp\u00e9sie \u00abBonjour, mon nom est Sylvie Gagnon et je suis dentiste-conseil pour la Direction de sant\u00e9 publique de la Gasp\u00e9sie-\u00celes-de-la-Madeleine. Je pratique dans la belle r\u00e9gion de la Gasp\u00e9sie depuis 24 ans. Bien que je sois native de la ville de Qu\u00e9bec, j\u2019ai \u00e9t\u00e9 litt\u00e9ralement s\u00e9duite par la beaut\u00e9 de [&hellip;]","og_url":"https:\/\/ruraldentistry.ca\/fr\/regions\/gaspesie\/temoignages\/","og_site_name":"Dentisterie en milieu rural","article_modified_time":"2014-03-17T14:27:15+00:00","twitter_misc":{"Est. reading time":"2 minutes"},"schema":{"@context":"https:\/\/schema.org","@graph":[{"@type":"WebPage","@id":"https:\/\/ruraldentistry.ca\/fr\/regions\/gaspesie\/temoignages\/","url":"https:\/\/ruraldentistry.ca\/fr\/regions\/gaspesie\/temoignages\/","name":"T\u00e9moignages - Dentisterie en milieu rural","isPartOf":{"@id":"https:\/\/ruraldentistry.ca\/#website"},"datePublished":"2013-08-14T03:18:30+00:00","dateModified":"2014-03-17T14:27:15+00:00","breadcrumb":{"@id":"https:\/\/ruraldentistry.ca\/fr\/regions\/gaspesie\/temoignages\/#breadcrumb"},"inLanguage":"fr-FR","potentialAction":[{"@type":"ReadAction","target":["https:\/\/ruraldentistry.ca\/fr\/regions\/gaspesie\/temoignages\/"]}]},{"@type":"BreadcrumbList","@id":"https:\/\/ruraldentistry.ca\/fr\/regions\/gaspesie\/temoignages\/#breadcrumb","itemListElement":[{"@type":"ListItem","position":1,"name":"Accueil","item":"https:\/\/ruraldentistry.ca\/fr\/"},{"@type":"ListItem","position":2,"name":"R\u00e9gions","item":"https:\/\/ruraldentistry.ca\/fr\/regions\/"},{"@type":"ListItem","position":3,"name":"Gasp\u00e9sie-\u00celes-de-la-Madeleine","item":"https:\/\/ruraldentistry.ca\/fr\/regions\/gaspesie\/"},{"@type":"ListItem","position":4,"name":"T\u00e9moignages"}]},{"@type":"WebSite","@id":"https:\/\/ruraldentistry.ca\/#website","url":"https:\/\/ruraldentistry.ca\/","name":"Dentisterie en milieu rural","description":"Dentisterie en millieu rural et \u00e9loign\u00e9","potentialAction":[{"@type":"SearchAction","target":{"@type":"EntryPoint","urlTemplate":"https:\/\/ruraldentistry.ca\/?s={search_term_string}"},"query-input":"required name=search_term_string"}],"inLanguage":"fr-FR"}]}},"_links":{"self":[{"href":"https:\/\/ruraldentistry.ca\/fr\/wp-json\/wp\/v2\/pages\/242"}],"collection":[{"href":"https:\/\/ruraldentistry.ca\/fr\/wp-json\/wp\/v2\/pages"}],"about":[{"href":"https:\/\/ruraldentistry.ca\/fr\/wp-json\/wp\/v2\/types\/page"}],"author":[{"embeddable":true,"href":"https:\/\/ruraldentistry.ca\/fr\/wp-json\/wp\/v2\/users\/1"}],"replies":[{"embeddable":true,"href":"https:\/\/ruraldentistry.ca\/fr\/wp-json\/wp\/v2\/comments?post=242"}],"version-history":[{"count":12,"href":"https:\/\/ruraldentistry.ca\/fr\/wp-json\/wp\/v2\/pages\/242\/revisions"}],"predecessor-version":[{"id":1525,"href":"https:\/\/ruraldentistry.ca\/fr\/wp-json\/wp\/v2\/pages\/242\/revisions\/1525"}],"up":[{"embeddable":true,"href":"https:\/\/ruraldentistry.ca\/fr\/wp-json\/wp\/v2\/pages\/26"}],"wp:attachment":[{"href":"https:\/\/ruraldentistry.ca\/fr\/wp-json\/wp\/v2\/media?parent=242"}],"curies":[{"name":"wp","href":"https:\/\/api.w.org\/{rel}","templated":true}]}}