{"id":24,"date":"2013-08-07T15:59:42","date_gmt":"2013-08-07T19:59:42","guid":{"rendered":"https:\/\/ruraldentistry.ca\/?page_id=24"},"modified":"2014-09-09T13:10:18","modified_gmt":"2014-09-09T17:10:18","slug":"cote-nord","status":"publish","type":"page","link":"https:\/\/ruraldentistry.ca\/fr\/regions\/cote-nord\/","title":{"rendered":"C\u00f4te-Nord"},"content":{"rendered":"<h2><img decoding=\"async\" loading=\"lazy\" class=\"alignleft  wp-image-1126\" style=\"margin: 0px 10px 10px;\" src=\"https:\/\/ruraldentistry.ca\/wp-content\/uploads\/2013\/08\/jpg\/cote-nord.jpg\" alt=\"cote nord\" width=\"401\" height=\"271\" srcset=\"https:\/\/ruraldentistry.ca\/wp-content\/uploads\/2013\/08\/jpg\/cote-nord.jpg 650w, https:\/\/ruraldentistry.ca\/wp-content\/uploads\/2013\/08\/jpg\/cote-nord-300x202.jpg 300w, https:\/\/ruraldentistry.ca\/wp-content\/uploads\/2013\/08\/jpg\/cote-nord-150x101.jpg 150w\" sizes=\"(max-width: 401px) 100vw, 401px\" \/>Overview<\/h2>\n<p>La C\u00f4te-Nord est la deuxi\u00e8me r\u00e9gion du Qu\u00e9bec la plus vaste (<a class=\"reference\" title=\"References list\" href=\"https:\/\/ruraldentistry.ca\/fr\/outils\/liste-references\/#immigration-qu\u00e9bec-2011\"><span class=\"label\">Immigration Qu\u00e9bec, 2011<\/span><\/a>). <span lang=\"FR-CA\">Il s\u2019agit d\u2019une r\u00e9gion m\u00e9connue de la majorit\u00e9 des Qu\u00e9b\u00e9cois. Il s\u2019agit d\u2019un territoire en pleine \u00e9bullition \u00e9conomique en raison du Plan Nord, qui soutient les projets locaux par des investissements et contribue \u00e0 la cr\u00e9ation de milliers d\u2019emplois\u00a0<\/span>(<a class=\"reference\" title=\"References list\" href=\"https:\/\/ruraldentistry.ca\/fr\/outils\/liste-references\/#c\u00f4te-nord-2009\"><span class=\"label\">CR\u00c9 C\u00f4te-Nord, 2009<\/span><\/a>). Aussi, la vitalit\u00e9 culturelle se fait sentir \u00e0 longueur d\u2019ann\u00e9e et les services sont accessibles dans la plupart des municipalit\u00e9s (<a class=\"reference\" title=\"References list\" href=\"https:\/\/ruraldentistry.ca\/fr\/outils\/liste-references\/#c\u00f4te-nord-habitez-2009\"><span class=\"label\">CR\u00c9 C\u00f4te-Nord habitez, 2009<\/span><\/a>).<\/p>\n<h2>Distribution des professionnels en sant\u00e9 buccodentaire<\/h2>\n<p>Les dentistes se situent principalement dans les villes de Sept-\u00celes, Baie-Comeau et Fermont et dans les villages de Blanc-Sablon et Havre-Saint-Pierre. \u00c0 l\u2019exception des dentistes de Sept-\u00celes et de Baie-Comeau, ils sont \u00e9tablis dans des lieux \u00e0 peu d\u2019influence urbaine.<\/p>\n<p>Le besoin de promouvoir la pratique dentaire rurale dans ces r\u00e9gions est important puisqu\u2019environ 57% des habitants de la C\u00f4te-Nord r\u00e9sident \u00e0 l\u2019ext\u00e9rieur des villes de Sept-\u00celes, Port-Cartier et Baie-Comeau (<a class=\"reference\" title=\"References list\" href=\"https:\/\/ruraldentistry.ca\/fr\/outils\/liste-references\/#sadc\"><span class=\"label\">SADC<\/span><\/a>). <span lang=\"FR\">Avec une population tr\u00e8s dispers\u00e9e et un taux \u00e9lev\u00e9 de d\u00e9parts \u00e0 la retraite, la r\u00e9gion fait face <\/span><span lang=\"FR\">\u00e0<\/span><span lang=\"FR\"> des risques de p\u00e9nuries de main-d&rsquo;\u0153uvre dentaire\u00a0<\/span>(<a class=\"reference\" title=\"References list\" href=\"https:\/\/ruraldentistry.ca\/fr\/outils\/liste-references\/#gagnon-maurice-2010-1\"><span class=\"label\">Gagnon. Maurice, 2010<\/span><\/a>).<\/p>\n","protected":false},"excerpt":{"rendered":"<p>Overview La C\u00f4te-Nord est la deuxi\u00e8me r\u00e9gion du Qu\u00e9bec la plus vaste (Immigration Qu\u00e9bec, 2011). Il s\u2019agit d\u2019une r\u00e9gion m\u00e9connue de la majorit\u00e9 des Qu\u00e9b\u00e9cois. Il s\u2019agit d\u2019un territoire en pleine \u00e9bullition \u00e9conomique en raison du Plan Nord, qui soutient les projets locaux par des investissements et contribue \u00e0 la cr\u00e9ation de milliers d\u2019emplois\u00a0(CR\u00c9 C\u00f4te-Nord, [&hellip;]<\/p>\n","protected":false},"author":1,"featured_media":0,"parent":18,"menu_order":0,"comment_status":"closed","ping_status":"closed","template":"","meta":{"ngg_post_thumbnail":0,"footnotes":""},"yoast_head":"<!-- This site is optimized with the Yoast SEO plugin v20.8 - https:\/\/yoast.com\/wordpress\/plugins\/seo\/ -->\n<title>C\u00f4te-Nord - Dentisterie en milieu rural<\/title>\n<meta name=\"robots\" content=\"index, follow, max-snippet:-1, max-image-preview:large, max-video-preview:-1\" \/>\n<link rel=\"canonical\" href=\"https:\/\/ruraldentistry.ca\/fr\/regions\/cote-nord\/\" \/>\n<meta property=\"og:locale\" content=\"fr_FR\" \/>\n<meta property=\"og:type\" content=\"article\" \/>\n<meta property=\"og:title\" content=\"C\u00f4te-Nord - Dentisterie en milieu rural\" \/>\n<meta property=\"og:description\" content=\"Overview La C\u00f4te-Nord est la deuxi\u00e8me r\u00e9gion du Qu\u00e9bec la plus vaste (Immigration Qu\u00e9bec, 2011). Il s\u2019agit d\u2019une r\u00e9gion m\u00e9connue de la majorit\u00e9 des Qu\u00e9b\u00e9cois. Il s\u2019agit d\u2019un territoire en pleine \u00e9bullition \u00e9conomique en raison du Plan Nord, qui soutient les projets locaux par des investissements et contribue \u00e0 la cr\u00e9ation de milliers d\u2019emplois\u00a0(CR\u00c9 C\u00f4te-Nord, [&hellip;]\" \/>\n<meta property=\"og:url\" content=\"https:\/\/ruraldentistry.ca\/fr\/regions\/cote-nord\/\" \/>\n<meta property=\"og:site_name\" content=\"Dentisterie en milieu rural\" \/>\n<meta property=\"article:modified_time\" content=\"2014-09-09T17:10:18+00:00\" \/>\n<meta property=\"og:image\" content=\"https:\/\/ruraldentistry.ca\/wp-content\/uploads\/2013\/08\/jpg\/cote-nord.jpg\" \/>\n<meta name=\"twitter:label1\" content=\"Est. reading time\" \/>\n\t<meta name=\"twitter:data1\" content=\"1 minute\" \/>\n<script type=\"application\/ld+json\" class=\"yoast-schema-graph\">{\"@context\":\"https:\/\/schema.org\",\"@graph\":[{\"@type\":\"WebPage\",\"@id\":\"https:\/\/ruraldentistry.ca\/fr\/regions\/cote-nord\/\",\"url\":\"https:\/\/ruraldentistry.ca\/fr\/regions\/cote-nord\/\",\"name\":\"C\u00f4te-Nord - Dentisterie en milieu rural\",\"isPartOf\":{\"@id\":\"https:\/\/ruraldentistry.ca\/#website\"},\"datePublished\":\"2013-08-07T19:59:42+00:00\",\"dateModified\":\"2014-09-09T17:10:18+00:00\",\"breadcrumb\":{\"@id\":\"https:\/\/ruraldentistry.ca\/fr\/regions\/cote-nord\/#breadcrumb\"},\"inLanguage\":\"fr-FR\",\"potentialAction\":[{\"@type\":\"ReadAction\",\"target\":[\"https:\/\/ruraldentistry.ca\/fr\/regions\/cote-nord\/\"]}]},{\"@type\":\"BreadcrumbList\",\"@id\":\"https:\/\/ruraldentistry.ca\/fr\/regions\/cote-nord\/#breadcrumb\",\"itemListElement\":[{\"@type\":\"ListItem\",\"position\":1,\"name\":\"Accueil\",\"item\":\"https:\/\/ruraldentistry.ca\/fr\/\"},{\"@type\":\"ListItem\",\"position\":2,\"name\":\"R\u00e9gions\",\"item\":\"https:\/\/ruraldentistry.ca\/fr\/regions\/\"},{\"@type\":\"ListItem\",\"position\":3,\"name\":\"C\u00f4te-Nord\"}]},{\"@type\":\"WebSite\",\"@id\":\"https:\/\/ruraldentistry.ca\/#website\",\"url\":\"https:\/\/ruraldentistry.ca\/\",\"name\":\"Dentisterie en milieu rural\",\"description\":\"Dentisterie en millieu rural et \u00e9loign\u00e9\",\"potentialAction\":[{\"@type\":\"SearchAction\",\"target\":{\"@type\":\"EntryPoint\",\"urlTemplate\":\"https:\/\/ruraldentistry.ca\/?s={search_term_string}\"},\"query-input\":\"required name=search_term_string\"}],\"inLanguage\":\"fr-FR\"}]}<\/script>\n<!-- \/ Yoast SEO plugin. -->","yoast_head_json":{"title":"C\u00f4te-Nord - Dentisterie en milieu rural","robots":{"index":"index","follow":"follow","max-snippet":"max-snippet:-1","max-image-preview":"max-image-preview:large","max-video-preview":"max-video-preview:-1"},"canonical":"https:\/\/ruraldentistry.ca\/fr\/regions\/cote-nord\/","og_locale":"fr_FR","og_type":"article","og_title":"C\u00f4te-Nord - Dentisterie en milieu rural","og_description":"Overview La C\u00f4te-Nord est la deuxi\u00e8me r\u00e9gion du Qu\u00e9bec la plus vaste (Immigration Qu\u00e9bec, 2011). Il s\u2019agit d\u2019une r\u00e9gion m\u00e9connue de la majorit\u00e9 des Qu\u00e9b\u00e9cois. Il s\u2019agit d\u2019un territoire en pleine \u00e9bullition \u00e9conomique en raison du Plan Nord, qui soutient les projets locaux par des investissements et contribue \u00e0 la cr\u00e9ation de milliers d\u2019emplois\u00a0(CR\u00c9 C\u00f4te-Nord, [&hellip;]","og_url":"https:\/\/ruraldentistry.ca\/fr\/regions\/cote-nord\/","og_site_name":"Dentisterie en milieu rural","article_modified_time":"2014-09-09T17:10:18+00:00","og_image":[{"url":"https:\/\/ruraldentistry.ca\/wp-content\/uploads\/2013\/08\/jpg\/cote-nord.jpg"}],"twitter_misc":{"Est. reading time":"1 minute"},"schema":{"@context":"https:\/\/schema.org","@graph":[{"@type":"WebPage","@id":"https:\/\/ruraldentistry.ca\/fr\/regions\/cote-nord\/","url":"https:\/\/ruraldentistry.ca\/fr\/regions\/cote-nord\/","name":"C\u00f4te-Nord - Dentisterie en milieu rural","isPartOf":{"@id":"https:\/\/ruraldentistry.ca\/#website"},"datePublished":"2013-08-07T19:59:42+00:00","dateModified":"2014-09-09T17:10:18+00:00","breadcrumb":{"@id":"https:\/\/ruraldentistry.ca\/fr\/regions\/cote-nord\/#breadcrumb"},"inLanguage":"fr-FR","potentialAction":[{"@type":"ReadAction","target":["https:\/\/ruraldentistry.ca\/fr\/regions\/cote-nord\/"]}]},{"@type":"BreadcrumbList","@id":"https:\/\/ruraldentistry.ca\/fr\/regions\/cote-nord\/#breadcrumb","itemListElement":[{"@type":"ListItem","position":1,"name":"Accueil","item":"https:\/\/ruraldentistry.ca\/fr\/"},{"@type":"ListItem","position":2,"name":"R\u00e9gions","item":"https:\/\/ruraldentistry.ca\/fr\/regions\/"},{"@type":"ListItem","position":3,"name":"C\u00f4te-Nord"}]},{"@type":"WebSite","@id":"https:\/\/ruraldentistry.ca\/#website","url":"https:\/\/ruraldentistry.ca\/","name":"Dentisterie en milieu rural","description":"Dentisterie en millieu rural et \u00e9loign\u00e9","potentialAction":[{"@type":"SearchAction","target":{"@type":"EntryPoint","urlTemplate":"https:\/\/ruraldentistry.ca\/?s={search_term_string}"},"query-input":"required name=search_term_string"}],"inLanguage":"fr-FR"}]}},"_links":{"self":[{"href":"https:\/\/ruraldentistry.ca\/fr\/wp-json\/wp\/v2\/pages\/24"}],"collection":[{"href":"https:\/\/ruraldentistry.ca\/fr\/wp-json\/wp\/v2\/pages"}],"about":[{"href":"https:\/\/ruraldentistry.ca\/fr\/wp-json\/wp\/v2\/types\/page"}],"author":[{"embeddable":true,"href":"https:\/\/ruraldentistry.ca\/fr\/wp-json\/wp\/v2\/users\/1"}],"replies":[{"embeddable":true,"href":"https:\/\/ruraldentistry.ca\/fr\/wp-json\/wp\/v2\/comments?post=24"}],"version-history":[{"count":19,"href":"https:\/\/ruraldentistry.ca\/fr\/wp-json\/wp\/v2\/pages\/24\/revisions"}],"predecessor-version":[{"id":2251,"href":"https:\/\/ruraldentistry.ca\/fr\/wp-json\/wp\/v2\/pages\/24\/revisions\/2251"}],"up":[{"embeddable":true,"href":"https:\/\/ruraldentistry.ca\/fr\/wp-json\/wp\/v2\/pages\/18"}],"wp:attachment":[{"href":"https:\/\/ruraldentistry.ca\/fr\/wp-json\/wp\/v2\/media?parent=24"}],"curies":[{"name":"wp","href":"https:\/\/api.w.org\/{rel}","templated":true}]}}