{"id":239,"date":"2013-08-13T23:13:29","date_gmt":"2013-08-14T03:13:29","guid":{"rendered":"https:\/\/ruraldentistry.ca\/?page_id=239"},"modified":"2014-09-09T13:25:53","modified_gmt":"2014-09-09T17:25:53","slug":"vivre","status":"publish","type":"page","link":"https:\/\/ruraldentistry.ca\/fr\/regions\/gaspesie\/vivre\/","title":{"rendered":"Vivre"},"content":{"rendered":"<h2><b>Qualit\u00e9 de vie<br \/>\n<\/b><\/h2>\n<p>Contemplez des paysages splendides compos\u00e9s de montagnes, de plages, de for\u00eats et m\u00eame d\u2019\u00e9oliennes! Relaxez-vous en \u00e9coutant les bruits des vagues ou en allant marcher sur la plage apr\u00e8s une dure journ\u00e9e de travail.<\/p>\n<p>Vous pouvez vous loger dans une tr\u00e8s belle maison sur le bord de l\u2019eau sans toutefois payer les prix exorbitants de Montr\u00e9al ou Qu\u00e9bec. En effet, le prix m\u00e9dian des maisons en Gasp\u00e9sie-\u00celes-de-la-Madeleine est de 96 500$ pour une maison (<a class=\"reference\" title=\"References list\" href=\"https:\/\/ruraldentistry.ca\/fr\/outils\/liste-references\/#lactualite\"><span class=\"label\">Lactualite<\/span><\/a>). La plupart des municipalit\u00e9s ont des installations r\u00e9cr\u00e9atives compl\u00e8tes avec des ar\u00e9nas, des piscines publiques et des gymnases (<a class=\"reference\" title=\"References list\" href=\"https:\/\/ruraldentistry.ca\/fr\/outils\/liste-references\/#cregim\"><span class=\"label\">CR\u00c9G\u00ceM<\/span><\/a>).<\/p>\n<p>Il y a des \u00e9coles primaires et secondaires dans la plupart des villes gasp\u00e9siennes (<a class=\"reference\" title=\"References list\" href=\"https:\/\/ruraldentistry.ca\/fr\/outils\/liste-references\/#gasp\u00e9sie-2011\"><span class=\"label\">Gasp\u00e9sie-\u00celes-de-la-Madeleine, 2011<\/span><\/a>). Plusieurs \u00e9coles offrent des programmes sp\u00e9cialis\u00e9s tels le programme \u00ab\u00a0sports-\u00e9tudes\u00a0\u00bb et l\u2019option arts-\u00e9tudes (par exemple cirque-\u00e9tudes). Il est m\u00eame possible d\u2019obtenir un dipl\u00f4me universitaire avec les formations \u00e0 distance disponibles avec la TELUQ \u00a0ou \u00e0 proximit\u00e9 gr\u00e2ce \u00e0 l\u2019Universit\u00e9 du Qu\u00e9bec \u00e0 Rimouski(<a class=\"reference\" title=\"References list\" href=\"https:\/\/ruraldentistry.ca\/fr\/outils\/liste-references\/#cregim\"><span class=\"label\">CR\u00c9G\u00ceM<\/span><\/a>).<\/p>\n<p>Quatre h\u00f4pitaux desservent le territoire de la Gasp\u00e9sie avec des soins de qualit\u00e9 et des installations modernes (<a class=\"reference\" title=\"References list\" href=\"https:\/\/ruraldentistry.ca\/fr\/outils\/liste-references\/#cregim\"><span class=\"label\">CR\u00c9G\u00ceM<\/span><\/a>). Les d\u00e9lais d\u2019attente pour les op\u00e9rations sont raisonnables et nettement inf\u00e9rieurs \u00e0 ceux de l\u2019ensemble du Qu\u00e9bec (<a class=\"reference\" title=\"References list\" href=\"https:\/\/ruraldentistry.ca\/fr\/outils\/liste-references\/#msss-qu\u00e9bec-2011\"><span class=\"label\">MSSS Qu\u00e9bec, 2011<\/span><\/a>). Il y a des m\u00e9decins sp\u00e9cialistes de quasiment chacune des sp\u00e9cialit\u00e9s dans les h\u00f4pitaux de la r\u00e9gion.<\/p>\n<h2><b>Activit\u00e9s diversifi\u00e9es<br \/>\n<\/b><\/h2>\n<p>La Gasp\u00e9sie vous donne acc\u00e8s \u00e0 une panoplie d\u2019activit\u00e9s et de loisirs \u00e9t\u00e9 comme hiver : randonn\u00e9e p\u00e9destre, kayak et canotage, voile, plong\u00e9e sous-marine, canyonisme, plages et glissoires d\u2019eau, escalade, golf, chasse et p\u00eache, motoneige, escalade de glace, ski alpin et planche \u00e0 neige, ski de randonn\u00e9e et raquette.<\/p>\n<p>Il existe 15 centres de ski de fond et raquette qui sont situ\u00e9s dans quasiment tous les villages (<a class=\"reference\" title=\"References list\" href=\"https:\/\/ruraldentistry.ca\/fr\/outils\/liste-references\/#tourisme-gaspesie\"><span class=\"label\">Association touristique r\u00e9gionale de la Gasp\u00e9sie<\/span><\/a>). La Gasp\u00e9sie poss\u00e8de aussi le <a href=\"http:\/\/www.pinrouge.com\/fr\/archive.aspx\">Centre de ski Pin Rouge<\/a> avec le plus haut nivel\u00e9 de l\u2019est du Qu\u00e9bec d&rsquo;une hauteur de 450 m (<a class=\"reference\" title=\"References list\" href=\"https:\/\/ruraldentistry.ca\/fr\/outils\/liste-references\/#la-toile-du-qu\u00e9bec\"><span class=\"label\">La Toile du Qu\u00e9bec<\/span><\/a>). Cette r\u00e9gion comprend de nombreux grands espaces naturels prot\u00e9g\u00e9s tel le <a href=\"http:\/\/www.sepaq.com\/pq\/gas\/\">Parc national de la Gasp\u00e9sie<\/a> qui offre une foule d\u2019activit\u00e9s de plein air qui peuvent \u00eatre pratiqu\u00e9es gr\u00e2ce \u00e0 son paysage montagnard et ses nombreux plans d\u2019eaux (<a class=\"reference\" title=\"References list\" href=\"https:\/\/ruraldentistry.ca\/fr\/outils\/liste-references\/#sepaq-2011\"><span class=\"label\">S\u00c9PAQ, 2011<\/span><\/a>) et 8 r\u00e9serves fauniques (<a class=\"reference\" title=\"References list\" href=\"https:\/\/ruraldentistry.ca\/fr\/outils\/liste-references\/#savard-danny\"><span class=\"label\">Savard. Danny<\/span><\/a>). Plus de 30 plages publiques sont accessibles pour vous baigner, contempler le coucher de soleil ou tout simplement d\u00e9ambuler (<a class=\"reference\" title=\"References list\" href=\"https:\/\/ruraldentistry.ca\/fr\/outils\/liste-references\/#tourisme-gaspesie-activities\"><span class=\"label\">Association touristique r\u00e9gionale de la Gasp\u00e9sie<\/span><\/a>).<\/p>\n<h2><b>Une culture dynamique<br \/>\n<\/b><\/h2>\n<p>Des salles de spectacles r\u00e9gionales et des th\u00e9\u00e2tres sont r\u00e9partis aux 4 coins de la p\u00e9ninsule gasp\u00e9sienne (<a class=\"reference\" title=\"References list\" href=\"https:\/\/ruraldentistry.ca\/fr\/outils\/liste-references\/#tourisme-gaspesie-culture\"><span class=\"label\"><span style=\"font-size: medium;\">Association touristique r\u00e9gionale de la Gasp\u00e9sie<\/span><\/span><\/a>). Vous pouvez assister \u00e0 des spectacles de vedettes qu\u00e9b\u00e9coises connues tels des humoristes et des chanteurs ou des spectacles \u00e0 saveur locale. Plusieurs festivals uniques et \u00e9v\u00e8nements culturels et sportifs se d\u00e9roulent dans la r\u00e9gion telle <a href=\"http:\/\/www.tdlg.qc.ca\/ete\/\">La Grande Travers\u00e9e de la Gasp\u00e9sie<\/a> en ski de fond et le <a href=\"http:\/\/musiqueduboutdumonde.com\/\">Festival Musique du Bout du Monde<\/a> (<a class=\"reference\" title=\"References list\" href=\"https:\/\/ruraldentistry.ca\/fr\/outils\/liste-references\/#tourisme-gaspesie-evenements\"><span class=\"label\"><span style=\"font-size: medium;\">Association touristique r\u00e9gionale de la Gasp\u00e9sie<\/span><\/span><\/a>).<\/p>\n","protected":false},"excerpt":{"rendered":"<p>Qualit\u00e9 de vie Contemplez des paysages splendides compos\u00e9s de montagnes, de plages, de for\u00eats et m\u00eame d\u2019\u00e9oliennes! Relaxez-vous en \u00e9coutant les bruits des vagues ou en allant marcher sur la plage apr\u00e8s une dure journ\u00e9e de travail. Vous pouvez vous loger dans une tr\u00e8s belle maison sur le bord de l\u2019eau sans toutefois payer les [&hellip;]<\/p>\n","protected":false},"author":1,"featured_media":0,"parent":26,"menu_order":0,"comment_status":"closed","ping_status":"closed","template":"","meta":{"ngg_post_thumbnail":0,"footnotes":""},"yoast_head":"<!-- This site is optimized with the Yoast SEO plugin v20.8 - https:\/\/yoast.com\/wordpress\/plugins\/seo\/ -->\n<title>Vivre - Dentisterie en milieu rural<\/title>\n<meta name=\"robots\" content=\"index, follow, max-snippet:-1, max-image-preview:large, max-video-preview:-1\" \/>\n<link rel=\"canonical\" href=\"https:\/\/ruraldentistry.ca\/fr\/regions\/gaspesie\/vivre\/\" \/>\n<meta property=\"og:locale\" content=\"fr_FR\" \/>\n<meta property=\"og:type\" content=\"article\" \/>\n<meta property=\"og:title\" content=\"Vivre - Dentisterie en milieu rural\" \/>\n<meta property=\"og:description\" content=\"Qualit\u00e9 de vie Contemplez des paysages splendides compos\u00e9s de montagnes, de plages, de for\u00eats et m\u00eame d\u2019\u00e9oliennes! Relaxez-vous en \u00e9coutant les bruits des vagues ou en allant marcher sur la plage apr\u00e8s une dure journ\u00e9e de travail. Vous pouvez vous loger dans une tr\u00e8s belle maison sur le bord de l\u2019eau sans toutefois payer les [&hellip;]\" \/>\n<meta property=\"og:url\" content=\"https:\/\/ruraldentistry.ca\/fr\/regions\/gaspesie\/vivre\/\" \/>\n<meta property=\"og:site_name\" content=\"Dentisterie en milieu rural\" \/>\n<meta property=\"article:modified_time\" content=\"2014-09-09T17:25:53+00:00\" \/>\n<meta name=\"twitter:label1\" content=\"Est. reading time\" \/>\n\t<meta name=\"twitter:data1\" content=\"3 minutes\" \/>\n<script type=\"application\/ld+json\" class=\"yoast-schema-graph\">{\"@context\":\"https:\/\/schema.org\",\"@graph\":[{\"@type\":\"WebPage\",\"@id\":\"https:\/\/ruraldentistry.ca\/fr\/regions\/gaspesie\/vivre\/\",\"url\":\"https:\/\/ruraldentistry.ca\/fr\/regions\/gaspesie\/vivre\/\",\"name\":\"Vivre - Dentisterie en milieu rural\",\"isPartOf\":{\"@id\":\"https:\/\/ruraldentistry.ca\/#website\"},\"datePublished\":\"2013-08-14T03:13:29+00:00\",\"dateModified\":\"2014-09-09T17:25:53+00:00\",\"breadcrumb\":{\"@id\":\"https:\/\/ruraldentistry.ca\/fr\/regions\/gaspesie\/vivre\/#breadcrumb\"},\"inLanguage\":\"fr-FR\",\"potentialAction\":[{\"@type\":\"ReadAction\",\"target\":[\"https:\/\/ruraldentistry.ca\/fr\/regions\/gaspesie\/vivre\/\"]}]},{\"@type\":\"BreadcrumbList\",\"@id\":\"https:\/\/ruraldentistry.ca\/fr\/regions\/gaspesie\/vivre\/#breadcrumb\",\"itemListElement\":[{\"@type\":\"ListItem\",\"position\":1,\"name\":\"Accueil\",\"item\":\"https:\/\/ruraldentistry.ca\/fr\/\"},{\"@type\":\"ListItem\",\"position\":2,\"name\":\"R\u00e9gions\",\"item\":\"https:\/\/ruraldentistry.ca\/fr\/regions\/\"},{\"@type\":\"ListItem\",\"position\":3,\"name\":\"Gasp\u00e9sie-\u00celes-de-la-Madeleine\",\"item\":\"https:\/\/ruraldentistry.ca\/fr\/regions\/gaspesie\/\"},{\"@type\":\"ListItem\",\"position\":4,\"name\":\"Vivre\"}]},{\"@type\":\"WebSite\",\"@id\":\"https:\/\/ruraldentistry.ca\/#website\",\"url\":\"https:\/\/ruraldentistry.ca\/\",\"name\":\"Dentisterie en milieu rural\",\"description\":\"Dentisterie en millieu rural et \u00e9loign\u00e9\",\"potentialAction\":[{\"@type\":\"SearchAction\",\"target\":{\"@type\":\"EntryPoint\",\"urlTemplate\":\"https:\/\/ruraldentistry.ca\/?s={search_term_string}\"},\"query-input\":\"required name=search_term_string\"}],\"inLanguage\":\"fr-FR\"}]}<\/script>\n<!-- \/ Yoast SEO plugin. -->","yoast_head_json":{"title":"Vivre - Dentisterie en milieu rural","robots":{"index":"index","follow":"follow","max-snippet":"max-snippet:-1","max-image-preview":"max-image-preview:large","max-video-preview":"max-video-preview:-1"},"canonical":"https:\/\/ruraldentistry.ca\/fr\/regions\/gaspesie\/vivre\/","og_locale":"fr_FR","og_type":"article","og_title":"Vivre - Dentisterie en milieu rural","og_description":"Qualit\u00e9 de vie Contemplez des paysages splendides compos\u00e9s de montagnes, de plages, de for\u00eats et m\u00eame d\u2019\u00e9oliennes! Relaxez-vous en \u00e9coutant les bruits des vagues ou en allant marcher sur la plage apr\u00e8s une dure journ\u00e9e de travail. Vous pouvez vous loger dans une tr\u00e8s belle maison sur le bord de l\u2019eau sans toutefois payer les [&hellip;]","og_url":"https:\/\/ruraldentistry.ca\/fr\/regions\/gaspesie\/vivre\/","og_site_name":"Dentisterie en milieu rural","article_modified_time":"2014-09-09T17:25:53+00:00","twitter_misc":{"Est. reading time":"3 minutes"},"schema":{"@context":"https:\/\/schema.org","@graph":[{"@type":"WebPage","@id":"https:\/\/ruraldentistry.ca\/fr\/regions\/gaspesie\/vivre\/","url":"https:\/\/ruraldentistry.ca\/fr\/regions\/gaspesie\/vivre\/","name":"Vivre - Dentisterie en milieu rural","isPartOf":{"@id":"https:\/\/ruraldentistry.ca\/#website"},"datePublished":"2013-08-14T03:13:29+00:00","dateModified":"2014-09-09T17:25:53+00:00","breadcrumb":{"@id":"https:\/\/ruraldentistry.ca\/fr\/regions\/gaspesie\/vivre\/#breadcrumb"},"inLanguage":"fr-FR","potentialAction":[{"@type":"ReadAction","target":["https:\/\/ruraldentistry.ca\/fr\/regions\/gaspesie\/vivre\/"]}]},{"@type":"BreadcrumbList","@id":"https:\/\/ruraldentistry.ca\/fr\/regions\/gaspesie\/vivre\/#breadcrumb","itemListElement":[{"@type":"ListItem","position":1,"name":"Accueil","item":"https:\/\/ruraldentistry.ca\/fr\/"},{"@type":"ListItem","position":2,"name":"R\u00e9gions","item":"https:\/\/ruraldentistry.ca\/fr\/regions\/"},{"@type":"ListItem","position":3,"name":"Gasp\u00e9sie-\u00celes-de-la-Madeleine","item":"https:\/\/ruraldentistry.ca\/fr\/regions\/gaspesie\/"},{"@type":"ListItem","position":4,"name":"Vivre"}]},{"@type":"WebSite","@id":"https:\/\/ruraldentistry.ca\/#website","url":"https:\/\/ruraldentistry.ca\/","name":"Dentisterie en milieu rural","description":"Dentisterie en millieu rural et \u00e9loign\u00e9","potentialAction":[{"@type":"SearchAction","target":{"@type":"EntryPoint","urlTemplate":"https:\/\/ruraldentistry.ca\/?s={search_term_string}"},"query-input":"required name=search_term_string"}],"inLanguage":"fr-FR"}]}},"_links":{"self":[{"href":"https:\/\/ruraldentistry.ca\/fr\/wp-json\/wp\/v2\/pages\/239"}],"collection":[{"href":"https:\/\/ruraldentistry.ca\/fr\/wp-json\/wp\/v2\/pages"}],"about":[{"href":"https:\/\/ruraldentistry.ca\/fr\/wp-json\/wp\/v2\/types\/page"}],"author":[{"embeddable":true,"href":"https:\/\/ruraldentistry.ca\/fr\/wp-json\/wp\/v2\/users\/1"}],"replies":[{"embeddable":true,"href":"https:\/\/ruraldentistry.ca\/fr\/wp-json\/wp\/v2\/comments?post=239"}],"version-history":[{"count":14,"href":"https:\/\/ruraldentistry.ca\/fr\/wp-json\/wp\/v2\/pages\/239\/revisions"}],"predecessor-version":[{"id":2256,"href":"https:\/\/ruraldentistry.ca\/fr\/wp-json\/wp\/v2\/pages\/239\/revisions\/2256"}],"up":[{"embeddable":true,"href":"https:\/\/ruraldentistry.ca\/fr\/wp-json\/wp\/v2\/pages\/26"}],"wp:attachment":[{"href":"https:\/\/ruraldentistry.ca\/fr\/wp-json\/wp\/v2\/media?parent=239"}],"curies":[{"name":"wp","href":"https:\/\/api.w.org\/{rel}","templated":true}]}}