{"id":234,"date":"2013-08-13T23:10:53","date_gmt":"2013-08-14T03:10:53","guid":{"rendered":"https:\/\/ruraldentistry.ca\/?page_id=234"},"modified":"2014-03-17T10:22:53","modified_gmt":"2014-03-17T14:22:53","slug":"temoignages","status":"publish","type":"page","link":"https:\/\/ruraldentistry.ca\/fr\/regions\/cote-nord\/temoignages\/","title":{"rendered":"T\u00e9moignages"},"content":{"rendered":"<div class=\"temoignage\">\n<h2>Dr Fran\u00e7ois Morache, DMD<br \/>\n<i>Port-Cartier\/C\u00f4te-Nord<\/i><\/h2>\n<p class=\"citation\">\u00abCommencer sa carri\u00e8re en r\u00e9gion est l\u2019une des meilleures \u00e9coles de formation que puisse esp\u00e9rer un nouveau dipl\u00f4m\u00e9 en m\u00e9decine dentaire. Tout ce que l\u2019on a appris \u00e0 l\u2019universit\u00e9 est remis en question face \u00e0 la r\u00e9alit\u00e9 du quotidien. Loin des sp\u00e9cialistes, le jeune dentiste en r\u00e9gion doit apprendre \u00e0 \u00eatre polyvalent, intuitif, d\u00e9brouillard, et adapter sa fa\u00e7on de travailler sans filet de s\u00e9curit\u00e9. Contrairement \u00e0 la pr\u00e9sente mode de sursp\u00e9cialisation, la dentisterie en r\u00e9gion devient int\u00e9ressante au fil des ann\u00e9es \u00e0 cause de sa polyvalence. Et en r\u00e9gion, il n\u2019y a rien de plus agr\u00e9able que lorsqu\u2019un patient te dit \u00ab Bonjour \u00bb sur la rue ou dans un centre d&rsquo;achat.\u00bb<\/p>\n<h2>Dr Louis Besner, DMD<br \/>\n<i>Baie-Comeau\/C\u00f4te-Nord<\/i><\/h2>\n<p class=\"citation\">\u00abLa C\u00f4te-Nord c&rsquo;est la nature (p\u00eache, chasse, h\u00e9bertisme, etc.),le calme (car on y vie plus lentement) donc un stress moindre, la s\u00e9curit\u00e9 (de nos familles et de nos biens), la reconnaissance et l&rsquo;appr\u00e9ciation de la population, l&rsquo;abondance de la client\u00e8le qui permet de ne pas devoir \u00a0\u00bb vendre\u00a0\u00bb les traitements ,le challenge de r\u00e9aliser un plus large \u00e9ventail de soins \u00e9tant donn\u00e9 le nombre restreint de sp\u00e9cialistes , une \u00e9conomie r\u00e9gionale solide avec un avenir assur\u00e9e (plan Nord), des revenus sup\u00e9rieurs, des avantages p\u00e9cuniaires pour le ressourcement de formation, une satisfaction et une r\u00e9ussite personnelle et professionnelle<\/p>\n<\/div>\n<div class=\"box-with-title\">\n<h2>Soci\u00e9t\u00e9 dentaire nord-sud<\/h2>\n<div>Cette soci\u00e9t\u00e9 dentaire regroupe les dentistes du Bas-Saint-Laurent, de la C\u00f4te-Nord, de la Gasp\u00e9sie et des \u00celes-de-la-Madeleine. Consultez la <a href=\"http:\/\/www.societedentairenordsud.com\/index.html\">Soci\u00e9t\u00e9 dentaire Nord-Sud<\/a> pour plus de renseignements sur les formations disponibles et les \u00e9v\u00e9nements \u00e0 venir.<\/div>\n<\/div>\n","protected":false},"excerpt":{"rendered":"<p>Dr Fran\u00e7ois Morache, DMD Port-Cartier\/C\u00f4te-Nord \u00abCommencer sa carri\u00e8re en r\u00e9gion est l\u2019une des meilleures \u00e9coles de formation que puisse esp\u00e9rer un nouveau dipl\u00f4m\u00e9 en m\u00e9decine dentaire. Tout ce que l\u2019on a appris \u00e0 l\u2019universit\u00e9 est remis en question face \u00e0 la r\u00e9alit\u00e9 du quotidien. Loin des sp\u00e9cialistes, le jeune dentiste en r\u00e9gion doit apprendre \u00e0 [&hellip;]<\/p>\n","protected":false},"author":1,"featured_media":0,"parent":24,"menu_order":0,"comment_status":"closed","ping_status":"closed","template":"","meta":{"ngg_post_thumbnail":0,"footnotes":""},"yoast_head":"<!-- This site is optimized with the Yoast SEO plugin v20.8 - https:\/\/yoast.com\/wordpress\/plugins\/seo\/ -->\n<title>T\u00e9moignages - Dentisterie en milieu rural<\/title>\n<meta name=\"robots\" content=\"index, follow, max-snippet:-1, max-image-preview:large, max-video-preview:-1\" \/>\n<link rel=\"canonical\" href=\"https:\/\/ruraldentistry.ca\/fr\/regions\/cote-nord\/temoignages\/\" \/>\n<meta property=\"og:locale\" content=\"fr_FR\" \/>\n<meta property=\"og:type\" content=\"article\" \/>\n<meta property=\"og:title\" content=\"T\u00e9moignages - Dentisterie en milieu rural\" \/>\n<meta property=\"og:description\" content=\"Dr Fran\u00e7ois Morache, DMD Port-Cartier\/C\u00f4te-Nord \u00abCommencer sa carri\u00e8re en r\u00e9gion est l\u2019une des meilleures \u00e9coles de formation que puisse esp\u00e9rer un nouveau dipl\u00f4m\u00e9 en m\u00e9decine dentaire. Tout ce que l\u2019on a appris \u00e0 l\u2019universit\u00e9 est remis en question face \u00e0 la r\u00e9alit\u00e9 du quotidien. Loin des sp\u00e9cialistes, le jeune dentiste en r\u00e9gion doit apprendre \u00e0 [&hellip;]\" \/>\n<meta property=\"og:url\" content=\"https:\/\/ruraldentistry.ca\/fr\/regions\/cote-nord\/temoignages\/\" \/>\n<meta property=\"og:site_name\" content=\"Dentisterie en milieu rural\" \/>\n<meta property=\"article:modified_time\" content=\"2014-03-17T14:22:53+00:00\" \/>\n<meta name=\"twitter:label1\" content=\"Est. reading time\" \/>\n\t<meta name=\"twitter:data1\" content=\"1 minute\" \/>\n<script type=\"application\/ld+json\" class=\"yoast-schema-graph\">{\"@context\":\"https:\/\/schema.org\",\"@graph\":[{\"@type\":\"WebPage\",\"@id\":\"https:\/\/ruraldentistry.ca\/fr\/regions\/cote-nord\/temoignages\/\",\"url\":\"https:\/\/ruraldentistry.ca\/fr\/regions\/cote-nord\/temoignages\/\",\"name\":\"T\u00e9moignages - Dentisterie en milieu rural\",\"isPartOf\":{\"@id\":\"https:\/\/ruraldentistry.ca\/#website\"},\"datePublished\":\"2013-08-14T03:10:53+00:00\",\"dateModified\":\"2014-03-17T14:22:53+00:00\",\"breadcrumb\":{\"@id\":\"https:\/\/ruraldentistry.ca\/fr\/regions\/cote-nord\/temoignages\/#breadcrumb\"},\"inLanguage\":\"fr-FR\",\"potentialAction\":[{\"@type\":\"ReadAction\",\"target\":[\"https:\/\/ruraldentistry.ca\/fr\/regions\/cote-nord\/temoignages\/\"]}]},{\"@type\":\"BreadcrumbList\",\"@id\":\"https:\/\/ruraldentistry.ca\/fr\/regions\/cote-nord\/temoignages\/#breadcrumb\",\"itemListElement\":[{\"@type\":\"ListItem\",\"position\":1,\"name\":\"Accueil\",\"item\":\"https:\/\/ruraldentistry.ca\/fr\/\"},{\"@type\":\"ListItem\",\"position\":2,\"name\":\"R\u00e9gions\",\"item\":\"https:\/\/ruraldentistry.ca\/fr\/regions\/\"},{\"@type\":\"ListItem\",\"position\":3,\"name\":\"C\u00f4te-Nord\",\"item\":\"https:\/\/ruraldentistry.ca\/fr\/regions\/cote-nord\/\"},{\"@type\":\"ListItem\",\"position\":4,\"name\":\"T\u00e9moignages\"}]},{\"@type\":\"WebSite\",\"@id\":\"https:\/\/ruraldentistry.ca\/#website\",\"url\":\"https:\/\/ruraldentistry.ca\/\",\"name\":\"Dentisterie en milieu rural\",\"description\":\"Dentisterie en millieu rural et \u00e9loign\u00e9\",\"potentialAction\":[{\"@type\":\"SearchAction\",\"target\":{\"@type\":\"EntryPoint\",\"urlTemplate\":\"https:\/\/ruraldentistry.ca\/?s={search_term_string}\"},\"query-input\":\"required name=search_term_string\"}],\"inLanguage\":\"fr-FR\"}]}<\/script>\n<!-- \/ Yoast SEO plugin. -->","yoast_head_json":{"title":"T\u00e9moignages - Dentisterie en milieu rural","robots":{"index":"index","follow":"follow","max-snippet":"max-snippet:-1","max-image-preview":"max-image-preview:large","max-video-preview":"max-video-preview:-1"},"canonical":"https:\/\/ruraldentistry.ca\/fr\/regions\/cote-nord\/temoignages\/","og_locale":"fr_FR","og_type":"article","og_title":"T\u00e9moignages - Dentisterie en milieu rural","og_description":"Dr Fran\u00e7ois Morache, DMD Port-Cartier\/C\u00f4te-Nord \u00abCommencer sa carri\u00e8re en r\u00e9gion est l\u2019une des meilleures \u00e9coles de formation que puisse esp\u00e9rer un nouveau dipl\u00f4m\u00e9 en m\u00e9decine dentaire. Tout ce que l\u2019on a appris \u00e0 l\u2019universit\u00e9 est remis en question face \u00e0 la r\u00e9alit\u00e9 du quotidien. Loin des sp\u00e9cialistes, le jeune dentiste en r\u00e9gion doit apprendre \u00e0 [&hellip;]","og_url":"https:\/\/ruraldentistry.ca\/fr\/regions\/cote-nord\/temoignages\/","og_site_name":"Dentisterie en milieu rural","article_modified_time":"2014-03-17T14:22:53+00:00","twitter_misc":{"Est. reading time":"1 minute"},"schema":{"@context":"https:\/\/schema.org","@graph":[{"@type":"WebPage","@id":"https:\/\/ruraldentistry.ca\/fr\/regions\/cote-nord\/temoignages\/","url":"https:\/\/ruraldentistry.ca\/fr\/regions\/cote-nord\/temoignages\/","name":"T\u00e9moignages - Dentisterie en milieu rural","isPartOf":{"@id":"https:\/\/ruraldentistry.ca\/#website"},"datePublished":"2013-08-14T03:10:53+00:00","dateModified":"2014-03-17T14:22:53+00:00","breadcrumb":{"@id":"https:\/\/ruraldentistry.ca\/fr\/regions\/cote-nord\/temoignages\/#breadcrumb"},"inLanguage":"fr-FR","potentialAction":[{"@type":"ReadAction","target":["https:\/\/ruraldentistry.ca\/fr\/regions\/cote-nord\/temoignages\/"]}]},{"@type":"BreadcrumbList","@id":"https:\/\/ruraldentistry.ca\/fr\/regions\/cote-nord\/temoignages\/#breadcrumb","itemListElement":[{"@type":"ListItem","position":1,"name":"Accueil","item":"https:\/\/ruraldentistry.ca\/fr\/"},{"@type":"ListItem","position":2,"name":"R\u00e9gions","item":"https:\/\/ruraldentistry.ca\/fr\/regions\/"},{"@type":"ListItem","position":3,"name":"C\u00f4te-Nord","item":"https:\/\/ruraldentistry.ca\/fr\/regions\/cote-nord\/"},{"@type":"ListItem","position":4,"name":"T\u00e9moignages"}]},{"@type":"WebSite","@id":"https:\/\/ruraldentistry.ca\/#website","url":"https:\/\/ruraldentistry.ca\/","name":"Dentisterie en milieu rural","description":"Dentisterie en millieu rural et \u00e9loign\u00e9","potentialAction":[{"@type":"SearchAction","target":{"@type":"EntryPoint","urlTemplate":"https:\/\/ruraldentistry.ca\/?s={search_term_string}"},"query-input":"required name=search_term_string"}],"inLanguage":"fr-FR"}]}},"_links":{"self":[{"href":"https:\/\/ruraldentistry.ca\/fr\/wp-json\/wp\/v2\/pages\/234"}],"collection":[{"href":"https:\/\/ruraldentistry.ca\/fr\/wp-json\/wp\/v2\/pages"}],"about":[{"href":"https:\/\/ruraldentistry.ca\/fr\/wp-json\/wp\/v2\/types\/page"}],"author":[{"embeddable":true,"href":"https:\/\/ruraldentistry.ca\/fr\/wp-json\/wp\/v2\/users\/1"}],"replies":[{"embeddable":true,"href":"https:\/\/ruraldentistry.ca\/fr\/wp-json\/wp\/v2\/comments?post=234"}],"version-history":[{"count":20,"href":"https:\/\/ruraldentistry.ca\/fr\/wp-json\/wp\/v2\/pages\/234\/revisions"}],"predecessor-version":[{"id":1521,"href":"https:\/\/ruraldentistry.ca\/fr\/wp-json\/wp\/v2\/pages\/234\/revisions\/1521"}],"up":[{"embeddable":true,"href":"https:\/\/ruraldentistry.ca\/fr\/wp-json\/wp\/v2\/pages\/24"}],"wp:attachment":[{"href":"https:\/\/ruraldentistry.ca\/fr\/wp-json\/wp\/v2\/media?parent=234"}],"curies":[{"name":"wp","href":"https:\/\/api.w.org\/{rel}","templated":true}]}}