{"id":224,"date":"2013-08-13T23:04:28","date_gmt":"2013-08-14T03:04:28","guid":{"rendered":"https:\/\/ruraldentistry.ca\/?page_id=224"},"modified":"2014-09-09T13:16:58","modified_gmt":"2014-09-09T17:16:58","slug":"vivre","status":"publish","type":"page","link":"https:\/\/ruraldentistry.ca\/fr\/regions\/cote-nord\/vivre\/","title":{"rendered":"Vivre"},"content":{"rendered":"<h2><b>Qualit\u00e9 de vie<br \/>\n<\/b><\/h2>\n<p>La C\u00f4te-Nord offre un mode de vie avec une vie sociale et culturelle diversifi\u00e9e tout en \u00e9tant \u00e0 l\u2019abri du stress et o\u00f9 les habitants c\u00f4toient des paysages spectaculaires, uniques et m\u00eame arctiques (<span class=\"label\"><a class=\"reference\" title=\"References list\" href=\"https:\/\/ruraldentistry.ca\/fr\/outils\/liste-references\/#cn-avantage-2009-1\">CR\u00c9 C\u00f4te-Nord avantage, 2009<\/a>;<\/span>\u00a0<a class=\"reference\" title=\"References list\" href=\"https:\/\/ruraldentistry.ca\/fr\/outils\/liste-references\/#cn-tourisme-1999\"><span class=\"label\">Tourisme C\u00f4te-Nord, 1999<\/span><\/a>). La majorit\u00e9 des municipalit\u00e9s poss\u00e8de les services de base pour des activit\u00e9s culturelles et de loisirs (<a class=\"reference\" title=\"References list\" href=\"https:\/\/ruraldentistry.ca\/fr\/outils\/liste-references\/#cn-habitez-2009-1\"><span class=\"label\">CR\u00c9 C\u00f4te-Nord habitez, 2009<\/span><\/a>).<\/p>\n<p><span lang=\"FR\">Le territoire nord-c\u00f4tier est couvert en entier par les services de sant\u00e9 et services sociaux. Plus d\u2019une quinzaine de sp\u00e9cialit\u00e9s en m\u00e9decine sont disponibles et les \u00e9tablissement comprennent des \u00e9quipements \u00e0 la fine pointe de la technologie\u00a0<\/span>(<span class=\"label\"><a class=\"reference\" title=\"References list\" href=\"https:\/\/ruraldentistry.ca\/fr\/outils\/liste-references\/#cn-avantage-2009-2\">CR\u00c9 C\u00f4te-Nord avantage, 2009<\/a>;<\/span>\u00a0<a class=\"reference\" title=\"References list\" href=\"https:\/\/ruraldentistry.ca\/fr\/outils\/liste-references\/#cn-sante-2009-1\"><span class=\"label\">CR\u00c9 C\u00f4te-Nord sante, 2009<\/span><\/a>). En 2011, la r\u00e9gion <span lang=\"FR\">poss\u00e8dait\u00a0<\/span>un taux de m\u00e9decins de famille par 100 000 personnes sup\u00e9rieur \u00e0 la moyenne provinciale (<a class=\"reference\" title=\"References list\" href=\"https:\/\/ruraldentistry.ca\/fr\/outils\/liste-references\/#statistiques-canada-2011\"><span class=\"label\">Statistiques Canada, 2011<\/span><\/a>).<\/p>\n<p>On retrouve 2 c\u00e9geps (Sept-\u00celes et Baie-Comeau) qui offrent des programmes pr\u00e9universitaires et des formations techniques. Plusieurs de ces programmes contribuent \u00e0 la formation pour des entreprises locales. Il est possible d\u2019obtenir un dipl\u00f4me universitaire gr\u00e2ce au Centre d\u2019\u00e9tudes universitaires de l\u2019est de la C\u00f4te-Nord ainsi <span lang=\"FR\">qu\u2019<\/span><span lang=\"FR\">\u00e0<\/span><span lang=\"FR\"> la\u00a0<\/span>Corporation des services universitaires du secteur ouest de la C\u00f4te-Nord (<a class=\"reference\" title=\"References list\" href=\"https:\/\/ruraldentistry.ca\/fr\/outils\/liste-references\/#cn-etudiez-2009-1\"><span class=\"label\">CR\u00c9 C\u00f4te-Nord etudiez, 2009<\/span><\/a>).<\/p>\n<h2><b>Culture dynamique<br \/>\n<\/b><\/h2>\n<p>Des activit\u00e9s culturelles diversifi\u00e9es sont disponibles sur tout le territoire nord-c\u00f4tier. La r\u00e9gion offre plusieurs activit\u00e9s et \u00e9v\u00e9nements reli\u00e9s \u00e0 la danse et la musique, les arts visuels et la litt\u00e9rature, le th\u00e9\u00e2tre et le cin\u00e9ma. Plusieurs festivals reconnus ont lieu dans la r\u00e9gion dont Cinoche \u00e0 Baie-Comeau, Cin\u00e9-7 \u00e0 Sept-\u00celes et le Festival de la chanson de Tadoussac. La culture autochtone est au premier plan sur la C\u00f4te-Nord avec ses l\u00e9gendes en chansons, ses danses en rituel et plusieurs festivals d\u2019envergure. Les principales villes ont aussi chacune des salles de spectacles qui accueillent des artistes qu\u00e9b\u00e9cois de la chanson, de la musique et de vari\u00e9t\u00e9s (<a class=\"reference\" title=\"References list\" href=\"https:\/\/ruraldentistry.ca\/fr\/outils\/liste-references\/#cn-vitalite-2009-1\"><span class=\"label\">CR\u00c9 C\u00f4te-Nord vitalite, 2009<\/span><\/a>).<\/p>\n<h2><b>Activit\u00e9s de plein air et loisirs<br \/>\n<\/b><\/h2>\n<p>Les paysages diversifi\u00e9s de la r\u00e9gion permettent un large \u00e9ventail d\u2019activit\u00e9s et de loisirs de plein air. La C\u00f4te-Nord poss\u00e8de une faune riche ce qui permet aux passionn\u00e9s d\u2019y observer les oiseaux et les baleines ou de fr\u00e9quenter les nombreuses pourvoiries pour y chasser et p\u00eacher. Voici une liste non exhaustive d\u2019activit\u00e9s qui peuvent majoritairement \u00eatre pratiqu\u00e9es dans chacune des municipalit\u00e9s gr\u00e2ce aux installations: badminton, basket-ball, judo, gymnastique, hockey, natation, patinage artistique et de vitesse, quilles, taekwondo, tennis, baseball, canot, chasse, football, golf, kayak de mer, motoneige, nautisme, p\u00eache blanche, plong\u00e9e, randonn\u00e9es p\u00e9destres, raquettes, ski alpin et ski de fond, soccer, traineaux \u00e0 chiens, triathlon, v\u00e9lo, voile (<a class=\"reference\" title=\"References list\" href=\"https:\/\/ruraldentistry.ca\/fr\/outils\/liste-references\/#cn-habitez-2009-1\"><span class=\"label\">CR\u00c9 C\u00f4te-Nord habitez, 2009<\/span><\/a>).<\/p>\n","protected":false},"excerpt":{"rendered":"<p>Qualit\u00e9 de vie La C\u00f4te-Nord offre un mode de vie avec une vie sociale et culturelle diversifi\u00e9e tout en \u00e9tant \u00e0 l\u2019abri du stress et o\u00f9 les habitants c\u00f4toient des paysages spectaculaires, uniques et m\u00eame arctiques (CR\u00c9 C\u00f4te-Nord avantage, 2009;\u00a0Tourisme C\u00f4te-Nord, 1999). La majorit\u00e9 des municipalit\u00e9s poss\u00e8de les services de base pour des activit\u00e9s culturelles [&hellip;]<\/p>\n","protected":false},"author":1,"featured_media":0,"parent":24,"menu_order":0,"comment_status":"closed","ping_status":"closed","template":"","meta":{"ngg_post_thumbnail":0,"footnotes":""},"yoast_head":"<!-- This site is optimized with the Yoast SEO plugin v20.8 - https:\/\/yoast.com\/wordpress\/plugins\/seo\/ -->\n<title>Vivre - Dentisterie en milieu rural<\/title>\n<meta name=\"robots\" content=\"index, follow, max-snippet:-1, max-image-preview:large, max-video-preview:-1\" \/>\n<link rel=\"canonical\" href=\"https:\/\/ruraldentistry.ca\/fr\/regions\/cote-nord\/vivre\/\" \/>\n<meta property=\"og:locale\" content=\"fr_FR\" \/>\n<meta property=\"og:type\" content=\"article\" \/>\n<meta property=\"og:title\" content=\"Vivre - Dentisterie en milieu rural\" \/>\n<meta property=\"og:description\" content=\"Qualit\u00e9 de vie La C\u00f4te-Nord offre un mode de vie avec une vie sociale et culturelle diversifi\u00e9e tout en \u00e9tant \u00e0 l\u2019abri du stress et o\u00f9 les habitants c\u00f4toient des paysages spectaculaires, uniques et m\u00eame arctiques (CR\u00c9 C\u00f4te-Nord avantage, 2009;\u00a0Tourisme C\u00f4te-Nord, 1999). La majorit\u00e9 des municipalit\u00e9s poss\u00e8de les services de base pour des activit\u00e9s culturelles [&hellip;]\" \/>\n<meta property=\"og:url\" content=\"https:\/\/ruraldentistry.ca\/fr\/regions\/cote-nord\/vivre\/\" \/>\n<meta property=\"og:site_name\" content=\"Dentisterie en milieu rural\" \/>\n<meta property=\"article:modified_time\" content=\"2014-09-09T17:16:58+00:00\" \/>\n<meta name=\"twitter:label1\" content=\"Est. reading time\" \/>\n\t<meta name=\"twitter:data1\" content=\"2 minutes\" \/>\n<script type=\"application\/ld+json\" class=\"yoast-schema-graph\">{\"@context\":\"https:\/\/schema.org\",\"@graph\":[{\"@type\":\"WebPage\",\"@id\":\"https:\/\/ruraldentistry.ca\/fr\/regions\/cote-nord\/vivre\/\",\"url\":\"https:\/\/ruraldentistry.ca\/fr\/regions\/cote-nord\/vivre\/\",\"name\":\"Vivre - Dentisterie en milieu rural\",\"isPartOf\":{\"@id\":\"https:\/\/ruraldentistry.ca\/#website\"},\"datePublished\":\"2013-08-14T03:04:28+00:00\",\"dateModified\":\"2014-09-09T17:16:58+00:00\",\"breadcrumb\":{\"@id\":\"https:\/\/ruraldentistry.ca\/fr\/regions\/cote-nord\/vivre\/#breadcrumb\"},\"inLanguage\":\"fr-FR\",\"potentialAction\":[{\"@type\":\"ReadAction\",\"target\":[\"https:\/\/ruraldentistry.ca\/fr\/regions\/cote-nord\/vivre\/\"]}]},{\"@type\":\"BreadcrumbList\",\"@id\":\"https:\/\/ruraldentistry.ca\/fr\/regions\/cote-nord\/vivre\/#breadcrumb\",\"itemListElement\":[{\"@type\":\"ListItem\",\"position\":1,\"name\":\"Accueil\",\"item\":\"https:\/\/ruraldentistry.ca\/fr\/\"},{\"@type\":\"ListItem\",\"position\":2,\"name\":\"R\u00e9gions\",\"item\":\"https:\/\/ruraldentistry.ca\/fr\/regions\/\"},{\"@type\":\"ListItem\",\"position\":3,\"name\":\"C\u00f4te-Nord\",\"item\":\"https:\/\/ruraldentistry.ca\/fr\/regions\/cote-nord\/\"},{\"@type\":\"ListItem\",\"position\":4,\"name\":\"Vivre\"}]},{\"@type\":\"WebSite\",\"@id\":\"https:\/\/ruraldentistry.ca\/#website\",\"url\":\"https:\/\/ruraldentistry.ca\/\",\"name\":\"Dentisterie en milieu rural\",\"description\":\"Dentisterie en millieu rural et \u00e9loign\u00e9\",\"potentialAction\":[{\"@type\":\"SearchAction\",\"target\":{\"@type\":\"EntryPoint\",\"urlTemplate\":\"https:\/\/ruraldentistry.ca\/?s={search_term_string}\"},\"query-input\":\"required name=search_term_string\"}],\"inLanguage\":\"fr-FR\"}]}<\/script>\n<!-- \/ Yoast SEO plugin. -->","yoast_head_json":{"title":"Vivre - Dentisterie en milieu rural","robots":{"index":"index","follow":"follow","max-snippet":"max-snippet:-1","max-image-preview":"max-image-preview:large","max-video-preview":"max-video-preview:-1"},"canonical":"https:\/\/ruraldentistry.ca\/fr\/regions\/cote-nord\/vivre\/","og_locale":"fr_FR","og_type":"article","og_title":"Vivre - Dentisterie en milieu rural","og_description":"Qualit\u00e9 de vie La C\u00f4te-Nord offre un mode de vie avec une vie sociale et culturelle diversifi\u00e9e tout en \u00e9tant \u00e0 l\u2019abri du stress et o\u00f9 les habitants c\u00f4toient des paysages spectaculaires, uniques et m\u00eame arctiques (CR\u00c9 C\u00f4te-Nord avantage, 2009;\u00a0Tourisme C\u00f4te-Nord, 1999). La majorit\u00e9 des municipalit\u00e9s poss\u00e8de les services de base pour des activit\u00e9s culturelles [&hellip;]","og_url":"https:\/\/ruraldentistry.ca\/fr\/regions\/cote-nord\/vivre\/","og_site_name":"Dentisterie en milieu rural","article_modified_time":"2014-09-09T17:16:58+00:00","twitter_misc":{"Est. reading time":"2 minutes"},"schema":{"@context":"https:\/\/schema.org","@graph":[{"@type":"WebPage","@id":"https:\/\/ruraldentistry.ca\/fr\/regions\/cote-nord\/vivre\/","url":"https:\/\/ruraldentistry.ca\/fr\/regions\/cote-nord\/vivre\/","name":"Vivre - Dentisterie en milieu rural","isPartOf":{"@id":"https:\/\/ruraldentistry.ca\/#website"},"datePublished":"2013-08-14T03:04:28+00:00","dateModified":"2014-09-09T17:16:58+00:00","breadcrumb":{"@id":"https:\/\/ruraldentistry.ca\/fr\/regions\/cote-nord\/vivre\/#breadcrumb"},"inLanguage":"fr-FR","potentialAction":[{"@type":"ReadAction","target":["https:\/\/ruraldentistry.ca\/fr\/regions\/cote-nord\/vivre\/"]}]},{"@type":"BreadcrumbList","@id":"https:\/\/ruraldentistry.ca\/fr\/regions\/cote-nord\/vivre\/#breadcrumb","itemListElement":[{"@type":"ListItem","position":1,"name":"Accueil","item":"https:\/\/ruraldentistry.ca\/fr\/"},{"@type":"ListItem","position":2,"name":"R\u00e9gions","item":"https:\/\/ruraldentistry.ca\/fr\/regions\/"},{"@type":"ListItem","position":3,"name":"C\u00f4te-Nord","item":"https:\/\/ruraldentistry.ca\/fr\/regions\/cote-nord\/"},{"@type":"ListItem","position":4,"name":"Vivre"}]},{"@type":"WebSite","@id":"https:\/\/ruraldentistry.ca\/#website","url":"https:\/\/ruraldentistry.ca\/","name":"Dentisterie en milieu rural","description":"Dentisterie en millieu rural et \u00e9loign\u00e9","potentialAction":[{"@type":"SearchAction","target":{"@type":"EntryPoint","urlTemplate":"https:\/\/ruraldentistry.ca\/?s={search_term_string}"},"query-input":"required name=search_term_string"}],"inLanguage":"fr-FR"}]}},"_links":{"self":[{"href":"https:\/\/ruraldentistry.ca\/fr\/wp-json\/wp\/v2\/pages\/224"}],"collection":[{"href":"https:\/\/ruraldentistry.ca\/fr\/wp-json\/wp\/v2\/pages"}],"about":[{"href":"https:\/\/ruraldentistry.ca\/fr\/wp-json\/wp\/v2\/types\/page"}],"author":[{"embeddable":true,"href":"https:\/\/ruraldentistry.ca\/fr\/wp-json\/wp\/v2\/users\/1"}],"replies":[{"embeddable":true,"href":"https:\/\/ruraldentistry.ca\/fr\/wp-json\/wp\/v2\/comments?post=224"}],"version-history":[{"count":12,"href":"https:\/\/ruraldentistry.ca\/fr\/wp-json\/wp\/v2\/pages\/224\/revisions"}],"predecessor-version":[{"id":2253,"href":"https:\/\/ruraldentistry.ca\/fr\/wp-json\/wp\/v2\/pages\/224\/revisions\/2253"}],"up":[{"embeddable":true,"href":"https:\/\/ruraldentistry.ca\/fr\/wp-json\/wp\/v2\/pages\/24"}],"wp:attachment":[{"href":"https:\/\/ruraldentistry.ca\/fr\/wp-json\/wp\/v2\/media?parent=224"}],"curies":[{"name":"wp","href":"https:\/\/api.w.org\/{rel}","templated":true}]}}