{"id":22,"date":"2013-08-07T15:35:37","date_gmt":"2013-08-07T19:35:37","guid":{"rendered":"https:\/\/ruraldentistry.ca\/?page_id=22"},"modified":"2014-09-14T23:14:41","modified_gmt":"2014-09-15T03:14:41","slug":"bas-saint-laurent","status":"publish","type":"page","link":"https:\/\/ruraldentistry.ca\/fr\/regions\/bas-saint-laurent\/","title":{"rendered":"Bas-Saint-Laurent"},"content":{"rendered":"<p>Situ\u00e9e dans l\u2019est du Qu\u00e9bec et sur le bord du Saint-Laurent, cette r\u00e9gion est souvent connue gr\u00e2ce au tourisme. Cependant, s\u2019\u00e9tablir \u00e0 temps plein sur ce territoire comporte plusieurs avantages quant \u00e0 la qualit\u00e9 de vie et aux choix des loisirs et des sports et des \u00e9tablissements scolaires. Vivez \u00e0 la fois les avantages de la vie urbaine et rurale sans les inconv\u00e9nients des grands centres urbains!<\/p>\n<h2>Distribution des professionnels en sant\u00e9 buccodentaire<\/h2>\n<p>Les dentistes sont principalement install\u00e9s dans les r\u00e9gions les plus populeuses, soit Rivi\u00e8re-du-Loup et Rimouski. La r\u00e9partition des dentistes est d\u2019une importance capitale puisque 53,9% de la population du Bas-Saint-Laurent\u00a0habite en milieu rural (<a class=\"reference\" title=\"References list\" href=\"https:\/\/ruraldentistry.ca\/fr\/outils\/liste-references\/#d\u00e9veloppement-\u00e9conomique-2011\"><span class=\"label\">D\u00e9veloppement \u00e9conomique, 2011<\/span><\/a>). Les territoires de Matane, La Matap\u00e9dia et T\u00e9miscouata ont un ratio de dentistes pour 5 000 habitants relativement faible, les dentistes de ces territoires sont r\u00e9partis sur un vaste territoire (1 dentiste tous les 500 \u00e0 1000 km<sup>2<\/sup>).<\/p>\n<p>Dans le Bas-Saint-Laurent,\u00a0le manque de rel\u00e8ve est inqui\u00e9tant puisque lorsqu\u2019un professionnel en sant\u00e9 buccodentaire quitte, environ 2 000 patients doivent se trouver un nouveau dentiste. De plus, la vente de cliniques par les retrait\u00e9s semble tr\u00e8s difficile puisque les finissants ne manifestent que tr\u00e8s peu d\u2019int\u00e9r\u00eat \u00e0 s\u2019\u00e9tablir dans les r\u00e9gions rurales. Si la situation ne s\u2019am\u00e9liore pas, les cliniques seront surcharg\u00e9es et les d\u00e9lais d\u2019attente allong\u00e9s pour un simple rendez-vous de routine.<\/p>\n<div class=\"box\">La MRC T\u00e9miscouata est un des territoires les plus \u00e0 risque \u00e0 court terme de souffrir d\u2019une p\u00e9nurie de dentistes(<a class=\"reference\" title=\"References list\" href=\"https:\/\/ruraldentistry.ca\/fr\/outils\/liste-references\/#gagnon-maurice-2010\"><span class=\"label\"><em>Gagnon. Maurice, 2010<\/em><\/span><\/a>).<\/div>\n","protected":false},"excerpt":{"rendered":"<p>Situ\u00e9e dans l\u2019est du Qu\u00e9bec et sur le bord du Saint-Laurent, cette r\u00e9gion est souvent connue gr\u00e2ce au tourisme. Cependant, s\u2019\u00e9tablir \u00e0 temps plein sur ce territoire comporte plusieurs avantages quant \u00e0 la qualit\u00e9 de vie et aux choix des loisirs et des sports et des \u00e9tablissements scolaires. Vivez \u00e0 la fois les avantages de [&hellip;]<\/p>\n","protected":false},"author":1,"featured_media":0,"parent":18,"menu_order":0,"comment_status":"closed","ping_status":"closed","template":"","meta":{"ngg_post_thumbnail":0,"footnotes":""},"yoast_head":"<!-- This site is optimized with the Yoast SEO plugin v20.8 - https:\/\/yoast.com\/wordpress\/plugins\/seo\/ -->\n<title>Bas-Saint-Laurent - Dentisterie en milieu rural<\/title>\n<meta name=\"robots\" content=\"index, follow, max-snippet:-1, max-image-preview:large, max-video-preview:-1\" \/>\n<link rel=\"canonical\" href=\"https:\/\/ruraldentistry.ca\/fr\/regions\/bas-saint-laurent\/\" \/>\n<meta property=\"og:locale\" content=\"fr_FR\" \/>\n<meta property=\"og:type\" content=\"article\" \/>\n<meta property=\"og:title\" content=\"Bas-Saint-Laurent - Dentisterie en milieu rural\" \/>\n<meta property=\"og:description\" content=\"Situ\u00e9e dans l\u2019est du Qu\u00e9bec et sur le bord du Saint-Laurent, cette r\u00e9gion est souvent connue gr\u00e2ce au tourisme. Cependant, s\u2019\u00e9tablir \u00e0 temps plein sur ce territoire comporte plusieurs avantages quant \u00e0 la qualit\u00e9 de vie et aux choix des loisirs et des sports et des \u00e9tablissements scolaires. Vivez \u00e0 la fois les avantages de [&hellip;]\" \/>\n<meta property=\"og:url\" content=\"https:\/\/ruraldentistry.ca\/fr\/regions\/bas-saint-laurent\/\" \/>\n<meta property=\"og:site_name\" content=\"Dentisterie en milieu rural\" \/>\n<meta property=\"article:modified_time\" content=\"2014-09-15T03:14:41+00:00\" \/>\n<meta name=\"twitter:label1\" content=\"Est. reading time\" \/>\n\t<meta name=\"twitter:data1\" content=\"1 minute\" \/>\n<script type=\"application\/ld+json\" class=\"yoast-schema-graph\">{\"@context\":\"https:\/\/schema.org\",\"@graph\":[{\"@type\":\"WebPage\",\"@id\":\"https:\/\/ruraldentistry.ca\/fr\/regions\/bas-saint-laurent\/\",\"url\":\"https:\/\/ruraldentistry.ca\/fr\/regions\/bas-saint-laurent\/\",\"name\":\"Bas-Saint-Laurent - Dentisterie en milieu rural\",\"isPartOf\":{\"@id\":\"https:\/\/ruraldentistry.ca\/#website\"},\"datePublished\":\"2013-08-07T19:35:37+00:00\",\"dateModified\":\"2014-09-15T03:14:41+00:00\",\"breadcrumb\":{\"@id\":\"https:\/\/ruraldentistry.ca\/fr\/regions\/bas-saint-laurent\/#breadcrumb\"},\"inLanguage\":\"fr-FR\",\"potentialAction\":[{\"@type\":\"ReadAction\",\"target\":[\"https:\/\/ruraldentistry.ca\/fr\/regions\/bas-saint-laurent\/\"]}]},{\"@type\":\"BreadcrumbList\",\"@id\":\"https:\/\/ruraldentistry.ca\/fr\/regions\/bas-saint-laurent\/#breadcrumb\",\"itemListElement\":[{\"@type\":\"ListItem\",\"position\":1,\"name\":\"Accueil\",\"item\":\"https:\/\/ruraldentistry.ca\/fr\/\"},{\"@type\":\"ListItem\",\"position\":2,\"name\":\"R\u00e9gions\",\"item\":\"https:\/\/ruraldentistry.ca\/fr\/regions\/\"},{\"@type\":\"ListItem\",\"position\":3,\"name\":\"Bas-Saint-Laurent\"}]},{\"@type\":\"WebSite\",\"@id\":\"https:\/\/ruraldentistry.ca\/#website\",\"url\":\"https:\/\/ruraldentistry.ca\/\",\"name\":\"Dentisterie en milieu rural\",\"description\":\"Dentisterie en millieu rural et \u00e9loign\u00e9\",\"potentialAction\":[{\"@type\":\"SearchAction\",\"target\":{\"@type\":\"EntryPoint\",\"urlTemplate\":\"https:\/\/ruraldentistry.ca\/?s={search_term_string}\"},\"query-input\":\"required name=search_term_string\"}],\"inLanguage\":\"fr-FR\"}]}<\/script>\n<!-- \/ Yoast SEO plugin. -->","yoast_head_json":{"title":"Bas-Saint-Laurent - Dentisterie en milieu rural","robots":{"index":"index","follow":"follow","max-snippet":"max-snippet:-1","max-image-preview":"max-image-preview:large","max-video-preview":"max-video-preview:-1"},"canonical":"https:\/\/ruraldentistry.ca\/fr\/regions\/bas-saint-laurent\/","og_locale":"fr_FR","og_type":"article","og_title":"Bas-Saint-Laurent - Dentisterie en milieu rural","og_description":"Situ\u00e9e dans l\u2019est du Qu\u00e9bec et sur le bord du Saint-Laurent, cette r\u00e9gion est souvent connue gr\u00e2ce au tourisme. Cependant, s\u2019\u00e9tablir \u00e0 temps plein sur ce territoire comporte plusieurs avantages quant \u00e0 la qualit\u00e9 de vie et aux choix des loisirs et des sports et des \u00e9tablissements scolaires. Vivez \u00e0 la fois les avantages de [&hellip;]","og_url":"https:\/\/ruraldentistry.ca\/fr\/regions\/bas-saint-laurent\/","og_site_name":"Dentisterie en milieu rural","article_modified_time":"2014-09-15T03:14:41+00:00","twitter_misc":{"Est. reading time":"1 minute"},"schema":{"@context":"https:\/\/schema.org","@graph":[{"@type":"WebPage","@id":"https:\/\/ruraldentistry.ca\/fr\/regions\/bas-saint-laurent\/","url":"https:\/\/ruraldentistry.ca\/fr\/regions\/bas-saint-laurent\/","name":"Bas-Saint-Laurent - Dentisterie en milieu rural","isPartOf":{"@id":"https:\/\/ruraldentistry.ca\/#website"},"datePublished":"2013-08-07T19:35:37+00:00","dateModified":"2014-09-15T03:14:41+00:00","breadcrumb":{"@id":"https:\/\/ruraldentistry.ca\/fr\/regions\/bas-saint-laurent\/#breadcrumb"},"inLanguage":"fr-FR","potentialAction":[{"@type":"ReadAction","target":["https:\/\/ruraldentistry.ca\/fr\/regions\/bas-saint-laurent\/"]}]},{"@type":"BreadcrumbList","@id":"https:\/\/ruraldentistry.ca\/fr\/regions\/bas-saint-laurent\/#breadcrumb","itemListElement":[{"@type":"ListItem","position":1,"name":"Accueil","item":"https:\/\/ruraldentistry.ca\/fr\/"},{"@type":"ListItem","position":2,"name":"R\u00e9gions","item":"https:\/\/ruraldentistry.ca\/fr\/regions\/"},{"@type":"ListItem","position":3,"name":"Bas-Saint-Laurent"}]},{"@type":"WebSite","@id":"https:\/\/ruraldentistry.ca\/#website","url":"https:\/\/ruraldentistry.ca\/","name":"Dentisterie en milieu rural","description":"Dentisterie en millieu rural et \u00e9loign\u00e9","potentialAction":[{"@type":"SearchAction","target":{"@type":"EntryPoint","urlTemplate":"https:\/\/ruraldentistry.ca\/?s={search_term_string}"},"query-input":"required name=search_term_string"}],"inLanguage":"fr-FR"}]}},"_links":{"self":[{"href":"https:\/\/ruraldentistry.ca\/fr\/wp-json\/wp\/v2\/pages\/22"}],"collection":[{"href":"https:\/\/ruraldentistry.ca\/fr\/wp-json\/wp\/v2\/pages"}],"about":[{"href":"https:\/\/ruraldentistry.ca\/fr\/wp-json\/wp\/v2\/types\/page"}],"author":[{"embeddable":true,"href":"https:\/\/ruraldentistry.ca\/fr\/wp-json\/wp\/v2\/users\/1"}],"replies":[{"embeddable":true,"href":"https:\/\/ruraldentistry.ca\/fr\/wp-json\/wp\/v2\/comments?post=22"}],"version-history":[{"count":21,"href":"https:\/\/ruraldentistry.ca\/fr\/wp-json\/wp\/v2\/pages\/22\/revisions"}],"predecessor-version":[{"id":2249,"href":"https:\/\/ruraldentistry.ca\/fr\/wp-json\/wp\/v2\/pages\/22\/revisions\/2249"}],"up":[{"embeddable":true,"href":"https:\/\/ruraldentistry.ca\/fr\/wp-json\/wp\/v2\/pages\/18"}],"wp:attachment":[{"href":"https:\/\/ruraldentistry.ca\/fr\/wp-json\/wp\/v2\/media?parent=22"}],"curies":[{"name":"wp","href":"https:\/\/api.w.org\/{rel}","templated":true}]}}