{"id":219,"date":"2013-08-13T21:11:04","date_gmt":"2013-08-14T01:11:04","guid":{"rendered":"https:\/\/ruraldentistry.ca\/?page_id=219"},"modified":"2014-03-17T13:47:42","modified_gmt":"2014-03-17T17:47:42","slug":"temoignages","status":"publish","type":"page","link":"https:\/\/ruraldentistry.ca\/fr\/regions\/bas-saint-laurent\/temoignages\/","title":{"rendered":"T\u00e9moignages"},"content":{"rendered":"<div class=\"temoignage\">\n<h2>Dre Sonia Dupuis, DMD, gradu\u00e9e en 1997 <i>Rimouski\/Bas-Saint-Laurent<\/i><\/h2>\n<p class=\"citation\">\u00ab\u00catre dentiste \u00e0 Rimouski&#8230; c&rsquo;est pouvoir pratiquer une dentisterie de haute qualit\u00e9 combin\u00e9e \u00e0 une vie de famille id\u00e9ale. Je demeure \u00e0 l&rsquo;ext\u00e9rieur de la ville en bordure du fleuve et pourtant 15 minutes me suffisent pour me rendre au travail. L&rsquo;\u00e9t\u00e9, j&rsquo;aime bien m&rsquo;y rendre \u00e0 v\u00e9lo. Une fois arriv\u00e9e au travail, une superbe \u00e9quipe compos\u00e9e de 20 filles dans une clinique \u00e9quip\u00e9e de 8 salles op\u00e9ratoires avec vue sur le fleuve et une technologie de pointe (E4D, radiographies num\u00e9riques, laser et autres) m&rsquo;attend.<\/p>\n<p class=\"citation\">Une pratique en milieu rural nous demande bien s\u00fbr de faire une dentisterie plus \u00e9largie telle que l&rsquo;endodontie, parodontie, chirurgie et prosthodontie pour bien servir notre client\u00e8le, car les sp\u00e9cialistes sont concentr\u00e9s surtout dans les grands centres. Mon horaire de travail : 8h \u00e0 16h, 4 jours par semaine et bien entendu, aucune raison valable de travailler les fins de semaine que je consacre enti\u00e8rement \u00e0 ma vie de famille et faire des activit\u00e9s telles le ski en station ou en montagne, le kayak de mer, la randonn\u00e9e p\u00e9destre dans le parc de la Gasp\u00e9sie, le camping, l&rsquo;escalade \u00e0 St-Andr\u00e9 de Kamouraska ou le v\u00e9lo de route au bord de la mer&#8230; Voici en quelques lignes \u00e0 quoi ressemble ma vie de dentiste \u00e0 Rimouski&#8230; \u00c0 bient\u00f4t peut-\u00eatre!\u00bb<\/p>\n<h2>Dre Julie Beaudoin, DMD <i>Rivi\u00e8re-du-Loup\/Bas-Saint-Laurent<\/i><\/h2>\n<p class=\"citation\">\u00abJ\u2019ai d\u00e9cid\u00e9 de m\u2019\u00e9tablir dans la r\u00e9gion \u00e0 cause du travail de mon mari. Ensuite, j\u2019y ai fond\u00e9 ma famille puis ouvert une clinique dentaire. J\u2019ai tout de suite eu la piq\u00fbre! J\u2019aime les rapports personnalis\u00e9s que j\u2019entretiens avec mes patients. De plus, la client\u00e8le est fid\u00e8le et les gens appr\u00e9cient les services rendus donc ils sont pr\u00eats \u00e0 vous rendre la pareille.\u00bb<\/p>\n<\/div>\n","protected":false},"excerpt":{"rendered":"<p>Dre Sonia Dupuis, DMD, gradu\u00e9e en 1997 Rimouski\/Bas-Saint-Laurent \u00ab\u00catre dentiste \u00e0 Rimouski&#8230; c&rsquo;est pouvoir pratiquer une dentisterie de haute qualit\u00e9 combin\u00e9e \u00e0 une vie de famille id\u00e9ale. Je demeure \u00e0 l&rsquo;ext\u00e9rieur de la ville en bordure du fleuve et pourtant 15 minutes me suffisent pour me rendre au travail. L&rsquo;\u00e9t\u00e9, j&rsquo;aime bien m&rsquo;y rendre \u00e0 [&hellip;]<\/p>\n","protected":false},"author":1,"featured_media":0,"parent":22,"menu_order":0,"comment_status":"closed","ping_status":"closed","template":"","meta":{"ngg_post_thumbnail":0,"footnotes":""},"yoast_head":"<!-- This site is optimized with the Yoast SEO plugin v20.8 - https:\/\/yoast.com\/wordpress\/plugins\/seo\/ -->\n<title>T\u00e9moignages - Dentisterie en milieu rural<\/title>\n<meta name=\"robots\" content=\"index, follow, max-snippet:-1, max-image-preview:large, max-video-preview:-1\" \/>\n<link rel=\"canonical\" href=\"https:\/\/ruraldentistry.ca\/fr\/regions\/bas-saint-laurent\/temoignages\/\" \/>\n<meta property=\"og:locale\" content=\"fr_FR\" \/>\n<meta property=\"og:type\" content=\"article\" \/>\n<meta property=\"og:title\" content=\"T\u00e9moignages - Dentisterie en milieu rural\" \/>\n<meta property=\"og:description\" content=\"Dre Sonia Dupuis, DMD, gradu\u00e9e en 1997 Rimouski\/Bas-Saint-Laurent \u00ab\u00catre dentiste \u00e0 Rimouski&#8230; c&rsquo;est pouvoir pratiquer une dentisterie de haute qualit\u00e9 combin\u00e9e \u00e0 une vie de famille id\u00e9ale. Je demeure \u00e0 l&rsquo;ext\u00e9rieur de la ville en bordure du fleuve et pourtant 15 minutes me suffisent pour me rendre au travail. L&rsquo;\u00e9t\u00e9, j&rsquo;aime bien m&rsquo;y rendre \u00e0 [&hellip;]\" \/>\n<meta property=\"og:url\" content=\"https:\/\/ruraldentistry.ca\/fr\/regions\/bas-saint-laurent\/temoignages\/\" \/>\n<meta property=\"og:site_name\" content=\"Dentisterie en milieu rural\" \/>\n<meta property=\"article:modified_time\" content=\"2014-03-17T17:47:42+00:00\" \/>\n<meta name=\"twitter:label1\" content=\"Est. reading time\" \/>\n\t<meta name=\"twitter:data1\" content=\"2 minutes\" \/>\n<script type=\"application\/ld+json\" class=\"yoast-schema-graph\">{\"@context\":\"https:\/\/schema.org\",\"@graph\":[{\"@type\":\"WebPage\",\"@id\":\"https:\/\/ruraldentistry.ca\/fr\/regions\/bas-saint-laurent\/temoignages\/\",\"url\":\"https:\/\/ruraldentistry.ca\/fr\/regions\/bas-saint-laurent\/temoignages\/\",\"name\":\"T\u00e9moignages - Dentisterie en milieu rural\",\"isPartOf\":{\"@id\":\"https:\/\/ruraldentistry.ca\/#website\"},\"datePublished\":\"2013-08-14T01:11:04+00:00\",\"dateModified\":\"2014-03-17T17:47:42+00:00\",\"breadcrumb\":{\"@id\":\"https:\/\/ruraldentistry.ca\/fr\/regions\/bas-saint-laurent\/temoignages\/#breadcrumb\"},\"inLanguage\":\"fr-FR\",\"potentialAction\":[{\"@type\":\"ReadAction\",\"target\":[\"https:\/\/ruraldentistry.ca\/fr\/regions\/bas-saint-laurent\/temoignages\/\"]}]},{\"@type\":\"BreadcrumbList\",\"@id\":\"https:\/\/ruraldentistry.ca\/fr\/regions\/bas-saint-laurent\/temoignages\/#breadcrumb\",\"itemListElement\":[{\"@type\":\"ListItem\",\"position\":1,\"name\":\"Accueil\",\"item\":\"https:\/\/ruraldentistry.ca\/fr\/\"},{\"@type\":\"ListItem\",\"position\":2,\"name\":\"R\u00e9gions\",\"item\":\"https:\/\/ruraldentistry.ca\/fr\/regions\/\"},{\"@type\":\"ListItem\",\"position\":3,\"name\":\"Bas-Saint-Laurent\",\"item\":\"https:\/\/ruraldentistry.ca\/fr\/regions\/bas-saint-laurent\/\"},{\"@type\":\"ListItem\",\"position\":4,\"name\":\"T\u00e9moignages\"}]},{\"@type\":\"WebSite\",\"@id\":\"https:\/\/ruraldentistry.ca\/#website\",\"url\":\"https:\/\/ruraldentistry.ca\/\",\"name\":\"Dentisterie en milieu rural\",\"description\":\"Dentisterie en millieu rural et \u00e9loign\u00e9\",\"potentialAction\":[{\"@type\":\"SearchAction\",\"target\":{\"@type\":\"EntryPoint\",\"urlTemplate\":\"https:\/\/ruraldentistry.ca\/?s={search_term_string}\"},\"query-input\":\"required name=search_term_string\"}],\"inLanguage\":\"fr-FR\"}]}<\/script>\n<!-- \/ Yoast SEO plugin. -->","yoast_head_json":{"title":"T\u00e9moignages - Dentisterie en milieu rural","robots":{"index":"index","follow":"follow","max-snippet":"max-snippet:-1","max-image-preview":"max-image-preview:large","max-video-preview":"max-video-preview:-1"},"canonical":"https:\/\/ruraldentistry.ca\/fr\/regions\/bas-saint-laurent\/temoignages\/","og_locale":"fr_FR","og_type":"article","og_title":"T\u00e9moignages - Dentisterie en milieu rural","og_description":"Dre Sonia Dupuis, DMD, gradu\u00e9e en 1997 Rimouski\/Bas-Saint-Laurent \u00ab\u00catre dentiste \u00e0 Rimouski&#8230; c&rsquo;est pouvoir pratiquer une dentisterie de haute qualit\u00e9 combin\u00e9e \u00e0 une vie de famille id\u00e9ale. Je demeure \u00e0 l&rsquo;ext\u00e9rieur de la ville en bordure du fleuve et pourtant 15 minutes me suffisent pour me rendre au travail. L&rsquo;\u00e9t\u00e9, j&rsquo;aime bien m&rsquo;y rendre \u00e0 [&hellip;]","og_url":"https:\/\/ruraldentistry.ca\/fr\/regions\/bas-saint-laurent\/temoignages\/","og_site_name":"Dentisterie en milieu rural","article_modified_time":"2014-03-17T17:47:42+00:00","twitter_misc":{"Est. reading time":"2 minutes"},"schema":{"@context":"https:\/\/schema.org","@graph":[{"@type":"WebPage","@id":"https:\/\/ruraldentistry.ca\/fr\/regions\/bas-saint-laurent\/temoignages\/","url":"https:\/\/ruraldentistry.ca\/fr\/regions\/bas-saint-laurent\/temoignages\/","name":"T\u00e9moignages - Dentisterie en milieu rural","isPartOf":{"@id":"https:\/\/ruraldentistry.ca\/#website"},"datePublished":"2013-08-14T01:11:04+00:00","dateModified":"2014-03-17T17:47:42+00:00","breadcrumb":{"@id":"https:\/\/ruraldentistry.ca\/fr\/regions\/bas-saint-laurent\/temoignages\/#breadcrumb"},"inLanguage":"fr-FR","potentialAction":[{"@type":"ReadAction","target":["https:\/\/ruraldentistry.ca\/fr\/regions\/bas-saint-laurent\/temoignages\/"]}]},{"@type":"BreadcrumbList","@id":"https:\/\/ruraldentistry.ca\/fr\/regions\/bas-saint-laurent\/temoignages\/#breadcrumb","itemListElement":[{"@type":"ListItem","position":1,"name":"Accueil","item":"https:\/\/ruraldentistry.ca\/fr\/"},{"@type":"ListItem","position":2,"name":"R\u00e9gions","item":"https:\/\/ruraldentistry.ca\/fr\/regions\/"},{"@type":"ListItem","position":3,"name":"Bas-Saint-Laurent","item":"https:\/\/ruraldentistry.ca\/fr\/regions\/bas-saint-laurent\/"},{"@type":"ListItem","position":4,"name":"T\u00e9moignages"}]},{"@type":"WebSite","@id":"https:\/\/ruraldentistry.ca\/#website","url":"https:\/\/ruraldentistry.ca\/","name":"Dentisterie en milieu rural","description":"Dentisterie en millieu rural et \u00e9loign\u00e9","potentialAction":[{"@type":"SearchAction","target":{"@type":"EntryPoint","urlTemplate":"https:\/\/ruraldentistry.ca\/?s={search_term_string}"},"query-input":"required name=search_term_string"}],"inLanguage":"fr-FR"}]}},"_links":{"self":[{"href":"https:\/\/ruraldentistry.ca\/fr\/wp-json\/wp\/v2\/pages\/219"}],"collection":[{"href":"https:\/\/ruraldentistry.ca\/fr\/wp-json\/wp\/v2\/pages"}],"about":[{"href":"https:\/\/ruraldentistry.ca\/fr\/wp-json\/wp\/v2\/types\/page"}],"author":[{"embeddable":true,"href":"https:\/\/ruraldentistry.ca\/fr\/wp-json\/wp\/v2\/users\/1"}],"replies":[{"embeddable":true,"href":"https:\/\/ruraldentistry.ca\/fr\/wp-json\/wp\/v2\/comments?post=219"}],"version-history":[{"count":19,"href":"https:\/\/ruraldentistry.ca\/fr\/wp-json\/wp\/v2\/pages\/219\/revisions"}],"predecessor-version":[{"id":884,"href":"https:\/\/ruraldentistry.ca\/fr\/wp-json\/wp\/v2\/pages\/219\/revisions\/884"}],"up":[{"embeddable":true,"href":"https:\/\/ruraldentistry.ca\/fr\/wp-json\/wp\/v2\/pages\/22"}],"wp:attachment":[{"href":"https:\/\/ruraldentistry.ca\/fr\/wp-json\/wp\/v2\/media?parent=219"}],"curies":[{"name":"wp","href":"https:\/\/api.w.org\/{rel}","templated":true}]}}