{"id":217,"date":"2013-08-13T21:10:19","date_gmt":"2013-08-14T01:10:19","guid":{"rendered":"https:\/\/ruraldentistry.ca\/?page_id=217"},"modified":"2014-09-08T23:46:17","modified_gmt":"2014-09-09T03:46:17","slug":"vivre","status":"publish","type":"page","link":"https:\/\/ruraldentistry.ca\/fr\/regions\/bas-saint-laurent\/vivre\/","title":{"rendered":"Vivre"},"content":{"rendered":"<h2>Qualit\u00e9 de vie<\/h2>\n<p>Le Bas-Saint-Laurent donne acc\u00e8s \u00e0 des services de base disponibles \u00e0 proximit\u00e9, des activit\u00e9s culturelles diversifi\u00e9es, un r\u00e9seau de la sant\u00e9 efficace ainsi qu&rsquo;\u00e0 des \u00e9coles avec des programmes r\u00e9pondant aux besoins des \u00e9l\u00e8ves.<\/p>\n<p>Chaque municipalit\u00e9 de ces r\u00e9gions poss\u00e8de des installations de Centre des services sociaux (CSSS). Le Bas-Saint-Laurent comprend 4 h\u00f4pitaux locaux offrant des services de base et 2 h\u00f4pitaux de r\u00e9f\u00e9rence \u0153uvrant \u00e0 la fois dans les soins sp\u00e9cialis\u00e9s et de base (<a title=\"References list\" href=\"https:\/\/ruraldentistry.ca\/fr\/outils\/liste-references\/#bsl-sante-2009\"><span class=\"label\">Le Bas-Saint-Laurent, 2009<\/span><\/a>). Les d\u00e9lais d\u2019attente pour des op\u00e9rations sont tr\u00e8s raisonnables dans le Bas-Saint-Laurent (<a class=\"reference\" title=\"References list\" href=\"https:\/\/ruraldentistry.ca\/fr\/outils\/liste-references\/#gouv-du-qu\u00e9bec-2006\"><span class=\"label\">Gouv du Qu\u00e9bec, 2006<\/span><\/a>).<\/p>\n<p>Les \u00e9coles offrent, tant au primaire qu\u2019au secondaire, des programmes sp\u00e9cialis\u00e9s selon les besoins des \u00e9l\u00e8ves (programme d\u2019\u00e9ducation internationale, concentration sport, concentration arts, concentration anglais, programme sports-\u00e9tudes). Le Bas-Saint-Laurent compte 4 c\u00e9geps. <span lang=\"FR\">Cette r\u00e9gion comprend aussi des \u00e9coles secondaires priv\u00e9es\u00a0<\/span>(<a class=\"reference\" title=\"References list\" href=\"https:\/\/ruraldentistry.ca\/tools\/references-list\/#m\u00e9tiers-qu\u00e9bec-2011\"><span class=\"label\">M\u00e9tiers Qu\u00e9bec, 2011<\/span><\/a>).<\/p>\n<h2>Culture et activit\u00e9s<\/h2>\n<p>Ce ne sont pas les activit\u00e9s qui manquent dans le Bas-Saint-Laurent. Les randonn\u00e9es p\u00e9destres, l\u2019\u00e9quitation, le v\u00e9lo, le ski de fond et alpin, la motoneige, le quad (VTT), le kayak\/canot, la p\u00eache et la chasse sont quelques-unes des activit\u00e9s de plein air de ces r\u00e9gions. Il est \u00e9galement possible de profiter des grands espaces dans les parcs, les plages, les centres de plein air, les terrains de golf, les terrains de camping, les camps de vacances et les parcs et r\u00e9serves fauniques. <span lang=\"FR\">De plus, la plupart des municipalit\u00e9s comprennent des ar\u00e9nas, des gymnases et des piscines et d\u2019autres installations sportives, souvent am\u00e9nag\u00e9es avec l\u2019aide des \u00e9tablissements scolaires<\/span>\u00a0(<a class=\"reference\" title=\"References list\" href=\"https:\/\/ruraldentistry.ca\/fr\/outils\/liste-references\/#bsl-loisirs-2009\"><span class=\"label\">Le Bas-Saint-Laurent, 2009<\/span><\/a>).<\/p>\n<div class=\"box-with-title\">\n<h2>Soci\u00e9t\u00e9 dentaire nord-sud<\/h2>\n<p>Cette soci\u00e9t\u00e9 dentaire regroupe les dentistes du Bas-Saint-Laurent, de la C\u00f4te-Nord, de la Gasp\u00e9sie et des \u00celes-de-la-Madeleine. Consultez la <a href=\"http:\/\/www.societedentairenordsud.com\/index.html\">Soci\u00e9t\u00e9 dentaire Nord-Sud<\/a> pour plus de renseignements sur les formations disponibles et les \u00e9v\u00e9nements \u00e0 venir.<\/p>\n<\/div>\n<p>Le Bas-Saint-Laurent est l\u2019h\u00f4te de festivals reconnus et d\u2019envergure tels que le <a href=\"http:\/\/festijazzrimouski.com\">Festival Jazz international de Rimouski<\/a>, qui accueille des artistes de calibre international. Plusieurs sph\u00e8res de la culture fa\u00e7onnent ces r\u00e9gions, dont les arts visuels, la musique, le th\u00e9\u00e2tre, le patrimoine et les arts de la sc\u00e8ne (<a class=\"reference\" title=\"References list\" href=\"https:\/\/ruraldentistry.ca\/fr\/outils\/liste-references\/#bsl-culture-2009\">Le Bas-Saint-Laurent, 2009<\/a>;\u00a0<a class=\"reference\" title=\"References list\" href=\"https:\/\/ruraldentistry.ca\/fr\/outils\/liste-references\/#bonjour-quebec-bsl\"><span class=\"label\">Bonjour Qu\u00e9bec<\/span><\/a>). De nombreux th\u00e9\u00e2tres et salles de spectacles sont disponibles sur le territoire pour faire valoir les talents des artistes d\u2019ici et d\u2019ailleurs (<a class=\"reference\" title=\"References list\" href=\"https:\/\/ruraldentistry.ca\/fr\/outils\/liste-references\/#odq-2010-1\"><span class=\"label\">ODQ, 2010<\/span><\/a>).<\/p>\n","protected":false},"excerpt":{"rendered":"<p>Qualit\u00e9 de vie Le Bas-Saint-Laurent donne acc\u00e8s \u00e0 des services de base disponibles \u00e0 proximit\u00e9, des activit\u00e9s culturelles diversifi\u00e9es, un r\u00e9seau de la sant\u00e9 efficace ainsi qu&rsquo;\u00e0 des \u00e9coles avec des programmes r\u00e9pondant aux besoins des \u00e9l\u00e8ves. Chaque municipalit\u00e9 de ces r\u00e9gions poss\u00e8de des installations de Centre des services sociaux (CSSS). Le Bas-Saint-Laurent comprend 4 [&hellip;]<\/p>\n","protected":false},"author":1,"featured_media":0,"parent":22,"menu_order":0,"comment_status":"closed","ping_status":"closed","template":"","meta":{"ngg_post_thumbnail":0,"footnotes":""},"yoast_head":"<!-- This site is optimized with the Yoast SEO plugin v20.8 - https:\/\/yoast.com\/wordpress\/plugins\/seo\/ -->\n<title>Vivre - Dentisterie en milieu rural<\/title>\n<meta name=\"robots\" content=\"index, follow, max-snippet:-1, max-image-preview:large, max-video-preview:-1\" \/>\n<link rel=\"canonical\" href=\"https:\/\/ruraldentistry.ca\/fr\/regions\/bas-saint-laurent\/vivre\/\" \/>\n<meta property=\"og:locale\" content=\"fr_FR\" \/>\n<meta property=\"og:type\" content=\"article\" \/>\n<meta property=\"og:title\" content=\"Vivre - Dentisterie en milieu rural\" \/>\n<meta property=\"og:description\" content=\"Qualit\u00e9 de vie Le Bas-Saint-Laurent donne acc\u00e8s \u00e0 des services de base disponibles \u00e0 proximit\u00e9, des activit\u00e9s culturelles diversifi\u00e9es, un r\u00e9seau de la sant\u00e9 efficace ainsi qu&rsquo;\u00e0 des \u00e9coles avec des programmes r\u00e9pondant aux besoins des \u00e9l\u00e8ves. Chaque municipalit\u00e9 de ces r\u00e9gions poss\u00e8de des installations de Centre des services sociaux (CSSS). Le Bas-Saint-Laurent comprend 4 [&hellip;]\" \/>\n<meta property=\"og:url\" content=\"https:\/\/ruraldentistry.ca\/fr\/regions\/bas-saint-laurent\/vivre\/\" \/>\n<meta property=\"og:site_name\" content=\"Dentisterie en milieu rural\" \/>\n<meta property=\"article:modified_time\" content=\"2014-09-09T03:46:17+00:00\" \/>\n<meta name=\"twitter:label1\" content=\"Est. reading time\" \/>\n\t<meta name=\"twitter:data1\" content=\"2 minutes\" \/>\n<script type=\"application\/ld+json\" class=\"yoast-schema-graph\">{\"@context\":\"https:\/\/schema.org\",\"@graph\":[{\"@type\":\"WebPage\",\"@id\":\"https:\/\/ruraldentistry.ca\/fr\/regions\/bas-saint-laurent\/vivre\/\",\"url\":\"https:\/\/ruraldentistry.ca\/fr\/regions\/bas-saint-laurent\/vivre\/\",\"name\":\"Vivre - Dentisterie en milieu rural\",\"isPartOf\":{\"@id\":\"https:\/\/ruraldentistry.ca\/#website\"},\"datePublished\":\"2013-08-14T01:10:19+00:00\",\"dateModified\":\"2014-09-09T03:46:17+00:00\",\"breadcrumb\":{\"@id\":\"https:\/\/ruraldentistry.ca\/fr\/regions\/bas-saint-laurent\/vivre\/#breadcrumb\"},\"inLanguage\":\"fr-FR\",\"potentialAction\":[{\"@type\":\"ReadAction\",\"target\":[\"https:\/\/ruraldentistry.ca\/fr\/regions\/bas-saint-laurent\/vivre\/\"]}]},{\"@type\":\"BreadcrumbList\",\"@id\":\"https:\/\/ruraldentistry.ca\/fr\/regions\/bas-saint-laurent\/vivre\/#breadcrumb\",\"itemListElement\":[{\"@type\":\"ListItem\",\"position\":1,\"name\":\"Accueil\",\"item\":\"https:\/\/ruraldentistry.ca\/fr\/\"},{\"@type\":\"ListItem\",\"position\":2,\"name\":\"R\u00e9gions\",\"item\":\"https:\/\/ruraldentistry.ca\/fr\/regions\/\"},{\"@type\":\"ListItem\",\"position\":3,\"name\":\"Bas-Saint-Laurent\",\"item\":\"https:\/\/ruraldentistry.ca\/fr\/regions\/bas-saint-laurent\/\"},{\"@type\":\"ListItem\",\"position\":4,\"name\":\"Vivre\"}]},{\"@type\":\"WebSite\",\"@id\":\"https:\/\/ruraldentistry.ca\/#website\",\"url\":\"https:\/\/ruraldentistry.ca\/\",\"name\":\"Dentisterie en milieu rural\",\"description\":\"Dentisterie en millieu rural et \u00e9loign\u00e9\",\"potentialAction\":[{\"@type\":\"SearchAction\",\"target\":{\"@type\":\"EntryPoint\",\"urlTemplate\":\"https:\/\/ruraldentistry.ca\/?s={search_term_string}\"},\"query-input\":\"required name=search_term_string\"}],\"inLanguage\":\"fr-FR\"}]}<\/script>\n<!-- \/ Yoast SEO plugin. -->","yoast_head_json":{"title":"Vivre - Dentisterie en milieu rural","robots":{"index":"index","follow":"follow","max-snippet":"max-snippet:-1","max-image-preview":"max-image-preview:large","max-video-preview":"max-video-preview:-1"},"canonical":"https:\/\/ruraldentistry.ca\/fr\/regions\/bas-saint-laurent\/vivre\/","og_locale":"fr_FR","og_type":"article","og_title":"Vivre - Dentisterie en milieu rural","og_description":"Qualit\u00e9 de vie Le Bas-Saint-Laurent donne acc\u00e8s \u00e0 des services de base disponibles \u00e0 proximit\u00e9, des activit\u00e9s culturelles diversifi\u00e9es, un r\u00e9seau de la sant\u00e9 efficace ainsi qu&rsquo;\u00e0 des \u00e9coles avec des programmes r\u00e9pondant aux besoins des \u00e9l\u00e8ves. Chaque municipalit\u00e9 de ces r\u00e9gions poss\u00e8de des installations de Centre des services sociaux (CSSS). Le Bas-Saint-Laurent comprend 4 [&hellip;]","og_url":"https:\/\/ruraldentistry.ca\/fr\/regions\/bas-saint-laurent\/vivre\/","og_site_name":"Dentisterie en milieu rural","article_modified_time":"2014-09-09T03:46:17+00:00","twitter_misc":{"Est. reading time":"2 minutes"},"schema":{"@context":"https:\/\/schema.org","@graph":[{"@type":"WebPage","@id":"https:\/\/ruraldentistry.ca\/fr\/regions\/bas-saint-laurent\/vivre\/","url":"https:\/\/ruraldentistry.ca\/fr\/regions\/bas-saint-laurent\/vivre\/","name":"Vivre - Dentisterie en milieu rural","isPartOf":{"@id":"https:\/\/ruraldentistry.ca\/#website"},"datePublished":"2013-08-14T01:10:19+00:00","dateModified":"2014-09-09T03:46:17+00:00","breadcrumb":{"@id":"https:\/\/ruraldentistry.ca\/fr\/regions\/bas-saint-laurent\/vivre\/#breadcrumb"},"inLanguage":"fr-FR","potentialAction":[{"@type":"ReadAction","target":["https:\/\/ruraldentistry.ca\/fr\/regions\/bas-saint-laurent\/vivre\/"]}]},{"@type":"BreadcrumbList","@id":"https:\/\/ruraldentistry.ca\/fr\/regions\/bas-saint-laurent\/vivre\/#breadcrumb","itemListElement":[{"@type":"ListItem","position":1,"name":"Accueil","item":"https:\/\/ruraldentistry.ca\/fr\/"},{"@type":"ListItem","position":2,"name":"R\u00e9gions","item":"https:\/\/ruraldentistry.ca\/fr\/regions\/"},{"@type":"ListItem","position":3,"name":"Bas-Saint-Laurent","item":"https:\/\/ruraldentistry.ca\/fr\/regions\/bas-saint-laurent\/"},{"@type":"ListItem","position":4,"name":"Vivre"}]},{"@type":"WebSite","@id":"https:\/\/ruraldentistry.ca\/#website","url":"https:\/\/ruraldentistry.ca\/","name":"Dentisterie en milieu rural","description":"Dentisterie en millieu rural et \u00e9loign\u00e9","potentialAction":[{"@type":"SearchAction","target":{"@type":"EntryPoint","urlTemplate":"https:\/\/ruraldentistry.ca\/?s={search_term_string}"},"query-input":"required name=search_term_string"}],"inLanguage":"fr-FR"}]}},"_links":{"self":[{"href":"https:\/\/ruraldentistry.ca\/fr\/wp-json\/wp\/v2\/pages\/217"}],"collection":[{"href":"https:\/\/ruraldentistry.ca\/fr\/wp-json\/wp\/v2\/pages"}],"about":[{"href":"https:\/\/ruraldentistry.ca\/fr\/wp-json\/wp\/v2\/types\/page"}],"author":[{"embeddable":true,"href":"https:\/\/ruraldentistry.ca\/fr\/wp-json\/wp\/v2\/users\/1"}],"replies":[{"embeddable":true,"href":"https:\/\/ruraldentistry.ca\/fr\/wp-json\/wp\/v2\/comments?post=217"}],"version-history":[{"count":17,"href":"https:\/\/ruraldentistry.ca\/fr\/wp-json\/wp\/v2\/pages\/217\/revisions"}],"predecessor-version":[{"id":2248,"href":"https:\/\/ruraldentistry.ca\/fr\/wp-json\/wp\/v2\/pages\/217\/revisions\/2248"}],"up":[{"embeddable":true,"href":"https:\/\/ruraldentistry.ca\/fr\/wp-json\/wp\/v2\/pages\/22"}],"wp:attachment":[{"href":"https:\/\/ruraldentistry.ca\/fr\/wp-json\/wp\/v2\/media?parent=217"}],"curies":[{"name":"wp","href":"https:\/\/api.w.org\/{rel}","templated":true}]}}