{"id":211,"date":"2013-08-13T21:07:34","date_gmt":"2013-08-14T01:07:34","guid":{"rendered":"https:\/\/ruraldentistry.ca\/?page_id=211"},"modified":"2014-09-08T23:37:01","modified_gmt":"2014-09-09T03:37:01","slug":"vivre","status":"publish","type":"page","link":"https:\/\/ruraldentistry.ca\/fr\/regions\/abitibi\/vivre\/","title":{"rendered":"Vivre"},"content":{"rendered":"<h2>Qualit\u00e9 de vie<\/h2>\n<p>En venant en Abitibi-T\u00e9miscamingue, vous choisissez de grands espaces et des paysages \u00e0 couper le souffle o\u00f9 vous pourrez vous amuser pendant votre temps libre, vous adonner \u00e0 vos activit\u00e9s sportives pr\u00e9f\u00e9r\u00e9es, passer du temps en famille et vous d\u00e9tendre (<a class=\"reference\" title=\"References list\" href=\"https:\/\/ruraldentistry.ca\/tools\/references-list\/#bourgault-et-al-2008\"><span class=\"label\">Bourgault et al., 2008<\/span><\/a>).<\/p>\n<p>La proximit\u00e9 et l\u2019entraide entre les T\u00e9miscabitibiens enrichissent les interactions sociales. Les gens se connaissent bien, ce qui favorise l\u2019\u00e9mergence de r\u00e9seaux de contacts et facilite l\u2019implication dans la communaut\u00e9. Par cons\u00e9quent, cette r\u00e9gion vous offre la possibilit\u00e9 de devenir un leader et de faire une vraie diff\u00e9rence en rassemblant vos opinions et vos id\u00e9es pour les mettre \u00e0 contribution.<\/p>\n<p>Beaucoup d&rsquo;\u00e9coles publiques offrent une vari\u00e9t\u00e9 de programmes tels que sport-\u00e9tudes, des programmes d&rsquo;\u00e9ducation internationale ainsi que des programmes sp\u00e9cialis\u00e9s tels que l&rsquo;anglais intensif qui peuvent \u00eatre adapt\u00e9es aux besoins des \u00e9l\u00e8ves (<a class=\"reference\" title=\"References list\" href=\"https:\/\/ruraldentistry.ca\/tools\/references-list\/#connaissance-\u00e9tendue\"><span class=\"label\">Connaissance \u00e9tendue<\/span><\/a>). Il a aussi un c\u00e9gep (coll\u00e8ge d&rsquo;enseignement g\u00e9n\u00e9ral et professionnel) et une universit\u00e9 sur le territoire.<\/p>\n<h2>Sports et loisirs<\/h2>\n<p>L\u2019Abitibi-T\u00e9miscamingue\u00a0\u00a0offre des installations sportives, culturelles et de loisirs dans la plupart des municipalit\u00e9s. Les amateurs de plein air seront ravis de pouvoir pratiquer une multitude de sports et de loisirs \u00e9t\u00e9 comme hiver (<a class=\"reference\" title=\"References list\" href=\"https:\/\/ruraldentistry.ca\/tools\/references-list\/#loisirs\"><span class=\"label\">Loisirs<\/span><\/a>). Voici quelques-unes des activit\u00e9s de plein air disponibles:<\/p>\n<ul>\n<li>Sports nautiques (kayak, ski nautique, cano\u00eb)<\/li>\n<li>Randonn\u00e9e p\u00e9destre<\/li>\n<li>V\u00e9lo<\/li>\n<li>VTT<\/li>\n<li>Raquette<\/li>\n<li>Ski de fond<\/li>\n<li>Planche \u00e0 neige et ski de fond<\/li>\n<li>Motoneige<\/li>\n<li>Chasse et p\u00eache<\/li>\n<\/ul>\n<h2>Activit\u00e9s culturelles<\/h2>\n<p>Cette r\u00e9gion vous donne aussi acc\u00e8s \u00e0 une vaste gamme d\u2019activit\u00e9s culturelles allant du <a href=\"http:\/\/www.festivalcinema.ca\/\">Festival du cin\u00e9ma international<\/a> au <a href=\"http:\/\/www.slat.qc.ca\/\">Salon du livre<\/a>. Depuis l\u2019an 2000, plus de 20 nouveaux festivals ont vu le jour dans cette r\u00e9gion durant l\u2019\u00e9t\u00e9, entres autres le <a href=\"http:\/\/www.festivaldhumour.com\/sites\/fhat\/main2.aspx\">Festival d\u2019humour<\/a> qui attire environ 20 000 personnes chaque ann\u00e9e et le <a href=\"https:\/\/www.fgmat.com\/\">Festival des guitares du monde<\/a> qui accueille les meilleurs guitaristes de la plan\u00e8te (<span class=\"label\"><a class=\"reference\" title=\"References list\" href=\"https:\/\/ruraldentistry.ca\/tools\/references-list\/#bonjour-qu\u00e9bec\">Bonjour Qu\u00e9bec<\/a>;<\/span>\u00a0<a title=\"References list\" href=\"https:\/\/ruraldentistry.ca\/tools\/references-list\/#vie-culturelle\"><span class=\"label\">Vie culturelle<\/span><\/a>).<\/p>\n","protected":false},"excerpt":{"rendered":"<p>Qualit\u00e9 de vie En venant en Abitibi-T\u00e9miscamingue, vous choisissez de grands espaces et des paysages \u00e0 couper le souffle o\u00f9 vous pourrez vous amuser pendant votre temps libre, vous adonner \u00e0 vos activit\u00e9s sportives pr\u00e9f\u00e9r\u00e9es, passer du temps en famille et vous d\u00e9tendre (Bourgault et al., 2008). La proximit\u00e9 et l\u2019entraide entre les T\u00e9miscabitibiens enrichissent [&hellip;]<\/p>\n","protected":false},"author":1,"featured_media":0,"parent":20,"menu_order":0,"comment_status":"closed","ping_status":"closed","template":"","meta":{"ngg_post_thumbnail":0,"footnotes":""},"yoast_head":"<!-- This site is optimized with the Yoast SEO plugin v20.8 - https:\/\/yoast.com\/wordpress\/plugins\/seo\/ -->\n<title>Vivre - Dentisterie en milieu rural<\/title>\n<meta name=\"robots\" content=\"index, follow, max-snippet:-1, max-image-preview:large, max-video-preview:-1\" \/>\n<link rel=\"canonical\" href=\"https:\/\/ruraldentistry.ca\/fr\/regions\/abitibi\/vivre\/\" \/>\n<meta property=\"og:locale\" content=\"fr_FR\" \/>\n<meta property=\"og:type\" content=\"article\" \/>\n<meta property=\"og:title\" content=\"Vivre - Dentisterie en milieu rural\" \/>\n<meta property=\"og:description\" content=\"Qualit\u00e9 de vie En venant en Abitibi-T\u00e9miscamingue, vous choisissez de grands espaces et des paysages \u00e0 couper le souffle o\u00f9 vous pourrez vous amuser pendant votre temps libre, vous adonner \u00e0 vos activit\u00e9s sportives pr\u00e9f\u00e9r\u00e9es, passer du temps en famille et vous d\u00e9tendre (Bourgault et al., 2008). La proximit\u00e9 et l\u2019entraide entre les T\u00e9miscabitibiens enrichissent [&hellip;]\" \/>\n<meta property=\"og:url\" content=\"https:\/\/ruraldentistry.ca\/fr\/regions\/abitibi\/vivre\/\" \/>\n<meta property=\"og:site_name\" content=\"Dentisterie en milieu rural\" \/>\n<meta property=\"article:modified_time\" content=\"2014-09-09T03:37:01+00:00\" \/>\n<meta name=\"twitter:label1\" content=\"Est. reading time\" \/>\n\t<meta name=\"twitter:data1\" content=\"2 minutes\" \/>\n<script type=\"application\/ld+json\" class=\"yoast-schema-graph\">{\"@context\":\"https:\/\/schema.org\",\"@graph\":[{\"@type\":\"WebPage\",\"@id\":\"https:\/\/ruraldentistry.ca\/fr\/regions\/abitibi\/vivre\/\",\"url\":\"https:\/\/ruraldentistry.ca\/fr\/regions\/abitibi\/vivre\/\",\"name\":\"Vivre - Dentisterie en milieu rural\",\"isPartOf\":{\"@id\":\"https:\/\/ruraldentistry.ca\/#website\"},\"datePublished\":\"2013-08-14T01:07:34+00:00\",\"dateModified\":\"2014-09-09T03:37:01+00:00\",\"breadcrumb\":{\"@id\":\"https:\/\/ruraldentistry.ca\/fr\/regions\/abitibi\/vivre\/#breadcrumb\"},\"inLanguage\":\"fr-FR\",\"potentialAction\":[{\"@type\":\"ReadAction\",\"target\":[\"https:\/\/ruraldentistry.ca\/fr\/regions\/abitibi\/vivre\/\"]}]},{\"@type\":\"BreadcrumbList\",\"@id\":\"https:\/\/ruraldentistry.ca\/fr\/regions\/abitibi\/vivre\/#breadcrumb\",\"itemListElement\":[{\"@type\":\"ListItem\",\"position\":1,\"name\":\"Accueil\",\"item\":\"https:\/\/ruraldentistry.ca\/fr\/\"},{\"@type\":\"ListItem\",\"position\":2,\"name\":\"R\u00e9gions\",\"item\":\"https:\/\/ruraldentistry.ca\/fr\/regions\/\"},{\"@type\":\"ListItem\",\"position\":3,\"name\":\"Abitibi-T\u00e9miscamingue\",\"item\":\"https:\/\/ruraldentistry.ca\/fr\/regions\/abitibi\/\"},{\"@type\":\"ListItem\",\"position\":4,\"name\":\"Vivre\"}]},{\"@type\":\"WebSite\",\"@id\":\"https:\/\/ruraldentistry.ca\/#website\",\"url\":\"https:\/\/ruraldentistry.ca\/\",\"name\":\"Dentisterie en milieu rural\",\"description\":\"Dentisterie en millieu rural et \u00e9loign\u00e9\",\"potentialAction\":[{\"@type\":\"SearchAction\",\"target\":{\"@type\":\"EntryPoint\",\"urlTemplate\":\"https:\/\/ruraldentistry.ca\/?s={search_term_string}\"},\"query-input\":\"required name=search_term_string\"}],\"inLanguage\":\"fr-FR\"}]}<\/script>\n<!-- \/ Yoast SEO plugin. -->","yoast_head_json":{"title":"Vivre - Dentisterie en milieu rural","robots":{"index":"index","follow":"follow","max-snippet":"max-snippet:-1","max-image-preview":"max-image-preview:large","max-video-preview":"max-video-preview:-1"},"canonical":"https:\/\/ruraldentistry.ca\/fr\/regions\/abitibi\/vivre\/","og_locale":"fr_FR","og_type":"article","og_title":"Vivre - Dentisterie en milieu rural","og_description":"Qualit\u00e9 de vie En venant en Abitibi-T\u00e9miscamingue, vous choisissez de grands espaces et des paysages \u00e0 couper le souffle o\u00f9 vous pourrez vous amuser pendant votre temps libre, vous adonner \u00e0 vos activit\u00e9s sportives pr\u00e9f\u00e9r\u00e9es, passer du temps en famille et vous d\u00e9tendre (Bourgault et al., 2008). La proximit\u00e9 et l\u2019entraide entre les T\u00e9miscabitibiens enrichissent [&hellip;]","og_url":"https:\/\/ruraldentistry.ca\/fr\/regions\/abitibi\/vivre\/","og_site_name":"Dentisterie en milieu rural","article_modified_time":"2014-09-09T03:37:01+00:00","twitter_misc":{"Est. reading time":"2 minutes"},"schema":{"@context":"https:\/\/schema.org","@graph":[{"@type":"WebPage","@id":"https:\/\/ruraldentistry.ca\/fr\/regions\/abitibi\/vivre\/","url":"https:\/\/ruraldentistry.ca\/fr\/regions\/abitibi\/vivre\/","name":"Vivre - Dentisterie en milieu rural","isPartOf":{"@id":"https:\/\/ruraldentistry.ca\/#website"},"datePublished":"2013-08-14T01:07:34+00:00","dateModified":"2014-09-09T03:37:01+00:00","breadcrumb":{"@id":"https:\/\/ruraldentistry.ca\/fr\/regions\/abitibi\/vivre\/#breadcrumb"},"inLanguage":"fr-FR","potentialAction":[{"@type":"ReadAction","target":["https:\/\/ruraldentistry.ca\/fr\/regions\/abitibi\/vivre\/"]}]},{"@type":"BreadcrumbList","@id":"https:\/\/ruraldentistry.ca\/fr\/regions\/abitibi\/vivre\/#breadcrumb","itemListElement":[{"@type":"ListItem","position":1,"name":"Accueil","item":"https:\/\/ruraldentistry.ca\/fr\/"},{"@type":"ListItem","position":2,"name":"R\u00e9gions","item":"https:\/\/ruraldentistry.ca\/fr\/regions\/"},{"@type":"ListItem","position":3,"name":"Abitibi-T\u00e9miscamingue","item":"https:\/\/ruraldentistry.ca\/fr\/regions\/abitibi\/"},{"@type":"ListItem","position":4,"name":"Vivre"}]},{"@type":"WebSite","@id":"https:\/\/ruraldentistry.ca\/#website","url":"https:\/\/ruraldentistry.ca\/","name":"Dentisterie en milieu rural","description":"Dentisterie en millieu rural et \u00e9loign\u00e9","potentialAction":[{"@type":"SearchAction","target":{"@type":"EntryPoint","urlTemplate":"https:\/\/ruraldentistry.ca\/?s={search_term_string}"},"query-input":"required name=search_term_string"}],"inLanguage":"fr-FR"}]}},"_links":{"self":[{"href":"https:\/\/ruraldentistry.ca\/fr\/wp-json\/wp\/v2\/pages\/211"}],"collection":[{"href":"https:\/\/ruraldentistry.ca\/fr\/wp-json\/wp\/v2\/pages"}],"about":[{"href":"https:\/\/ruraldentistry.ca\/fr\/wp-json\/wp\/v2\/types\/page"}],"author":[{"embeddable":true,"href":"https:\/\/ruraldentistry.ca\/fr\/wp-json\/wp\/v2\/users\/1"}],"replies":[{"embeddable":true,"href":"https:\/\/ruraldentistry.ca\/fr\/wp-json\/wp\/v2\/comments?post=211"}],"version-history":[{"count":20,"href":"https:\/\/ruraldentistry.ca\/fr\/wp-json\/wp\/v2\/pages\/211\/revisions"}],"predecessor-version":[{"id":2245,"href":"https:\/\/ruraldentistry.ca\/fr\/wp-json\/wp\/v2\/pages\/211\/revisions\/2245"}],"up":[{"embeddable":true,"href":"https:\/\/ruraldentistry.ca\/fr\/wp-json\/wp\/v2\/pages\/20"}],"wp:attachment":[{"href":"https:\/\/ruraldentistry.ca\/fr\/wp-json\/wp\/v2\/media?parent=211"}],"curies":[{"name":"wp","href":"https:\/\/api.w.org\/{rel}","templated":true}]}}