{"id":20,"date":"2013-08-07T15:35:03","date_gmt":"2013-08-07T19:35:03","guid":{"rendered":"https:\/\/ruraldentistry.ca\/?page_id=20"},"modified":"2014-09-08T23:34:23","modified_gmt":"2014-09-09T03:34:23","slug":"abitibi","status":"publish","type":"page","link":"https:\/\/ruraldentistry.ca\/fr\/regions\/abitibi\/","title":{"rendered":"Abitibi-T\u00e9miscamingue"},"content":{"rendered":"<h2><img decoding=\"async\" loading=\"lazy\" class=\" wp-image-1112 alignleft\" style=\"margin: 0 10px 10px 0px;\" src=\"https:\/\/ruraldentistry.ca\/wp-content\/uploads\/2013\/08\/jpg\/ABITIBI-T\u00c9MISCAMINGUE-4.jpg\" alt=\"ABITIBI-T\u00c9MISCAMINGUE 4\" width=\"400\" height=\"267\" srcset=\"https:\/\/ruraldentistry.ca\/wp-content\/uploads\/2013\/08\/jpg\/ABITIBI-T\u00c9MISCAMINGUE-4.jpg 500w, https:\/\/ruraldentistry.ca\/wp-content\/uploads\/2013\/08\/jpg\/ABITIBI-T\u00c9MISCAMINGUE-4-300x200.jpg 300w, https:\/\/ruraldentistry.ca\/wp-content\/uploads\/2013\/08\/jpg\/ABITIBI-T\u00c9MISCAMINGUE-4-150x100.jpg 150w\" sizes=\"(max-width: 400px) 100vw, 400px\" \/>Survol<\/h2>\n<p>Le territoire du T\u00e9miscamingue est consid\u00e9r\u00e9 comme rural, alors que l\u2019Abitibi est beaucoup plus urbaine. Il y a environ 36% de T\u00e9miscabitiens vivant dans les zones rurales (<a class=\"reference\" title=\"References list\" href=\"https:\/\/ruraldentistry.ca\/tools\/references-list\/#leblanc-patrice-2010\"><span class=\"label\">Leblanc. Patrice, 2010<\/span><\/a>). Connu pour ses ressources naturelles, \u00a0l&rsquo;Abitibi-T\u00e9misacmingue est une vaste r\u00e9gion administrative situ\u00e9e dans l&rsquo;ouest du Qu\u00e9bec, tr\u00e8s appr\u00e9ci\u00e9e par les T\u00e9miscabitibiens pour son style de vie attrayant. Toutefois, il s&rsquo;agit d&rsquo;une r\u00e9gion peu connue pour de nombreux Qu\u00e9b\u00e9cois et m\u00e9rite d&rsquo;\u00eatre d\u00e9couverte (<a class=\"reference\" title=\"References list\" href=\"https:\/\/ruraldentistry.ca\/fr\/outils\/liste-references\/#bourgault-et-al-2008\"><span class=\"label\">Bourgault et al., 2008<\/span><\/a>).<\/p>\n<h2>Au service d&rsquo;une r\u00e9gion en plein essor<\/h2>\n<p style=\"text-align: justify;\">L\u2019\u00e9conomie de l\u2019Abitibi-T\u00e9miscamingue va pour le mieux gr\u00e2ce au boom minier. Plusieurs nouveaux projets miniers vont bient\u00f4t voir le jour, ce qui cr\u00e9era beaucoup d\u2019emplois dans ce secteur. Les salaires y sont tr\u00e8s bons et sont accompagn\u00e9s d\u2019avantages sociaux. La sant\u00e9 de l\u2019\u00e9conomie pourrait donc avoir un impact sur les cliniques dentaires de la r\u00e9gion.<\/p>\n<h2>Distribution des professionnels en sant\u00e9 buccodentaire<\/h2>\n<p>Les dentistes de la r\u00e9gion de l\u2019Abitibi-T\u00e9miscamingue sont les plus enclins \u00e0 pratiquer en groupe parmi ceux de toutes les r\u00e9gions du Qu\u00e9bec. En effet, 79% des dentistes de l\u2019Abitibi-T\u00e9miscamingue pratiquent en groupe, contrairement \u00e0 61% pour le reste de la province de Qu\u00e9bec.<\/p>\n<p>L\u2019effectif des professionnels en sant\u00e9 buccodentaire se concentre principalement dans les centres urbains comme Amos, Rouyn-Noranda et Val-d\u2019Or. Toutefois, les r\u00e9gions rurales dans le sud de l\u2019Abitibi-T\u00e9miscamingue sont tr\u00e8s peu desservies. Ces r\u00e9gions poss\u00e8dent le ratio dentistes \/ population le plus bas de la province, et le temps d&rsquo;attente pour un contr\u00f4le de routine peut s&rsquo;\u00e9tendre jusqu\u2019\u00e0 6 mois \u00e0 certains endroits (<span class=\"label\"><a class=\"reference\" title=\"References list\" href=\"https:\/\/ruraldentistry.ca\/fr\/outils\/liste-references\/#odq-2010\">ODQ, 2010<\/a>;\u00a0<\/span><a class=\"reference\" title=\"References list\" href=\"https:\/\/ruraldentistry.ca\/fr\/outils\/liste-references\/#radio-canada-2010\"><span class=\"label\">Radio Canada, 2010<\/span><\/a>). Beaucoup de dentistes ne prennent plus de nouveaux patients et la situation peut encore s&rsquo;aggraver en raison du d\u00e9part \u00e0 la retraite et la transition de certains dentistes \u00e0 une pratique plus sp\u00e9cialis\u00e9e (<a class=\"reference\" title=\"References list\" href=\"https:\/\/ruraldentistry.ca\/fr\/outils\/liste-references\/#sant\u00e9-et-services-sociaux\"><span class=\"label\">Sant\u00e9 et services sociaux<\/span><\/a>).<\/p>\n","protected":false},"excerpt":{"rendered":"<p>Survol Le territoire du T\u00e9miscamingue est consid\u00e9r\u00e9 comme rural, alors que l\u2019Abitibi est beaucoup plus urbaine. Il y a environ 36% de T\u00e9miscabitiens vivant dans les zones rurales (Leblanc. Patrice, 2010). Connu pour ses ressources naturelles, \u00a0l&rsquo;Abitibi-T\u00e9misacmingue est une vaste r\u00e9gion administrative situ\u00e9e dans l&rsquo;ouest du Qu\u00e9bec, tr\u00e8s appr\u00e9ci\u00e9e par les T\u00e9miscabitibiens pour son style [&hellip;]<\/p>\n","protected":false},"author":1,"featured_media":0,"parent":18,"menu_order":0,"comment_status":"closed","ping_status":"closed","template":"","meta":{"ngg_post_thumbnail":0,"footnotes":""},"yoast_head":"<!-- This site is optimized with the Yoast SEO plugin v20.8 - https:\/\/yoast.com\/wordpress\/plugins\/seo\/ -->\n<title>Abitibi-T\u00e9miscamingue - Dentisterie en milieu rural<\/title>\n<meta name=\"robots\" content=\"index, follow, max-snippet:-1, max-image-preview:large, max-video-preview:-1\" \/>\n<link rel=\"canonical\" href=\"https:\/\/ruraldentistry.ca\/fr\/regions\/abitibi\/\" \/>\n<meta property=\"og:locale\" content=\"fr_FR\" \/>\n<meta property=\"og:type\" content=\"article\" \/>\n<meta property=\"og:title\" content=\"Abitibi-T\u00e9miscamingue - Dentisterie en milieu rural\" \/>\n<meta property=\"og:description\" content=\"Survol Le territoire du T\u00e9miscamingue est consid\u00e9r\u00e9 comme rural, alors que l\u2019Abitibi est beaucoup plus urbaine. Il y a environ 36% de T\u00e9miscabitiens vivant dans les zones rurales (Leblanc. Patrice, 2010). Connu pour ses ressources naturelles, \u00a0l&rsquo;Abitibi-T\u00e9misacmingue est une vaste r\u00e9gion administrative situ\u00e9e dans l&rsquo;ouest du Qu\u00e9bec, tr\u00e8s appr\u00e9ci\u00e9e par les T\u00e9miscabitibiens pour son style [&hellip;]\" \/>\n<meta property=\"og:url\" content=\"https:\/\/ruraldentistry.ca\/fr\/regions\/abitibi\/\" \/>\n<meta property=\"og:site_name\" content=\"Dentisterie en milieu rural\" \/>\n<meta property=\"article:modified_time\" content=\"2014-09-09T03:34:23+00:00\" \/>\n<meta name=\"twitter:label1\" content=\"Est. reading time\" \/>\n\t<meta name=\"twitter:data1\" content=\"2 minutes\" \/>\n<script type=\"application\/ld+json\" class=\"yoast-schema-graph\">{\"@context\":\"https:\/\/schema.org\",\"@graph\":[{\"@type\":\"WebPage\",\"@id\":\"https:\/\/ruraldentistry.ca\/fr\/regions\/abitibi\/\",\"url\":\"https:\/\/ruraldentistry.ca\/fr\/regions\/abitibi\/\",\"name\":\"Abitibi-T\u00e9miscamingue - Dentisterie en milieu rural\",\"isPartOf\":{\"@id\":\"https:\/\/ruraldentistry.ca\/#website\"},\"datePublished\":\"2013-08-07T19:35:03+00:00\",\"dateModified\":\"2014-09-09T03:34:23+00:00\",\"breadcrumb\":{\"@id\":\"https:\/\/ruraldentistry.ca\/fr\/regions\/abitibi\/#breadcrumb\"},\"inLanguage\":\"fr-FR\",\"potentialAction\":[{\"@type\":\"ReadAction\",\"target\":[\"https:\/\/ruraldentistry.ca\/fr\/regions\/abitibi\/\"]}]},{\"@type\":\"BreadcrumbList\",\"@id\":\"https:\/\/ruraldentistry.ca\/fr\/regions\/abitibi\/#breadcrumb\",\"itemListElement\":[{\"@type\":\"ListItem\",\"position\":1,\"name\":\"Accueil\",\"item\":\"https:\/\/ruraldentistry.ca\/fr\/\"},{\"@type\":\"ListItem\",\"position\":2,\"name\":\"R\u00e9gions\",\"item\":\"https:\/\/ruraldentistry.ca\/fr\/regions\/\"},{\"@type\":\"ListItem\",\"position\":3,\"name\":\"Abitibi-T\u00e9miscamingue\"}]},{\"@type\":\"WebSite\",\"@id\":\"https:\/\/ruraldentistry.ca\/#website\",\"url\":\"https:\/\/ruraldentistry.ca\/\",\"name\":\"Dentisterie en milieu rural\",\"description\":\"Dentisterie en millieu rural et \u00e9loign\u00e9\",\"potentialAction\":[{\"@type\":\"SearchAction\",\"target\":{\"@type\":\"EntryPoint\",\"urlTemplate\":\"https:\/\/ruraldentistry.ca\/?s={search_term_string}\"},\"query-input\":\"required name=search_term_string\"}],\"inLanguage\":\"fr-FR\"}]}<\/script>\n<!-- \/ Yoast SEO plugin. -->","yoast_head_json":{"title":"Abitibi-T\u00e9miscamingue - Dentisterie en milieu rural","robots":{"index":"index","follow":"follow","max-snippet":"max-snippet:-1","max-image-preview":"max-image-preview:large","max-video-preview":"max-video-preview:-1"},"canonical":"https:\/\/ruraldentistry.ca\/fr\/regions\/abitibi\/","og_locale":"fr_FR","og_type":"article","og_title":"Abitibi-T\u00e9miscamingue - Dentisterie en milieu rural","og_description":"Survol Le territoire du T\u00e9miscamingue est consid\u00e9r\u00e9 comme rural, alors que l\u2019Abitibi est beaucoup plus urbaine. Il y a environ 36% de T\u00e9miscabitiens vivant dans les zones rurales (Leblanc. Patrice, 2010). Connu pour ses ressources naturelles, \u00a0l&rsquo;Abitibi-T\u00e9misacmingue est une vaste r\u00e9gion administrative situ\u00e9e dans l&rsquo;ouest du Qu\u00e9bec, tr\u00e8s appr\u00e9ci\u00e9e par les T\u00e9miscabitibiens pour son style [&hellip;]","og_url":"https:\/\/ruraldentistry.ca\/fr\/regions\/abitibi\/","og_site_name":"Dentisterie en milieu rural","article_modified_time":"2014-09-09T03:34:23+00:00","twitter_misc":{"Est. reading time":"2 minutes"},"schema":{"@context":"https:\/\/schema.org","@graph":[{"@type":"WebPage","@id":"https:\/\/ruraldentistry.ca\/fr\/regions\/abitibi\/","url":"https:\/\/ruraldentistry.ca\/fr\/regions\/abitibi\/","name":"Abitibi-T\u00e9miscamingue - Dentisterie en milieu rural","isPartOf":{"@id":"https:\/\/ruraldentistry.ca\/#website"},"datePublished":"2013-08-07T19:35:03+00:00","dateModified":"2014-09-09T03:34:23+00:00","breadcrumb":{"@id":"https:\/\/ruraldentistry.ca\/fr\/regions\/abitibi\/#breadcrumb"},"inLanguage":"fr-FR","potentialAction":[{"@type":"ReadAction","target":["https:\/\/ruraldentistry.ca\/fr\/regions\/abitibi\/"]}]},{"@type":"BreadcrumbList","@id":"https:\/\/ruraldentistry.ca\/fr\/regions\/abitibi\/#breadcrumb","itemListElement":[{"@type":"ListItem","position":1,"name":"Accueil","item":"https:\/\/ruraldentistry.ca\/fr\/"},{"@type":"ListItem","position":2,"name":"R\u00e9gions","item":"https:\/\/ruraldentistry.ca\/fr\/regions\/"},{"@type":"ListItem","position":3,"name":"Abitibi-T\u00e9miscamingue"}]},{"@type":"WebSite","@id":"https:\/\/ruraldentistry.ca\/#website","url":"https:\/\/ruraldentistry.ca\/","name":"Dentisterie en milieu rural","description":"Dentisterie en millieu rural et \u00e9loign\u00e9","potentialAction":[{"@type":"SearchAction","target":{"@type":"EntryPoint","urlTemplate":"https:\/\/ruraldentistry.ca\/?s={search_term_string}"},"query-input":"required name=search_term_string"}],"inLanguage":"fr-FR"}]}},"_links":{"self":[{"href":"https:\/\/ruraldentistry.ca\/fr\/wp-json\/wp\/v2\/pages\/20"}],"collection":[{"href":"https:\/\/ruraldentistry.ca\/fr\/wp-json\/wp\/v2\/pages"}],"about":[{"href":"https:\/\/ruraldentistry.ca\/fr\/wp-json\/wp\/v2\/types\/page"}],"author":[{"embeddable":true,"href":"https:\/\/ruraldentistry.ca\/fr\/wp-json\/wp\/v2\/users\/1"}],"replies":[{"embeddable":true,"href":"https:\/\/ruraldentistry.ca\/fr\/wp-json\/wp\/v2\/comments?post=20"}],"version-history":[{"count":21,"href":"https:\/\/ruraldentistry.ca\/fr\/wp-json\/wp\/v2\/pages\/20\/revisions"}],"predecessor-version":[{"id":2244,"href":"https:\/\/ruraldentistry.ca\/fr\/wp-json\/wp\/v2\/pages\/20\/revisions\/2244"}],"up":[{"embeddable":true,"href":"https:\/\/ruraldentistry.ca\/fr\/wp-json\/wp\/v2\/pages\/18"}],"wp:attachment":[{"href":"https:\/\/ruraldentistry.ca\/fr\/wp-json\/wp\/v2\/media?parent=20"}],"curies":[{"name":"wp","href":"https:\/\/api.w.org\/{rel}","templated":true}]}}