{"id":15,"date":"2013-08-07T15:32:52","date_gmt":"2013-08-07T19:32:52","guid":{"rendered":"https:\/\/ruraldentistry.ca\/?page_id=15"},"modified":"2014-09-08T23:29:45","modified_gmt":"2014-09-09T03:29:45","slug":"financiers","status":"publish","type":"page","link":"https:\/\/ruraldentistry.ca\/fr\/avantages\/financiers\/","title":{"rendered":"Avantages financiers"},"content":{"rendered":"<h2>\u00catre un entrepreneur<\/h2>\n<div class=\"box-with-title\">\n<h2>Avantages financiers<\/h2>\n<ul>\n<li>Bassin de patients plus diversifi\u00e9.<\/li>\n<li>Moins d\u2019argent \u00e0 investir pour une nouvelle pratique.<\/li>\n<li>Co\u00fbts op\u00e9rationnels plus bas.<\/li>\n<li>Meilleures couvertures dentaires.<\/li>\n<\/ul>\n<\/div>\n<p>R\u00e9alisez le potentiel de croissance future de votre entreprise. Avec l&rsquo;augmentation des couts des entreprises et de l&rsquo;immobilier, s&rsquo;installer dans une communaut\u00e9 rurale ou \u00e9loign\u00e9e peut \u00eatre une d\u00e9cision financi\u00e8re tr\u00e8s rentable. Mis \u00e0 part les frais de subsistance significativement plus faibles, le grand besoin de traitements dentaires dans ces r\u00e9gions garantit un bon potentiel d\u2019\u00e9panouissement pour une pratique. Par cons\u00e9quent, l&rsquo;achat d&rsquo;un cabinet dentaire en r\u00e9gion peut s&rsquo;av\u00e9rer une bonne affaire (<a class=\"reference\" title=\"References list\" href=\"https:\/\/ruraldentistry.ca\/fr\/outils\/liste-references\/#r\u00e9gie-de-l\u2019assurance-maladie-qu\u00e9bec-2008\"><span class=\"label\">R\u00e9gie de l\u2019assurance maladie Qu\u00e9bec, 2008<\/span><\/a>). Comme la couverture d&rsquo;assurance dentaire est \u00e9galement plus compl\u00e8te, entreprendre un plan de traitement recommand\u00e9 pour les patients ne pose pas de probl\u00e8mes non plus\u00a0(<a class=\"reference\" title=\"References list\" href=\"https:\/\/ruraldentistry.ca\/fr\/outils\/liste-references\/#williams-j-2008\"><span class=\"label\">Williams. J, 2008<\/span><\/a>).<\/p>\n<h2>Cr\u00e9dit d&rsquo;imp\u00f4t\u00a0<strong>pour nouveau dipl\u00f4m\u00e9\u00a0<\/strong><\/h2>\n<p>En tant que nouveau dipl\u00f4m\u00e9, vous avez droit \u00e0 un cr\u00e9dit d\u2019imp\u00f4t non remboursable d\u2019une valeur maximale de 8000$ vers\u00e9 sur 3 ans si vous vous \u00e9tablissez et travaillez dans une des r\u00e9gions suivantes\u00a0\u00a0(<a class=\"reference\" title=\"References list\" href=\"https:\/\/ruraldentistry.ca\/fr\/outils\/liste-references\/#revenu-qu\u00e9bec-2010\"><span class=\"label\">Revenu Qu\u00e9bec, 2010<\/span><\/a>):<\/p>\n<ul>\n<li>\u00a0Bas-Saint-Laurent<\/li>\n<li>Saguenay-Lac-Saint-Jean<\/li>\n<li>Abitibi-T\u00e9miscamingue<\/li>\n<li>C\u00f4te-Nord<\/li>\n<li>Nord-du-Qu\u00e9bec<\/li>\n<li>\u00a0Gasp\u00e9sie-\u00celes-de-la-Madeleine<\/li>\n<li>MRC d\u2019Antoine-Labelle<\/li>\n<li>\u00a0MRC de la Vall\u00e9e-de-la-Gatineau<\/li>\n<li>MRC de M\u00e9kinac<\/li>\n<li>MRC de Pontiac<\/li>\n<li>La Tuque, La Bostonnais et Lac-\u00c9douard<\/li>\n<\/ul>\n<p>Consultez <a href=\"http:\/\/www.revenuquebec.ca\/fr\/sepf\/formulaires\/tp\/tp-776_1_nd.aspx\">Revenu Qu\u00e9bec <\/a>\u00a0pour plus de renseignements ou pour les formulaires d\u2019inscription.<\/p>\n","protected":false},"excerpt":{"rendered":"<p>\u00catre un entrepreneur Avantages financiers Bassin de patients plus diversifi\u00e9. Moins d\u2019argent \u00e0 investir pour une nouvelle pratique. Co\u00fbts op\u00e9rationnels plus bas. Meilleures couvertures dentaires. R\u00e9alisez le potentiel de croissance future de votre entreprise. Avec l&rsquo;augmentation des couts des entreprises et de l&rsquo;immobilier, s&rsquo;installer dans une communaut\u00e9 rurale ou \u00e9loign\u00e9e peut \u00eatre une d\u00e9cision financi\u00e8re [&hellip;]<\/p>\n","protected":false},"author":1,"featured_media":0,"parent":10,"menu_order":0,"comment_status":"closed","ping_status":"closed","template":"","meta":{"ngg_post_thumbnail":0,"footnotes":""},"yoast_head":"<!-- This site is optimized with the Yoast SEO plugin v20.8 - https:\/\/yoast.com\/wordpress\/plugins\/seo\/ -->\n<title>Avantages financiers - Dentisterie en milieu rural<\/title>\n<meta name=\"robots\" content=\"index, follow, max-snippet:-1, max-image-preview:large, max-video-preview:-1\" \/>\n<link rel=\"canonical\" href=\"https:\/\/ruraldentistry.ca\/fr\/avantages\/financiers\/\" \/>\n<meta property=\"og:locale\" content=\"fr_FR\" \/>\n<meta property=\"og:type\" content=\"article\" \/>\n<meta property=\"og:title\" content=\"Avantages financiers - Dentisterie en milieu rural\" \/>\n<meta property=\"og:description\" content=\"\u00catre un entrepreneur Avantages financiers Bassin de patients plus diversifi\u00e9. Moins d\u2019argent \u00e0 investir pour une nouvelle pratique. Co\u00fbts op\u00e9rationnels plus bas. Meilleures couvertures dentaires. R\u00e9alisez le potentiel de croissance future de votre entreprise. Avec l&rsquo;augmentation des couts des entreprises et de l&rsquo;immobilier, s&rsquo;installer dans une communaut\u00e9 rurale ou \u00e9loign\u00e9e peut \u00eatre une d\u00e9cision financi\u00e8re [&hellip;]\" \/>\n<meta property=\"og:url\" content=\"https:\/\/ruraldentistry.ca\/fr\/avantages\/financiers\/\" \/>\n<meta property=\"og:site_name\" content=\"Dentisterie en milieu rural\" \/>\n<meta property=\"article:modified_time\" content=\"2014-09-09T03:29:45+00:00\" \/>\n<meta name=\"twitter:label1\" content=\"Est. reading time\" \/>\n\t<meta name=\"twitter:data1\" content=\"1 minute\" \/>\n<script type=\"application\/ld+json\" class=\"yoast-schema-graph\">{\"@context\":\"https:\/\/schema.org\",\"@graph\":[{\"@type\":\"WebPage\",\"@id\":\"https:\/\/ruraldentistry.ca\/fr\/avantages\/financiers\/\",\"url\":\"https:\/\/ruraldentistry.ca\/fr\/avantages\/financiers\/\",\"name\":\"Avantages financiers - Dentisterie en milieu rural\",\"isPartOf\":{\"@id\":\"https:\/\/ruraldentistry.ca\/#website\"},\"datePublished\":\"2013-08-07T19:32:52+00:00\",\"dateModified\":\"2014-09-09T03:29:45+00:00\",\"breadcrumb\":{\"@id\":\"https:\/\/ruraldentistry.ca\/fr\/avantages\/financiers\/#breadcrumb\"},\"inLanguage\":\"fr-FR\",\"potentialAction\":[{\"@type\":\"ReadAction\",\"target\":[\"https:\/\/ruraldentistry.ca\/fr\/avantages\/financiers\/\"]}]},{\"@type\":\"BreadcrumbList\",\"@id\":\"https:\/\/ruraldentistry.ca\/fr\/avantages\/financiers\/#breadcrumb\",\"itemListElement\":[{\"@type\":\"ListItem\",\"position\":1,\"name\":\"Accueil\",\"item\":\"https:\/\/ruraldentistry.ca\/fr\/\"},{\"@type\":\"ListItem\",\"position\":2,\"name\":\"Avantages\",\"item\":\"https:\/\/ruraldentistry.ca\/fr\/avantages\/\"},{\"@type\":\"ListItem\",\"position\":3,\"name\":\"Avantages financiers\"}]},{\"@type\":\"WebSite\",\"@id\":\"https:\/\/ruraldentistry.ca\/#website\",\"url\":\"https:\/\/ruraldentistry.ca\/\",\"name\":\"Dentisterie en milieu rural\",\"description\":\"Dentisterie en millieu rural et \u00e9loign\u00e9\",\"potentialAction\":[{\"@type\":\"SearchAction\",\"target\":{\"@type\":\"EntryPoint\",\"urlTemplate\":\"https:\/\/ruraldentistry.ca\/?s={search_term_string}\"},\"query-input\":\"required name=search_term_string\"}],\"inLanguage\":\"fr-FR\"}]}<\/script>\n<!-- \/ Yoast SEO plugin. -->","yoast_head_json":{"title":"Avantages financiers - Dentisterie en milieu rural","robots":{"index":"index","follow":"follow","max-snippet":"max-snippet:-1","max-image-preview":"max-image-preview:large","max-video-preview":"max-video-preview:-1"},"canonical":"https:\/\/ruraldentistry.ca\/fr\/avantages\/financiers\/","og_locale":"fr_FR","og_type":"article","og_title":"Avantages financiers - Dentisterie en milieu rural","og_description":"\u00catre un entrepreneur Avantages financiers Bassin de patients plus diversifi\u00e9. Moins d\u2019argent \u00e0 investir pour une nouvelle pratique. Co\u00fbts op\u00e9rationnels plus bas. Meilleures couvertures dentaires. R\u00e9alisez le potentiel de croissance future de votre entreprise. Avec l&rsquo;augmentation des couts des entreprises et de l&rsquo;immobilier, s&rsquo;installer dans une communaut\u00e9 rurale ou \u00e9loign\u00e9e peut \u00eatre une d\u00e9cision financi\u00e8re [&hellip;]","og_url":"https:\/\/ruraldentistry.ca\/fr\/avantages\/financiers\/","og_site_name":"Dentisterie en milieu rural","article_modified_time":"2014-09-09T03:29:45+00:00","twitter_misc":{"Est. reading time":"1 minute"},"schema":{"@context":"https:\/\/schema.org","@graph":[{"@type":"WebPage","@id":"https:\/\/ruraldentistry.ca\/fr\/avantages\/financiers\/","url":"https:\/\/ruraldentistry.ca\/fr\/avantages\/financiers\/","name":"Avantages financiers - Dentisterie en milieu rural","isPartOf":{"@id":"https:\/\/ruraldentistry.ca\/#website"},"datePublished":"2013-08-07T19:32:52+00:00","dateModified":"2014-09-09T03:29:45+00:00","breadcrumb":{"@id":"https:\/\/ruraldentistry.ca\/fr\/avantages\/financiers\/#breadcrumb"},"inLanguage":"fr-FR","potentialAction":[{"@type":"ReadAction","target":["https:\/\/ruraldentistry.ca\/fr\/avantages\/financiers\/"]}]},{"@type":"BreadcrumbList","@id":"https:\/\/ruraldentistry.ca\/fr\/avantages\/financiers\/#breadcrumb","itemListElement":[{"@type":"ListItem","position":1,"name":"Accueil","item":"https:\/\/ruraldentistry.ca\/fr\/"},{"@type":"ListItem","position":2,"name":"Avantages","item":"https:\/\/ruraldentistry.ca\/fr\/avantages\/"},{"@type":"ListItem","position":3,"name":"Avantages financiers"}]},{"@type":"WebSite","@id":"https:\/\/ruraldentistry.ca\/#website","url":"https:\/\/ruraldentistry.ca\/","name":"Dentisterie en milieu rural","description":"Dentisterie en millieu rural et \u00e9loign\u00e9","potentialAction":[{"@type":"SearchAction","target":{"@type":"EntryPoint","urlTemplate":"https:\/\/ruraldentistry.ca\/?s={search_term_string}"},"query-input":"required name=search_term_string"}],"inLanguage":"fr-FR"}]}},"_links":{"self":[{"href":"https:\/\/ruraldentistry.ca\/fr\/wp-json\/wp\/v2\/pages\/15"}],"collection":[{"href":"https:\/\/ruraldentistry.ca\/fr\/wp-json\/wp\/v2\/pages"}],"about":[{"href":"https:\/\/ruraldentistry.ca\/fr\/wp-json\/wp\/v2\/types\/page"}],"author":[{"embeddable":true,"href":"https:\/\/ruraldentistry.ca\/fr\/wp-json\/wp\/v2\/users\/1"}],"replies":[{"embeddable":true,"href":"https:\/\/ruraldentistry.ca\/fr\/wp-json\/wp\/v2\/comments?post=15"}],"version-history":[{"count":30,"href":"https:\/\/ruraldentistry.ca\/fr\/wp-json\/wp\/v2\/pages\/15\/revisions"}],"predecessor-version":[{"id":2243,"href":"https:\/\/ruraldentistry.ca\/fr\/wp-json\/wp\/v2\/pages\/15\/revisions\/2243"}],"up":[{"embeddable":true,"href":"https:\/\/ruraldentistry.ca\/fr\/wp-json\/wp\/v2\/pages\/10"}],"wp:attachment":[{"href":"https:\/\/ruraldentistry.ca\/fr\/wp-json\/wp\/v2\/media?parent=15"}],"curies":[{"name":"wp","href":"https:\/\/api.w.org\/{rel}","templated":true}]}}