{"id":13,"date":"2013-08-07T15:31:57","date_gmt":"2013-08-07T19:31:57","guid":{"rendered":"https:\/\/ruraldentistry.ca\/?page_id=13"},"modified":"2014-09-08T23:25:26","modified_gmt":"2014-09-09T03:25:26","slug":"professionnels","status":"publish","type":"page","link":"https:\/\/ruraldentistry.ca\/fr\/avantages\/professionnels\/","title":{"rendered":"Avantages professionnels"},"content":{"rendered":"<h2>Une pratique diversifi\u00e9e<\/h2>\n<p>Les milieux ruraux favorisent la pratique d\u2019une dentisterie g\u00e9n\u00e9rale, non ax\u00e9e sur des actes sp\u00e9cialis\u00e9s (<a class=\"reference\" title=\"References list\" href=\"https:\/\/ruraldentistry.ca\/fr\/outils\/liste-references\/#r\u00e9gie-de-l\u2019assurance-maladie-qu\u00e9bec-2008\"><span class=\"label\">R\u00e9gie de l\u2019assurance maladie Qu\u00e9bec, 2008<\/span><\/a>). Le manque de dentistes et de sp\u00e9cialistes en sant\u00e9 buccodentaire dans certaines de ces r\u00e9gions vient donc favoriser ce type de pratique.<\/p>\n<p style=\"text-align: justify;\">L\u2019acc\u00e8s au savoir et aux connaissances n\u2019est plus compromis comme dans le pass\u00e9 gr\u00e2ce aux moyens de t\u00e9l\u00e9communication actuels. L\u2019internet permet d&rsquo;obtenir rapidement de l&rsquo;information sp\u00e9cialis\u00e9e et de briser le sentiment d&rsquo;isolement.<\/p>\n<h2>Implication et reconnaissance dans une petite communaut\u00e9<\/h2>\n<p>La pratique de la dentisterie dans une petite communaut\u00e9 peut aussi \u00eatre tr\u00e8s valorisante pour le professionnel. En effet, il devient beaucoup plus facile pour le professionnel de s\u2019impliquer et de faire une diff\u00e9rence pour les gens de sa communaut\u00e9.<\/p>\n<h2>Vivre une nouvelle exp\u00e9rience<\/h2>\n<p>Une bonne mani\u00e8re de vivre l\u2019exp\u00e9rience serait de chercher ou d\u2019accepter un stage clinique dans un milieu rural. Il s\u2019agit d\u2019une opportunit\u00e9 pour discuter des avantages et des d\u00e9savantages de la pratique en milieu rural avec un professionnel ayant de l\u2019exp\u00e9rience sur le terrain. En effet, ceci permettrait de d\u00e9couvrir s\u2019il s\u2019agit d\u2019un mode de vie qui vous convient.<\/p>\n<div class=\"box-with-title\">\n<h2>Dentisterie en milieu rural \u2013 avantages professionnels<\/h2>\n<div>\n<ul>\n<li>Autonomie professionnelle<\/li>\n<li>Horaire flexible<\/li>\n<li>Diversit\u00e9 des habilet\u00e9s cliniques<\/li>\n<li>Reconnaissance publique<\/li>\n<\/ul>\n<\/div>\n<\/div>\n","protected":false},"excerpt":{"rendered":"<p>Une pratique diversifi\u00e9e Les milieux ruraux favorisent la pratique d\u2019une dentisterie g\u00e9n\u00e9rale, non ax\u00e9e sur des actes sp\u00e9cialis\u00e9s (R\u00e9gie de l\u2019assurance maladie Qu\u00e9bec, 2008). Le manque de dentistes et de sp\u00e9cialistes en sant\u00e9 buccodentaire dans certaines de ces r\u00e9gions vient donc favoriser ce type de pratique. L\u2019acc\u00e8s au savoir et aux connaissances n\u2019est plus compromis [&hellip;]<\/p>\n","protected":false},"author":1,"featured_media":0,"parent":10,"menu_order":0,"comment_status":"closed","ping_status":"closed","template":"","meta":{"ngg_post_thumbnail":0,"footnotes":""},"yoast_head":"<!-- This site is optimized with the Yoast SEO plugin v20.8 - https:\/\/yoast.com\/wordpress\/plugins\/seo\/ -->\n<title>Avantages professionnels - Dentisterie en milieu rural<\/title>\n<meta name=\"robots\" content=\"index, follow, max-snippet:-1, max-image-preview:large, max-video-preview:-1\" \/>\n<link rel=\"canonical\" href=\"https:\/\/ruraldentistry.ca\/fr\/avantages\/professionnels\/\" \/>\n<meta property=\"og:locale\" content=\"fr_FR\" \/>\n<meta property=\"og:type\" content=\"article\" \/>\n<meta property=\"og:title\" content=\"Avantages professionnels - Dentisterie en milieu rural\" \/>\n<meta property=\"og:description\" content=\"Une pratique diversifi\u00e9e Les milieux ruraux favorisent la pratique d\u2019une dentisterie g\u00e9n\u00e9rale, non ax\u00e9e sur des actes sp\u00e9cialis\u00e9s (R\u00e9gie de l\u2019assurance maladie Qu\u00e9bec, 2008). Le manque de dentistes et de sp\u00e9cialistes en sant\u00e9 buccodentaire dans certaines de ces r\u00e9gions vient donc favoriser ce type de pratique. L\u2019acc\u00e8s au savoir et aux connaissances n\u2019est plus compromis [&hellip;]\" \/>\n<meta property=\"og:url\" content=\"https:\/\/ruraldentistry.ca\/fr\/avantages\/professionnels\/\" \/>\n<meta property=\"og:site_name\" content=\"Dentisterie en milieu rural\" \/>\n<meta property=\"article:modified_time\" content=\"2014-09-09T03:25:26+00:00\" \/>\n<meta name=\"twitter:label1\" content=\"Est. reading time\" \/>\n\t<meta name=\"twitter:data1\" content=\"1 minute\" \/>\n<script type=\"application\/ld+json\" class=\"yoast-schema-graph\">{\"@context\":\"https:\/\/schema.org\",\"@graph\":[{\"@type\":\"WebPage\",\"@id\":\"https:\/\/ruraldentistry.ca\/fr\/avantages\/professionnels\/\",\"url\":\"https:\/\/ruraldentistry.ca\/fr\/avantages\/professionnels\/\",\"name\":\"Avantages professionnels - Dentisterie en milieu rural\",\"isPartOf\":{\"@id\":\"https:\/\/ruraldentistry.ca\/#website\"},\"datePublished\":\"2013-08-07T19:31:57+00:00\",\"dateModified\":\"2014-09-09T03:25:26+00:00\",\"breadcrumb\":{\"@id\":\"https:\/\/ruraldentistry.ca\/fr\/avantages\/professionnels\/#breadcrumb\"},\"inLanguage\":\"fr-FR\",\"potentialAction\":[{\"@type\":\"ReadAction\",\"target\":[\"https:\/\/ruraldentistry.ca\/fr\/avantages\/professionnels\/\"]}]},{\"@type\":\"BreadcrumbList\",\"@id\":\"https:\/\/ruraldentistry.ca\/fr\/avantages\/professionnels\/#breadcrumb\",\"itemListElement\":[{\"@type\":\"ListItem\",\"position\":1,\"name\":\"Accueil\",\"item\":\"https:\/\/ruraldentistry.ca\/fr\/\"},{\"@type\":\"ListItem\",\"position\":2,\"name\":\"Avantages\",\"item\":\"https:\/\/ruraldentistry.ca\/fr\/avantages\/\"},{\"@type\":\"ListItem\",\"position\":3,\"name\":\"Avantages professionnels\"}]},{\"@type\":\"WebSite\",\"@id\":\"https:\/\/ruraldentistry.ca\/#website\",\"url\":\"https:\/\/ruraldentistry.ca\/\",\"name\":\"Dentisterie en milieu rural\",\"description\":\"Dentisterie en millieu rural et \u00e9loign\u00e9\",\"potentialAction\":[{\"@type\":\"SearchAction\",\"target\":{\"@type\":\"EntryPoint\",\"urlTemplate\":\"https:\/\/ruraldentistry.ca\/?s={search_term_string}\"},\"query-input\":\"required name=search_term_string\"}],\"inLanguage\":\"fr-FR\"}]}<\/script>\n<!-- \/ Yoast SEO plugin. -->","yoast_head_json":{"title":"Avantages professionnels - Dentisterie en milieu rural","robots":{"index":"index","follow":"follow","max-snippet":"max-snippet:-1","max-image-preview":"max-image-preview:large","max-video-preview":"max-video-preview:-1"},"canonical":"https:\/\/ruraldentistry.ca\/fr\/avantages\/professionnels\/","og_locale":"fr_FR","og_type":"article","og_title":"Avantages professionnels - Dentisterie en milieu rural","og_description":"Une pratique diversifi\u00e9e Les milieux ruraux favorisent la pratique d\u2019une dentisterie g\u00e9n\u00e9rale, non ax\u00e9e sur des actes sp\u00e9cialis\u00e9s (R\u00e9gie de l\u2019assurance maladie Qu\u00e9bec, 2008). Le manque de dentistes et de sp\u00e9cialistes en sant\u00e9 buccodentaire dans certaines de ces r\u00e9gions vient donc favoriser ce type de pratique. L\u2019acc\u00e8s au savoir et aux connaissances n\u2019est plus compromis [&hellip;]","og_url":"https:\/\/ruraldentistry.ca\/fr\/avantages\/professionnels\/","og_site_name":"Dentisterie en milieu rural","article_modified_time":"2014-09-09T03:25:26+00:00","twitter_misc":{"Est. reading time":"1 minute"},"schema":{"@context":"https:\/\/schema.org","@graph":[{"@type":"WebPage","@id":"https:\/\/ruraldentistry.ca\/fr\/avantages\/professionnels\/","url":"https:\/\/ruraldentistry.ca\/fr\/avantages\/professionnels\/","name":"Avantages professionnels - Dentisterie en milieu rural","isPartOf":{"@id":"https:\/\/ruraldentistry.ca\/#website"},"datePublished":"2013-08-07T19:31:57+00:00","dateModified":"2014-09-09T03:25:26+00:00","breadcrumb":{"@id":"https:\/\/ruraldentistry.ca\/fr\/avantages\/professionnels\/#breadcrumb"},"inLanguage":"fr-FR","potentialAction":[{"@type":"ReadAction","target":["https:\/\/ruraldentistry.ca\/fr\/avantages\/professionnels\/"]}]},{"@type":"BreadcrumbList","@id":"https:\/\/ruraldentistry.ca\/fr\/avantages\/professionnels\/#breadcrumb","itemListElement":[{"@type":"ListItem","position":1,"name":"Accueil","item":"https:\/\/ruraldentistry.ca\/fr\/"},{"@type":"ListItem","position":2,"name":"Avantages","item":"https:\/\/ruraldentistry.ca\/fr\/avantages\/"},{"@type":"ListItem","position":3,"name":"Avantages professionnels"}]},{"@type":"WebSite","@id":"https:\/\/ruraldentistry.ca\/#website","url":"https:\/\/ruraldentistry.ca\/","name":"Dentisterie en milieu rural","description":"Dentisterie en millieu rural et \u00e9loign\u00e9","potentialAction":[{"@type":"SearchAction","target":{"@type":"EntryPoint","urlTemplate":"https:\/\/ruraldentistry.ca\/?s={search_term_string}"},"query-input":"required name=search_term_string"}],"inLanguage":"fr-FR"}]}},"_links":{"self":[{"href":"https:\/\/ruraldentistry.ca\/fr\/wp-json\/wp\/v2\/pages\/13"}],"collection":[{"href":"https:\/\/ruraldentistry.ca\/fr\/wp-json\/wp\/v2\/pages"}],"about":[{"href":"https:\/\/ruraldentistry.ca\/fr\/wp-json\/wp\/v2\/types\/page"}],"author":[{"embeddable":true,"href":"https:\/\/ruraldentistry.ca\/fr\/wp-json\/wp\/v2\/users\/1"}],"replies":[{"embeddable":true,"href":"https:\/\/ruraldentistry.ca\/fr\/wp-json\/wp\/v2\/comments?post=13"}],"version-history":[{"count":20,"href":"https:\/\/ruraldentistry.ca\/fr\/wp-json\/wp\/v2\/pages\/13\/revisions"}],"predecessor-version":[{"id":2242,"href":"https:\/\/ruraldentistry.ca\/fr\/wp-json\/wp\/v2\/pages\/13\/revisions\/2242"}],"up":[{"embeddable":true,"href":"https:\/\/ruraldentistry.ca\/fr\/wp-json\/wp\/v2\/pages\/10"}],"wp:attachment":[{"href":"https:\/\/ruraldentistry.ca\/fr\/wp-json\/wp\/v2\/media?parent=13"}],"curies":[{"name":"wp","href":"https:\/\/api.w.org\/{rel}","templated":true}]}}