{"id":1164,"date":"2014-01-27T15:55:42","date_gmt":"2014-01-27T20:55:42","guid":{"rendered":"https:\/\/ruraldentistry.ca\/?page_id=1164"},"modified":"2014-04-28T08:49:16","modified_gmt":"2014-04-28T12:49:16","slug":"living","status":"publish","type":"page","link":"https:\/\/ruraldentistry.ca\/fr\/regions\/nord-du-quebec\/living\/","title":{"rendered":"Vivre"},"content":{"rendered":"<h2><b>Une multitude d\u2019avantages\u00a0<\/b><\/h2>\n<p>Des conditions salariales avantageuses s\u2019offrent \u00e0 vous avec une prime d\u2019\u00e9loignement variant de 5 335 $ \u00e0 15 441$. De plus, un logement meubl\u00e9 vous est fourni. Le Conseil Cri assume les frais de d\u00e9m\u00e9nagement et d\u2019entreposage et pour 3 \u00e0 4 voyages allers-retours par ann\u00e9e \u00e0 partir du lieu d\u2019embauche.<\/p>\n<h2><b>Services et activit\u00e9s\u00a0<\/b><\/h2>\n<p>Vous avez \u00e0 votre disposition dans la plupart des communaut\u00e9s une panoplie de services qui englobent les soins de sant\u00e9 et les installations sportives et d&rsquo;\u00e9ducation<\/p>\n<p>Vous pouvez \u00e9galement en profiter pour pratiquer de nombreuses activit\u00e9s de plein air telles que le patin, la motoneige, le v\u00e9lo, les sports nautiques, la chasse et la p\u00eache.<\/p>\n","protected":false},"excerpt":{"rendered":"<p>Une multitude d\u2019avantages\u00a0 Des conditions salariales avantageuses s\u2019offrent \u00e0 vous avec une prime d\u2019\u00e9loignement variant de 5 335 $ \u00e0 15 441$. De plus, un logement meubl\u00e9 vous est fourni. Le Conseil Cri assume les frais de d\u00e9m\u00e9nagement et d\u2019entreposage et pour 3 \u00e0 4 voyages allers-retours par ann\u00e9e \u00e0 partir du lieu d\u2019embauche. Services [&hellip;]<\/p>\n","protected":false},"author":3,"featured_media":0,"parent":70,"menu_order":0,"comment_status":"closed","ping_status":"closed","template":"","meta":{"ngg_post_thumbnail":0,"footnotes":""},"yoast_head":"<!-- This site is optimized with the Yoast SEO plugin v20.8 - https:\/\/yoast.com\/wordpress\/plugins\/seo\/ -->\n<title>Vivre - Dentisterie en milieu rural<\/title>\n<meta name=\"robots\" content=\"index, follow, max-snippet:-1, max-image-preview:large, max-video-preview:-1\" \/>\n<link rel=\"canonical\" href=\"https:\/\/ruraldentistry.ca\/fr\/regions\/nord-du-quebec\/living\/\" \/>\n<meta property=\"og:locale\" content=\"fr_FR\" \/>\n<meta property=\"og:type\" content=\"article\" \/>\n<meta property=\"og:title\" content=\"Vivre - Dentisterie en milieu rural\" \/>\n<meta property=\"og:description\" content=\"Une multitude d\u2019avantages\u00a0 Des conditions salariales avantageuses s\u2019offrent \u00e0 vous avec une prime d\u2019\u00e9loignement variant de 5 335 $ \u00e0 15 441$. De plus, un logement meubl\u00e9 vous est fourni. Le Conseil Cri assume les frais de d\u00e9m\u00e9nagement et d\u2019entreposage et pour 3 \u00e0 4 voyages allers-retours par ann\u00e9e \u00e0 partir du lieu d\u2019embauche. Services [&hellip;]\" \/>\n<meta property=\"og:url\" content=\"https:\/\/ruraldentistry.ca\/fr\/regions\/nord-du-quebec\/living\/\" \/>\n<meta property=\"og:site_name\" content=\"Dentisterie en milieu rural\" \/>\n<meta property=\"article:modified_time\" content=\"2014-04-28T12:49:16+00:00\" \/>\n<meta name=\"twitter:label1\" content=\"Est. reading time\" \/>\n\t<meta name=\"twitter:data1\" content=\"1 minute\" \/>\n<script type=\"application\/ld+json\" class=\"yoast-schema-graph\">{\"@context\":\"https:\/\/schema.org\",\"@graph\":[{\"@type\":\"WebPage\",\"@id\":\"https:\/\/ruraldentistry.ca\/fr\/regions\/nord-du-quebec\/living\/\",\"url\":\"https:\/\/ruraldentistry.ca\/fr\/regions\/nord-du-quebec\/living\/\",\"name\":\"Vivre - Dentisterie en milieu rural\",\"isPartOf\":{\"@id\":\"https:\/\/ruraldentistry.ca\/#website\"},\"datePublished\":\"2014-01-27T20:55:42+00:00\",\"dateModified\":\"2014-04-28T12:49:16+00:00\",\"breadcrumb\":{\"@id\":\"https:\/\/ruraldentistry.ca\/fr\/regions\/nord-du-quebec\/living\/#breadcrumb\"},\"inLanguage\":\"fr-FR\",\"potentialAction\":[{\"@type\":\"ReadAction\",\"target\":[\"https:\/\/ruraldentistry.ca\/fr\/regions\/nord-du-quebec\/living\/\"]}]},{\"@type\":\"BreadcrumbList\",\"@id\":\"https:\/\/ruraldentistry.ca\/fr\/regions\/nord-du-quebec\/living\/#breadcrumb\",\"itemListElement\":[{\"@type\":\"ListItem\",\"position\":1,\"name\":\"Accueil\",\"item\":\"https:\/\/ruraldentistry.ca\/fr\/\"},{\"@type\":\"ListItem\",\"position\":2,\"name\":\"R\u00e9gions\",\"item\":\"https:\/\/ruraldentistry.ca\/fr\/regions\/\"},{\"@type\":\"ListItem\",\"position\":3,\"name\":\"Nord-du-Qu\u00e9bec\",\"item\":\"https:\/\/ruraldentistry.ca\/fr\/regions\/nord-du-quebec\/\"},{\"@type\":\"ListItem\",\"position\":4,\"name\":\"Vivre\"}]},{\"@type\":\"WebSite\",\"@id\":\"https:\/\/ruraldentistry.ca\/#website\",\"url\":\"https:\/\/ruraldentistry.ca\/\",\"name\":\"Dentisterie en milieu rural\",\"description\":\"Dentisterie en millieu rural et \u00e9loign\u00e9\",\"potentialAction\":[{\"@type\":\"SearchAction\",\"target\":{\"@type\":\"EntryPoint\",\"urlTemplate\":\"https:\/\/ruraldentistry.ca\/?s={search_term_string}\"},\"query-input\":\"required name=search_term_string\"}],\"inLanguage\":\"fr-FR\"}]}<\/script>\n<!-- \/ Yoast SEO plugin. -->","yoast_head_json":{"title":"Vivre - Dentisterie en milieu rural","robots":{"index":"index","follow":"follow","max-snippet":"max-snippet:-1","max-image-preview":"max-image-preview:large","max-video-preview":"max-video-preview:-1"},"canonical":"https:\/\/ruraldentistry.ca\/fr\/regions\/nord-du-quebec\/living\/","og_locale":"fr_FR","og_type":"article","og_title":"Vivre - Dentisterie en milieu rural","og_description":"Une multitude d\u2019avantages\u00a0 Des conditions salariales avantageuses s\u2019offrent \u00e0 vous avec une prime d\u2019\u00e9loignement variant de 5 335 $ \u00e0 15 441$. De plus, un logement meubl\u00e9 vous est fourni. Le Conseil Cri assume les frais de d\u00e9m\u00e9nagement et d\u2019entreposage et pour 3 \u00e0 4 voyages allers-retours par ann\u00e9e \u00e0 partir du lieu d\u2019embauche. Services [&hellip;]","og_url":"https:\/\/ruraldentistry.ca\/fr\/regions\/nord-du-quebec\/living\/","og_site_name":"Dentisterie en milieu rural","article_modified_time":"2014-04-28T12:49:16+00:00","twitter_misc":{"Est. reading time":"1 minute"},"schema":{"@context":"https:\/\/schema.org","@graph":[{"@type":"WebPage","@id":"https:\/\/ruraldentistry.ca\/fr\/regions\/nord-du-quebec\/living\/","url":"https:\/\/ruraldentistry.ca\/fr\/regions\/nord-du-quebec\/living\/","name":"Vivre - Dentisterie en milieu rural","isPartOf":{"@id":"https:\/\/ruraldentistry.ca\/#website"},"datePublished":"2014-01-27T20:55:42+00:00","dateModified":"2014-04-28T12:49:16+00:00","breadcrumb":{"@id":"https:\/\/ruraldentistry.ca\/fr\/regions\/nord-du-quebec\/living\/#breadcrumb"},"inLanguage":"fr-FR","potentialAction":[{"@type":"ReadAction","target":["https:\/\/ruraldentistry.ca\/fr\/regions\/nord-du-quebec\/living\/"]}]},{"@type":"BreadcrumbList","@id":"https:\/\/ruraldentistry.ca\/fr\/regions\/nord-du-quebec\/living\/#breadcrumb","itemListElement":[{"@type":"ListItem","position":1,"name":"Accueil","item":"https:\/\/ruraldentistry.ca\/fr\/"},{"@type":"ListItem","position":2,"name":"R\u00e9gions","item":"https:\/\/ruraldentistry.ca\/fr\/regions\/"},{"@type":"ListItem","position":3,"name":"Nord-du-Qu\u00e9bec","item":"https:\/\/ruraldentistry.ca\/fr\/regions\/nord-du-quebec\/"},{"@type":"ListItem","position":4,"name":"Vivre"}]},{"@type":"WebSite","@id":"https:\/\/ruraldentistry.ca\/#website","url":"https:\/\/ruraldentistry.ca\/","name":"Dentisterie en milieu rural","description":"Dentisterie en millieu rural et \u00e9loign\u00e9","potentialAction":[{"@type":"SearchAction","target":{"@type":"EntryPoint","urlTemplate":"https:\/\/ruraldentistry.ca\/?s={search_term_string}"},"query-input":"required name=search_term_string"}],"inLanguage":"fr-FR"}]}},"_links":{"self":[{"href":"https:\/\/ruraldentistry.ca\/fr\/wp-json\/wp\/v2\/pages\/1164"}],"collection":[{"href":"https:\/\/ruraldentistry.ca\/fr\/wp-json\/wp\/v2\/pages"}],"about":[{"href":"https:\/\/ruraldentistry.ca\/fr\/wp-json\/wp\/v2\/types\/page"}],"author":[{"embeddable":true,"href":"https:\/\/ruraldentistry.ca\/fr\/wp-json\/wp\/v2\/users\/3"}],"replies":[{"embeddable":true,"href":"https:\/\/ruraldentistry.ca\/fr\/wp-json\/wp\/v2\/comments?post=1164"}],"version-history":[{"count":7,"href":"https:\/\/ruraldentistry.ca\/fr\/wp-json\/wp\/v2\/pages\/1164\/revisions"}],"predecessor-version":[{"id":1858,"href":"https:\/\/ruraldentistry.ca\/fr\/wp-json\/wp\/v2\/pages\/1164\/revisions\/1858"}],"up":[{"embeddable":true,"href":"https:\/\/ruraldentistry.ca\/fr\/wp-json\/wp\/v2\/pages\/70"}],"wp:attachment":[{"href":"https:\/\/ruraldentistry.ca\/fr\/wp-json\/wp\/v2\/media?parent=1164"}],"curies":[{"name":"wp","href":"https:\/\/api.w.org\/{rel}","templated":true}]}}