{"id":11,"date":"2013-08-07T15:31:04","date_gmt":"2013-08-07T19:31:04","guid":{"rendered":"https:\/\/ruraldentistry.ca\/?page_id=11"},"modified":"2014-09-08T23:22:34","modified_gmt":"2014-09-09T03:22:34","slug":"mode-de-vie","status":"publish","type":"page","link":"https:\/\/ruraldentistry.ca\/fr\/avantages\/mode-de-vie\/","title":{"rendered":"Mode de vie"},"content":{"rendered":"<h2>Prenez le temps de relaxer!<\/h2>\n<p>La profession de chirurgien-dentiste, tout comme les autres professions en sant\u00e9, est tr\u00e8s stressante. Ces contraintes peuvent conduire \u00e0 des maladies psychologiques comme l&rsquo;\u00e9puisement professionnel et la d\u00e9pression, ce qui peut \u00e9ventuellement affecter la famille et les proches. Il y a des preuves indiscutables sur l&rsquo;impact positif de la nature sur un individu et sur le bien-\u00eatre communautaire. L\u2019 effet tampon de la nature sert\u00a0\u00a0comme un facteur de protection ayant la capacit\u00e9 de soulager les contraintes et am\u00e9liorer la r\u00e9silience de l&rsquo;individu (<span class=\"label\"><a class=\"reference\" title=\"References list\" href=\"https:\/\/ruraldentistry.ca\/fr\/outils\/liste-references\/#cdp-2011\">CDP, 2011<\/a>;<\/span>\u00a0<a class=\"reference\" title=\"References list\" href=\"https:\/\/ruraldentistry.ca\/fr\/outils\/liste-references\/#paquette-martin-2011\"><span class=\"label\">Paquette. Martin, 2011<\/span><\/a>).<\/p>\n<p>Pratiquer la dentisterie dans une communaut\u00e9 rurale permet non seulement d\u2019\u00e9viter les embouteillages excessifs et le stress quotidien de la vie urbaine, mais offre \u00e9galement une routine de travail plus flexible, donnant ainsi le temps de se d\u00e9tendre en famille ou entre amis.<\/p>\n<h2>Profitez des activit\u00e9s de plein air<\/h2>\n<p>Les r\u00e9gions rurales sont bien s\u00fbr leslieux privil\u00e9gi\u00e9s pour\u00a0pratiquer\u00a0 une multitude d\u2019activit\u00e9s de plein air, \u00e9t\u00e9 comme hiver. Des paysages \u00e9poustouflants feront partie de votre quotidien.<\/p>\n<p>Voici quelques-unes des activit\u00e9s qui s\u2019offrent \u00e0 vous :<\/p>\n<ul>\n<li><a href=\"http:\/\/www.velo.qc.ca\/fr\/accueil\">V\u00e9lo<\/a>;<\/li>\n<li><a href=\"http:\/\/www.quebec-rando.com\/\">Randonn\u00e9e p\u00e9destre<\/a>;<\/li>\n<li><a href=\"http:\/\/www.accesgolf.com\/index.html\">Golf<\/a>;<\/li>\n<li><a href=\"http:\/\/www.campingquebec.com\/\">Camping<\/a>;<\/li>\n<li><a href=\"http:\/\/www.pourvoiries.com\/\">Chasse et p\u00eache<\/a>;<\/li>\n<li>La visite des <a href=\"http:\/\/www.sepaq.com\/pq\/\">parcs nationaux<\/a>;<\/li>\n<li><a href=\"http:\/\/www.bonjourquebec.com\/qc-fr\/ski-raquette.html\">Ski de fond<\/a> et <a href=\"http:\/\/www.bonjourquebec.com\/qc-fr\/raquette.html#onglet\">raquette<\/a>.<\/li>\n<\/ul>\n<h2>Activit\u00e9s culturelles abondantes<\/h2>\n<p>Les festivit\u00e9s ont leur place dans les milieux ruraux puisque les communaut\u00e9s s\u2019impliquent beaucoup dans la r\u00e9alisation de tous ces projets (<a class=\"reference\" title=\"References list\" href=\"https:\/\/ruraldentistry.ca\/fr\/outils\/liste-references\/#festival-western-st-tite-2010\"><span class=\"label\">Festival Western St-Tite, 2010<\/span><\/a>). Les r\u00e9gions rurales proposent une vari\u00e9t\u00e9 d\u2019activit\u00e9s culturelles \u00e0 saveur locale qui refl\u00e8tent les int\u00e9r\u00eats diversifi\u00e9s des r\u00e9sidents (<a class=\"reference\" title=\"References list\" href=\"https:\/\/ruraldentistry.ca\/fr\/outils\/liste-references\/#opportunit\u00e9s-pour-le-canada-rural-2007\"><span class=\"label\">Opportunit\u00e9s pour le Canada rural, 2007<\/span><\/a>). Certaines r\u00e9gions rurales re\u00e7oivent aussi des artistes qu\u00e9b\u00e9cois d\u2019envergure (chanteurs et humoristes) dans leurs salles de spectacles r\u00e9gionales.<\/p>\n<p><a href=\"http:\/\/www.gouv.qc.ca\/portail\/quebec\/international\/general\/arts\/?lang=en\">Pour plus d\u2019information<\/a><\/p>\n<h2>Qualit\u00e9 du milieu de vie sup\u00e9rieure \u00e0 la ville<\/h2>\n<p>S&rsquo;adapter joyeusement \u00e0 un style de vie en dehors de votre routine de travail vous laisse beaucoup de temps pour profiter de la nature et de diverses activit\u00e9s culturelles avec la famille et les amis. Vous n&rsquo;avez pas \u00e0 vous soucier d&rsquo;\u00eatre d\u00e9connect\u00e9 des m\u00e9dias sociaux, puisque vous pouvez \u00eatre toujours en ligne. En 2011, 95% des m\u00e9nages canadiens avaient acc\u00e8s \u00e0 Internet haute vitesse, au t\u00e9l\u00e9phone, au c\u00e2ble ou au r\u00e9seau sans fil (<a class=\"reference\" title=\"References list\" href=\"https:\/\/ruraldentistry.ca\/fr\/outils\/liste-references\/#crtc-2011\"><span class=\"label\">CRTC, 2011<\/span><\/a>).<\/p>\n<p>Les soins de sant\u00e9 sont aussi accessibles puisqu\u2019environ les deux tiers des r\u00e9sidents des localit\u00e9s rurales et petites villes canadiennes ont \u00e0 parcourir moins de 5 km pour consulter un m\u00e9decin de famille (<a class=\"reference\" title=\"References list\" href=\"https:\/\/ruraldentistry.ca\/fr\/outils\/liste-references\/#statistics-canada-1999\"><span class=\"label\">Statistics Canada, 1999<\/span><\/a>).<\/p>\n<h2>Une belle vie familiale<\/h2>\n<p>Pour celles et ceux qui ont une famille, les r\u00e9gions rurales offrent un choix d\u2019\u00e9coles relativement large. Certaines d\u2019entre elles comptent des \u00e9coles offrant des programmes d\u2019\u00e9ducation internationale, d\u2019anglais intensif et des programmes sp\u00e9cialis\u00e9s tels arts-\u00e9tudes et sports-\u00e9tudes\u00a0\u00a0(<a class=\"reference\" title=\"References list\" href=\"https:\/\/ruraldentistry.ca\/fr\/outils\/liste-references\/#m\u00e9tiers-qu\u00e9bec-2011\"><span class=\"label\">M\u00e9tiers Qu\u00e9bec, 2011<\/span><\/a>). Vos enfants peuvent aussi b\u00e9n\u00e9ficier de cours particuliers puisque ces services sont relativement moins chers et plus abordables dans les zones rurales. Les r\u00e9gions \u00e9loign\u00e9es du Qu\u00e9bec offrent une vari\u00e9t\u00e9 d\u2019emplois pour participer \u00e0 l\u2019\u00e9conomie locale ou pour offrir des services aux populations. Beaucoup de ces opportunit\u00e9s d&#8217;emploi sont dans le domaine de l&rsquo;\u00e9ducation et de la sant\u00e9 (<a class=\"reference\" title=\"References list\" href=\"https:\/\/ruraldentistry.ca\/fr\/outils\/liste-references\/#emploi-sant\u00e9-2011\"><span class=\"label\">Emploi sant\u00e9, 2011<\/span><\/a>).<\/p>\n<p>Consultez <a href=\"http:\/\/placement.emploiquebec.net\/mbe\/ut\/rechroffr\/erechroffr.asp?CL=french\">Emploi Qu\u00e9bec<\/a> pour voir les offres d&#8217;emplois par r\u00e9gion.<\/p>\n","protected":false},"excerpt":{"rendered":"<p>Prenez le temps de relaxer! La profession de chirurgien-dentiste, tout comme les autres professions en sant\u00e9, est tr\u00e8s stressante. Ces contraintes peuvent conduire \u00e0 des maladies psychologiques comme l&rsquo;\u00e9puisement professionnel et la d\u00e9pression, ce qui peut \u00e9ventuellement affecter la famille et les proches. Il y a des preuves indiscutables sur l&rsquo;impact positif de la nature [&hellip;]<\/p>\n","protected":false},"author":1,"featured_media":0,"parent":10,"menu_order":0,"comment_status":"closed","ping_status":"closed","template":"","meta":{"ngg_post_thumbnail":0,"footnotes":""},"yoast_head":"<!-- This site is optimized with the Yoast SEO plugin v20.8 - https:\/\/yoast.com\/wordpress\/plugins\/seo\/ -->\n<title>Mode de vie - Dentisterie en milieu rural<\/title>\n<meta name=\"robots\" content=\"index, follow, max-snippet:-1, max-image-preview:large, max-video-preview:-1\" \/>\n<link rel=\"canonical\" href=\"https:\/\/ruraldentistry.ca\/fr\/avantages\/mode-de-vie\/\" \/>\n<meta property=\"og:locale\" content=\"fr_FR\" \/>\n<meta property=\"og:type\" content=\"article\" \/>\n<meta property=\"og:title\" content=\"Mode de vie - Dentisterie en milieu rural\" \/>\n<meta property=\"og:description\" content=\"Prenez le temps de relaxer! La profession de chirurgien-dentiste, tout comme les autres professions en sant\u00e9, est tr\u00e8s stressante. Ces contraintes peuvent conduire \u00e0 des maladies psychologiques comme l&rsquo;\u00e9puisement professionnel et la d\u00e9pression, ce qui peut \u00e9ventuellement affecter la famille et les proches. Il y a des preuves indiscutables sur l&rsquo;impact positif de la nature [&hellip;]\" \/>\n<meta property=\"og:url\" content=\"https:\/\/ruraldentistry.ca\/fr\/avantages\/mode-de-vie\/\" \/>\n<meta property=\"og:site_name\" content=\"Dentisterie en milieu rural\" \/>\n<meta property=\"article:modified_time\" content=\"2014-09-09T03:22:34+00:00\" \/>\n<meta name=\"twitter:label1\" content=\"Est. reading time\" \/>\n\t<meta name=\"twitter:data1\" content=\"3 minutes\" \/>\n<script type=\"application\/ld+json\" class=\"yoast-schema-graph\">{\"@context\":\"https:\/\/schema.org\",\"@graph\":[{\"@type\":\"WebPage\",\"@id\":\"https:\/\/ruraldentistry.ca\/fr\/avantages\/mode-de-vie\/\",\"url\":\"https:\/\/ruraldentistry.ca\/fr\/avantages\/mode-de-vie\/\",\"name\":\"Mode de vie - Dentisterie en milieu rural\",\"isPartOf\":{\"@id\":\"https:\/\/ruraldentistry.ca\/#website\"},\"datePublished\":\"2013-08-07T19:31:04+00:00\",\"dateModified\":\"2014-09-09T03:22:34+00:00\",\"breadcrumb\":{\"@id\":\"https:\/\/ruraldentistry.ca\/fr\/avantages\/mode-de-vie\/#breadcrumb\"},\"inLanguage\":\"fr-FR\",\"potentialAction\":[{\"@type\":\"ReadAction\",\"target\":[\"https:\/\/ruraldentistry.ca\/fr\/avantages\/mode-de-vie\/\"]}]},{\"@type\":\"BreadcrumbList\",\"@id\":\"https:\/\/ruraldentistry.ca\/fr\/avantages\/mode-de-vie\/#breadcrumb\",\"itemListElement\":[{\"@type\":\"ListItem\",\"position\":1,\"name\":\"Accueil\",\"item\":\"https:\/\/ruraldentistry.ca\/fr\/\"},{\"@type\":\"ListItem\",\"position\":2,\"name\":\"Avantages\",\"item\":\"https:\/\/ruraldentistry.ca\/fr\/avantages\/\"},{\"@type\":\"ListItem\",\"position\":3,\"name\":\"Mode de vie\"}]},{\"@type\":\"WebSite\",\"@id\":\"https:\/\/ruraldentistry.ca\/#website\",\"url\":\"https:\/\/ruraldentistry.ca\/\",\"name\":\"Dentisterie en milieu rural\",\"description\":\"Dentisterie en millieu rural et \u00e9loign\u00e9\",\"potentialAction\":[{\"@type\":\"SearchAction\",\"target\":{\"@type\":\"EntryPoint\",\"urlTemplate\":\"https:\/\/ruraldentistry.ca\/?s={search_term_string}\"},\"query-input\":\"required name=search_term_string\"}],\"inLanguage\":\"fr-FR\"}]}<\/script>\n<!-- \/ Yoast SEO plugin. -->","yoast_head_json":{"title":"Mode de vie - Dentisterie en milieu rural","robots":{"index":"index","follow":"follow","max-snippet":"max-snippet:-1","max-image-preview":"max-image-preview:large","max-video-preview":"max-video-preview:-1"},"canonical":"https:\/\/ruraldentistry.ca\/fr\/avantages\/mode-de-vie\/","og_locale":"fr_FR","og_type":"article","og_title":"Mode de vie - Dentisterie en milieu rural","og_description":"Prenez le temps de relaxer! La profession de chirurgien-dentiste, tout comme les autres professions en sant\u00e9, est tr\u00e8s stressante. Ces contraintes peuvent conduire \u00e0 des maladies psychologiques comme l&rsquo;\u00e9puisement professionnel et la d\u00e9pression, ce qui peut \u00e9ventuellement affecter la famille et les proches. Il y a des preuves indiscutables sur l&rsquo;impact positif de la nature [&hellip;]","og_url":"https:\/\/ruraldentistry.ca\/fr\/avantages\/mode-de-vie\/","og_site_name":"Dentisterie en milieu rural","article_modified_time":"2014-09-09T03:22:34+00:00","twitter_misc":{"Est. reading time":"3 minutes"},"schema":{"@context":"https:\/\/schema.org","@graph":[{"@type":"WebPage","@id":"https:\/\/ruraldentistry.ca\/fr\/avantages\/mode-de-vie\/","url":"https:\/\/ruraldentistry.ca\/fr\/avantages\/mode-de-vie\/","name":"Mode de vie - Dentisterie en milieu rural","isPartOf":{"@id":"https:\/\/ruraldentistry.ca\/#website"},"datePublished":"2013-08-07T19:31:04+00:00","dateModified":"2014-09-09T03:22:34+00:00","breadcrumb":{"@id":"https:\/\/ruraldentistry.ca\/fr\/avantages\/mode-de-vie\/#breadcrumb"},"inLanguage":"fr-FR","potentialAction":[{"@type":"ReadAction","target":["https:\/\/ruraldentistry.ca\/fr\/avantages\/mode-de-vie\/"]}]},{"@type":"BreadcrumbList","@id":"https:\/\/ruraldentistry.ca\/fr\/avantages\/mode-de-vie\/#breadcrumb","itemListElement":[{"@type":"ListItem","position":1,"name":"Accueil","item":"https:\/\/ruraldentistry.ca\/fr\/"},{"@type":"ListItem","position":2,"name":"Avantages","item":"https:\/\/ruraldentistry.ca\/fr\/avantages\/"},{"@type":"ListItem","position":3,"name":"Mode de vie"}]},{"@type":"WebSite","@id":"https:\/\/ruraldentistry.ca\/#website","url":"https:\/\/ruraldentistry.ca\/","name":"Dentisterie en milieu rural","description":"Dentisterie en millieu rural et \u00e9loign\u00e9","potentialAction":[{"@type":"SearchAction","target":{"@type":"EntryPoint","urlTemplate":"https:\/\/ruraldentistry.ca\/?s={search_term_string}"},"query-input":"required name=search_term_string"}],"inLanguage":"fr-FR"}]}},"_links":{"self":[{"href":"https:\/\/ruraldentistry.ca\/fr\/wp-json\/wp\/v2\/pages\/11"}],"collection":[{"href":"https:\/\/ruraldentistry.ca\/fr\/wp-json\/wp\/v2\/pages"}],"about":[{"href":"https:\/\/ruraldentistry.ca\/fr\/wp-json\/wp\/v2\/types\/page"}],"author":[{"embeddable":true,"href":"https:\/\/ruraldentistry.ca\/fr\/wp-json\/wp\/v2\/users\/1"}],"replies":[{"embeddable":true,"href":"https:\/\/ruraldentistry.ca\/fr\/wp-json\/wp\/v2\/comments?post=11"}],"version-history":[{"count":24,"href":"https:\/\/ruraldentistry.ca\/fr\/wp-json\/wp\/v2\/pages\/11\/revisions"}],"predecessor-version":[{"id":2241,"href":"https:\/\/ruraldentistry.ca\/fr\/wp-json\/wp\/v2\/pages\/11\/revisions\/2241"}],"up":[{"embeddable":true,"href":"https:\/\/ruraldentistry.ca\/fr\/wp-json\/wp\/v2\/pages\/10"}],"wp:attachment":[{"href":"https:\/\/ruraldentistry.ca\/fr\/wp-json\/wp\/v2\/media?parent=11"}],"curies":[{"name":"wp","href":"https:\/\/api.w.org\/{rel}","templated":true}]}}